{"id":10,"date":"2023-04-19T19:46:19","date_gmt":"2023-04-19T19:46:19","guid":{"rendered":"https:\/\/clientes.desarrolloespacios.com\/vgindustrial\/?page_id=10"},"modified":"2023-09-26T17:41:47","modified_gmt":"2023-09-26T17:41:47","slug":"home","status":"publish","type":"page","link":"https:\/\/webs.elegot.com\/s\/vgindustrial\/","title":{"rendered":"Home"},"content":{"rendered":"<section class=\"wpb-content-wrapper\"><p>[vc_section css=&#8221;.vc_custom_1682007813322{margin-top: -20px !important;}&#8221; conditional_render=&#8221;%5B%7B%22value_role%22%3A%22administrator%22%7D%5D&#8221;][vc_row][vc_column]\n\t\t\t<!-- START Slider 1 REVOLUTION SLIDER 6.6.12 --><p class=\"rs-p-wp-fix\"><\/p>\n\t\t\t<rs-module-wrap id=\"rev_slider_1_1_wrapper\" data-source=\"gallery\" style=\"visibility:hidden;background:transparent;padding:0;margin:0px auto;margin-top:0;margin-bottom:0;\">\n\t\t\t\t<rs-module id=\"rev_slider_1_1\" style=\"\" data-version=\"6.6.12\">\n\t\t\t\t\t<rs-slides style=\"overflow: hidden; position: absolute;\">\n\t\t\t\t\t\t<rs-slide style=\"position: absolute;\" data-key=\"rs-1\" data-title=\"Slide\" data-anim=\"p:dark;\" data-in=\"o:0;sx:0.6;sy:0.6;\" data-out=\"o:0;sx:1.6;sy:1.6;\">\n\t\t\t\t\t\t\t<img decoding=\"async\" src=\"\/\/webs.elegot.com\/s\/vgindustrial\/wp-content\/plugins\/revslider\/public\/assets\/assets\/dummy.png\" alt=\"\" title=\"iStock-1220498285\" width=\"1440\" height=\"531\" class=\"rev-slidebg tp-rs-img rs-lazyload\" data-lazyload=\"\/\/webs.elegot.com\/s\/vgindustrial\/wp-content\/uploads\/2023\/04\/iStock-1220498285-1.png\" data-bg=\"p:center top;\" data-no-retina>\n<!--\n\t\t\t\t\t\t\t--><rs-layer\n\t\t\t\t\t\t\t\tid=\"slider-1-slide-1-layer-0\" \n\t\t\t\t\t\t\t\tdata-type=\"shape\"\n\t\t\t\t\t\t\t\tdata-rsp_ch=\"on\"\n\t\t\t\t\t\t\t\tdata-xy=\"x:c;y:c;\"\n\t\t\t\t\t\t\t\tdata-text=\"w:normal;\"\n\t\t\t\t\t\t\t\tdata-dim=\"w:100%;h:100%;\"\n\t\t\t\t\t\t\t\tdata-basealign=\"slide\"\n\t\t\t\t\t\t\t\tdata-frame_999=\"o:0;st:w;sR:8700;\"\n\t\t\t\t\t\t\t\tstyle=\"z-index:6;background-color:rgba(0,0,0,0.5);\"\n\t\t\t\t\t\t\t> \n\t\t\t\t\t\t\t<\/rs-layer><!--\n\n\t\t\t\t\t\t\t--><rs-layer\n\t\t\t\t\t\t\t\tid=\"slider-1-slide-1-layer-1\" \n\t\t\t\t\t\t\t\tdata-type=\"text\"\n\t\t\t\t\t\t\t\tdata-color=\"#ffffff\"\n\t\t\t\t\t\t\t\tdata-rsp_ch=\"on\"\n\t\t\t\t\t\t\t\tdata-xy=\"x:c;y:c;yo:-61px;\"\n\t\t\t\t\t\t\t\tdata-text=\"w:normal;s:51;l:80;fw:700;a:center;\"\n\t\t\t\t\t\t\t\tdata-frame_0=\"y:50;\"\n\t\t\t\t\t\t\t\tdata-frame_1=\"st:480;sp:1810;sR:480;\"\n\t\t\t\t\t\t\t\tdata-frame_999=\"o:0;st:w;sR:6710;\"\n\t\t\t\t\t\t\t\tstyle=\"z-index:8;font-family:'Roboto';\"\n\t\t\t\t\t\t\t>Uniformes de Calidad \n\t\t\t\t\t\t\t<\/rs-layer><!--\n\n\t\t\t\t\t\t\t--><rs-layer\n\t\t\t\t\t\t\t\tid=\"slider-1-slide-1-layer-2\" \n\t\t\t\t\t\t\t\tdata-type=\"text\"\n\t\t\t\t\t\t\t\tdata-color=\"#ffffff\"\n\t\t\t\t\t\t\t\tdata-rsp_ch=\"on\"\n\t\t\t\t\t\t\t\tdata-xy=\"x:c;xo:4px;y:c;yo:54px;\"\n\t\t\t\t\t\t\t\tdata-text=\"w:normal;s:30;l:36;fw:300;a:center;\"\n\t\t\t\t\t\t\t\tdata-dim=\"w:845px;\"\n\t\t\t\t\t\t\t\tdata-frame_0=\"y:50;\"\n\t\t\t\t\t\t\t\tdata-frame_1=\"st:480;sp:1810;sR:480;\"\n\t\t\t\t\t\t\t\tdata-frame_999=\"o:0;st:w;sR:6710;\"\n\t\t\t\t\t\t\t\tstyle=\"z-index:7;font-family:'Roboto';\"\n\t\t\t\t\t\t\t>En VG Industrial, ofrecemos uniformes de alta calidad que garantizan comodidad y seguridad en el trabajo. \n\t\t\t\t\t\t\t<\/rs-layer><!--\n-->\t\t\t\t\t\t<\/rs-slide>\n\t\t\t\t\t<\/rs-slides>\n\t\t\t\t<\/rs-module>\n\t\t\t\t<script>\n\t\t\t\t\tsetREVStartSize({c: 'rev_slider_1_1',rl:[1240,1024,778,480],el:[550],gw:[1240],gh:[550],type:'standard',justify:'',layout:'fullwidth',mh:\"0\"});if (window.RS_MODULES!==undefined && window.RS_MODULES.modules!==undefined && window.RS_MODULES.modules[\"revslider11\"]!==undefined) {window.RS_MODULES.modules[\"revslider11\"].once = false;window.revapi1 = undefined;if (window.RS_MODULES.checkMinimal!==undefined) window.RS_MODULES.checkMinimal()}\n\t\t\t\t<\/script>\n\t\t\t<\/rs-module-wrap>\n\t\t\t<!-- END REVOLUTION SLIDER -->\n[\/vc_column][\/vc_row][\/vc_section][vc_section content_placement=&#8221;middle&#8221; css=&#8221;.vc_custom_1682014614576{padding-top: 80px !important;padding-bottom: 80px !important;}&#8221; conditional_render=&#8221;%5B%7B%22value_role%22%3A%22administrator%22%7D%5D&#8221;][vc_row el_class=&#8221;row-intro-custom&#8221; conditional_render=&#8221;%5B%7B%22value_role%22%3A%22administrator%22%7D%5D&#8221;][vc_column][vc_column_text]<\/p>\n<h2 style=\"text-align: center;\">VG Industrial<\/h2>\n<p>[\/vc_column_text][vc_column_text css=&#8221;.vc_custom_1695703039541{margin-bottom: 45px !important;}&#8221;]<\/p>\n<p style=\"text-align: center;\"><strong>Grupo VG Industrial<\/strong> es un integrado de servicios, conformado por dos empresas 100% mexicanas y especializadas en cubrir las necesidades b\u00e1sicas del d\u00eda a d\u00eda laboral: La necesidad de un trabajo seguro, as\u00ed como la de tener siempre una buena imagen.<\/p>\n<p style=\"text-align: center;\">El cubrir estas necesidades es lo que nos ha convertido en una empresa reconocida en la industria textil y de los insumos para prevenci\u00f3n de riesgos laborales.<\/p>\n<p>[\/vc_column_text][\/vc_column][\/vc_row][vc_row][vc_column width=&#8221;1\/3&#8243;][vc_single_image image=&#8221;65&#8243; img_size=&#8221;full&#8221; alignment=&#8221;center&#8221;][vc_column_text]<\/p>\n<h3 style=\"text-align: center;\">CALIDAD Y DURABILIDAD<\/h3>\n<p>[\/vc_column_text][\/vc_column][vc_column width=&#8221;1\/3&#8243;][vc_single_image image=&#8221;73&#8243; img_size=&#8221;full&#8221; alignment=&#8221;center&#8221;][vc_column_text]<\/p>\n<h3 style=\"text-align: center;\">SERVICIO A DOMICILIO<\/h3>\n<p>[\/vc_column_text][\/vc_column][vc_column width=&#8221;1\/3&#8243;][vc_single_image image=&#8221;64&#8243; img_size=&#8221;full&#8221; alignment=&#8221;center&#8221;][vc_column_text]<\/p>\n<h3 style=\"text-align: center;\">EMPAQUES PERSONALIZADOS<\/h3>\n<p>[\/vc_column_text][\/vc_column][\/vc_row][\/vc_section][vc_section full_width=&#8221;stretch_row&#8221; content_placement=&#8221;middle&#8221; css=&#8221;.vc_custom_1682015891311{padding-top: 50px !important;padding-bottom: 80px !important;background-color: #fbfbfb !important;}&#8221; conditional_render=&#8221;%5B%7B%22value_role%22%3A%22administrator%22%7D%5D&#8221;][vc_row conditional_render=&#8221;%5B%7B%22value_role%22%3A%22administrator%22%7D%5D&#8221; el_class=&#8221;row-tabs&#8221;][vc_column][vc_column_text]<\/p>\n<h2 style=\"text-align: center;\">UNIFORMES<\/h2>\n<p>[\/vc_column_text][vc_tta_tabs style=&#8221;flat&#8221; color=&#8221;white&#8221; active_section=&#8221;1&#8243; no_fill_content_area=&#8221;true&#8221;][vc_tta_section title=&#8221;INDUSTRIALES&#8221; tab_id=&#8221;1682015992160-d072d9d0-388f&#8221;][vc_row_inner css=&#8221;.vc_custom_1682017825652{margin-top: 50px !important;}&#8221;][vc_column_inner width=&#8221;1\/4&#8243;][vc_single_image image=&#8221;423&#8243; img_size=&#8221;full&#8221; alignment=&#8221;center&#8221; onclick=&#8221;custom_link&#8221; css=&#8221;.vc_custom_1695748575571{margin-bottom: 0px !important;}&#8221; link=&#8221;https:\/\/webs.elegot.com\/s\/vgindustrial\/?portfolio=dickies-catalogo-2022&#8243; label=&#8221;&#8221;][vc_btn title=&#8221;REDKAP&#8221; color=&#8221;white&#8221; css=&#8221;.vc_custom_1695748876402{margin-bottom: 0px !important;}&#8221; link=&#8221;url:https%3A%2F%2Fclientes.desarrolloespacios.com%2Fvgindustrial%2Fwp-content%2Fuploads%2F2023%2F08%2FCATALOGO-REDKAP.pdf|target:_blank&#8221;][\/vc_column_inner][vc_column_inner width=&#8221;1\/4&#8243;][vc_single_image image=&#8221;424&#8243; img_size=&#8221;full&#8221; alignment=&#8221;center&#8221; css=&#8221;.vc_custom_1695748603806{margin-bottom: 0px !important;}&#8221; label=&#8221;&#8221;][vc_btn title=&#8221;Dickies 2023&#8243; color=&#8221;white&#8221; css=&#8221;.vc_custom_1695748843137{margin-bottom: 0px !important;}&#8221; link=&#8221;url:https%3A%2F%2Fclientes.desarrolloespacios.com%2Fvgindustrial%2Fwp-content%2Fuploads%2F2023%2F08%2FDickies-2023-1.pdf|target:_blank&#8221;][\/vc_column_inner][vc_column_inner width=&#8221;1\/4&#8243;][vc_single_image image=&#8221;428&#8243; img_size=&#8221;full&#8221; alignment=&#8221;center&#8221; css=&#8221;.vc_custom_1695748636850{margin-bottom: 0px !important;}&#8221; label=&#8221;&#8221;][vc_btn title=&#8221;Lapco&#8221; color=&#8221;white&#8221; css=&#8221;.vc_custom_1695748890450{margin-bottom: 0px !important;}&#8221; link=&#8221;url:https%3A%2F%2Fclientes.desarrolloespacios.com%2Fvgindustrial%2Fwp-content%2Fuploads%2F2023%2F08%2FLAPCO-2023-VG.pdf|target:_blank&#8221;][\/vc_column_inner][vc_column_inner width=&#8221;1\/4&#8243;][vc_single_image image=&#8221;429&#8243; img_size=&#8221;full&#8221; alignment=&#8221;center&#8221; css=&#8221;.vc_custom_1695748673382{margin-bottom: 0px !important;}&#8221; label=&#8221;&#8221;][vc_btn title=&#8221;Nissi&#8221; color=&#8221;white&#8221; css=&#8221;.vc_custom_1695748680381{margin-bottom: 0px !important;}&#8221;][\/vc_column_inner][\/vc_row_inner][\/vc_tta_section][vc_tta_section title=&#8221;ADMINISTRATIVOS&#8221; tab_id=&#8221;1682015992184-3aab972e-3785&#8243;][vc_row_inner css=&#8221;.vc_custom_1682017825652{margin-top: 50px !important;}&#8221;][vc_column_inner width=&#8221;1\/4&#8243;][vc_single_image image=&#8221;410&#8243; img_size=&#8221;full&#8221; alignment=&#8221;center&#8221; css=&#8221;.vc_custom_1695748763599{margin-bottom: 0px !important;}&#8221; label=&#8221;&#8221;][vc_btn title=&#8221;PREZENZA 2023&#8243; color=&#8221;white&#8221; css=&#8221;.vc_custom_1695749246314{margin-bottom: 0px !important;}&#8221; link=&#8221;url:https%3A%2F%2Fclientes.desarrolloespacios.com%2Fvgindustrial%2Fwp-content%2Fuploads%2F2023%2F08%2FPREZENZA-2023.pdf|target:_blank&#8221;][\/vc_column_inner][vc_column_inner width=&#8221;1\/4&#8243;][vc_single_image image=&#8221;411&#8243; img_size=&#8221;full&#8221; alignment=&#8221;center&#8221; css=&#8221;.vc_custom_1695748932838{margin-bottom: 0px !important;}&#8221; label=&#8221;&#8221;][vc_btn title=&#8221;Big Bang VG&#8221; color=&#8221;white&#8221; css=&#8221;.vc_custom_1695749199083{margin-bottom: 0px !important;}&#8221; link=&#8221;url:https%3A%2F%2Fclientes.desarrolloespacios.com%2Fvgindustrial%2Fwp-content%2Fuploads%2F2023%2F08%2FBig-Bang-VG-2023.pdf|target:_blank&#8221;][\/vc_column_inner][vc_column_inner width=&#8221;1\/4&#8243;][vc_single_image image=&#8221;412&#8243; img_size=&#8221;full&#8221; alignment=&#8221;center&#8221; css=&#8221;.vc_custom_1695748998550{margin-bottom: 0px !important;}&#8221; label=&#8221;&#8221;][vc_btn title=&#8221;DACACHE&#8221; color=&#8221;white&#8221; css=&#8221;.vc_custom_1695749191471{margin-bottom: 0px !important;}&#8221; link=&#8221;url:https%3A%2F%2Fclientes.desarrolloespacios.com%2Fvgindustrial%2Fwp-content%2Fuploads%2F2023%2F08%2FCATALOGO-DACACHE.pdf|target:_blank&#8221;][\/vc_column_inner][vc_column_inner width=&#8221;1\/4&#8243;][vc_single_image image=&#8221;413&#8243; img_size=&#8221;full&#8221; alignment=&#8221;center&#8221; css=&#8221;.vc_custom_1695749091779{margin-bottom: 0px !important;}&#8221; label=&#8221;&#8221;][vc_btn title=&#8221;GMP 2023&#8243; color=&#8221;white&#8221; css=&#8221;.vc_custom_1695749172132{margin-bottom: 0px !important;}&#8221; link=&#8221;url:https%3A%2F%2Fclientes.desarrolloespacios.com%2Fvgindustrial%2Fwp-content%2Fuploads%2F2023%2F08%2FGMP-2023.pdf|target:_blank&#8221;][\/vc_column_inner][\/vc_row_inner][vc_row_inner css=&#8221;.vc_custom_1682017825652{margin-top: 50px !important;}&#8221;][vc_column_inner width=&#8221;1\/4&#8243;][vc_single_image image=&#8221;414&#8243; img_size=&#8221;full&#8221; alignment=&#8221;center&#8221; css=&#8221;.vc_custom_1695749149825{margin-bottom: 0px !important;}&#8221; label=&#8221;&#8221;][vc_btn title=&#8221;BIBO VG 2023&#8243; color=&#8221;white&#8221; css=&#8221;.vc_custom_1695749164685{margin-bottom: 0px !important;}&#8221; link=&#8221;url:https%3A%2F%2Fclientes.desarrolloespacios.com%2Fvgindustrial%2Fwp-content%2Fuploads%2F2023%2F08%2FBIBO-VG-2023.pdf|target:_blank&#8221;][\/vc_column_inner][vc_column_inner width=&#8221;1\/4&#8243;][\/vc_column_inner][vc_column_inner width=&#8221;1\/4&#8243;][\/vc_column_inner][vc_column_inner width=&#8221;1\/4&#8243;][\/vc_column_inner][\/vc_row_inner][\/vc_tta_section][vc_tta_section title=&#8221;LINEA CHEF&#8221; tab_id=&#8221;1682016187142-b61f7066-769f&#8221;][vc_row_inner css=&#8221;.vc_custom_1682017825652{margin-top: 50px !important;}&#8221;][vc_column_inner width=&#8221;1\/4&#8243;][vc_single_image image=&#8221;406&#8243; img_size=&#8221;full&#8221; alignment=&#8221;center&#8221; css=&#8221;.vc_custom_1695749295932{margin-bottom: 0px !important;}&#8221; label=&#8221;&#8221;][vc_btn title=&#8221;RED KAP&#8221; color=&#8221;white&#8221; css=&#8221;.vc_custom_1695749322565{margin-bottom: 0px !important;}&#8221; link=&#8221;url:https%3A%2F%2Fclientes.desarrolloespacios.com%2Fvgindustrial%2Fwp-content%2Fuploads%2F2023%2F08%2FREDKAP-Chef-50-71.pdf|target:_blank&#8221;][\/vc_column_inner][vc_column_inner width=&#8221;1\/4&#8243;][\/vc_column_inner][vc_column_inner width=&#8221;1\/4&#8243;][\/vc_column_inner][vc_column_inner width=&#8221;1\/4&#8243;][\/vc_column_inner][\/vc_row_inner][\/vc_tta_section][vc_tta_section title=&#8221;PLAYERAS&#8221; tab_id=&#8221;1682016194284-69729ff2-ad13&#8243;][vc_row_inner css=&#8221;.vc_custom_1682017825652{margin-top: 50px !important;}&#8221;][vc_column_inner width=&#8221;1\/4&#8243;][vc_single_image image=&#8221;395&#8243; img_size=&#8221;full&#8221; alignment=&#8221;center&#8221; css=&#8221;.vc_custom_1695749361526{margin-bottom: 0px !important;}&#8221; label=&#8221;&#8221;][vc_btn title=&#8221;Mayork 2023&#8243; color=&#8221;white&#8221; css=&#8221;.vc_custom_1695749450397{margin-bottom: 0px !important;}&#8221; link=&#8221;url:https%3A%2F%2Fclientes.desarrolloespacios.com%2Fvgindustrial%2Fwp-content%2Fuploads%2F2023%2F08%2FMayork-2023-1.pdf|target:_blank&#8221;][\/vc_column_inner][vc_column_inner width=&#8221;1\/4&#8243;][vc_single_image image=&#8221;396&#8243; img_size=&#8221;full&#8221; alignment=&#8221;center&#8221; css=&#8221;.vc_custom_1695749373599{margin-bottom: 0px !important;}&#8221; label=&#8221;&#8221;][vc_btn title=&#8221;Maxima Deportiva&#8221; color=&#8221;white&#8221; css=&#8221;.vc_custom_1695749506110{margin-bottom: 0px !important;}&#8221; link=&#8221;url:https%3A%2F%2Fclientes.desarrolloespacios.com%2Fvgindustrial%2Fwp-content%2Fuploads%2F2023%2F08%2FMaxima-Deportiva.pdf|target:_blank&#8221;][\/vc_column_inner][vc_column_inner width=&#8221;1\/4&#8243;][vc_single_image image=&#8221;397&#8243; img_size=&#8221;full&#8221; alignment=&#8221;center&#8221; css=&#8221;.vc_custom_1695749385521{margin-bottom: 0px !important;}&#8221; label=&#8221;&#8221;][vc_btn title=&#8221;Gildan 2023&#8243; color=&#8221;white&#8221; css=&#8221;.vc_custom_1695749521068{margin-bottom: 0px !important;}&#8221; link=&#8221;url:https%3A%2F%2Fclientes.desarrolloespacios.com%2Fvgindustrial%2Fwp-content%2Fuploads%2F2023%2F08%2FGildan-2023.pdf|target:_blank&#8221;][\/vc_column_inner][vc_column_inner width=&#8221;1\/4&#8243;][vc_single_image image=&#8221;398&#8243; img_size=&#8221;full&#8221; alignment=&#8221;center&#8221; css=&#8221;.vc_custom_1695749395635{margin-bottom: 0px !important;}&#8221; label=&#8221;&#8221;][vc_btn title=&#8221;Blue White 2023&#8243; color=&#8221;white&#8221; css=&#8221;.vc_custom_1695749554239{margin-bottom: 0px !important;}&#8221; link=&#8221;url:https%3A%2F%2Fclientes.desarrolloespacios.com%2Fvgindustrial%2Fwp-content%2Fuploads%2F2023%2F08%2FBlue-White-2023.pdf|target:_blank&#8221;][\/vc_column_inner][\/vc_row_inner][vc_row_inner css=&#8221;.vc_custom_1682017825652{margin-top: 50px !important;}&#8221;][vc_column_inner width=&#8221;1\/4&#8243;][vc_single_image image=&#8221;399&#8243; img_size=&#8221;full&#8221; alignment=&#8221;center&#8221; css=&#8221;.vc_custom_1695749415418{margin-bottom: 0px !important;}&#8221; label=&#8221;&#8221;][vc_btn title=&#8221;YAZBEK VG ENERO 23&#8243; color=&#8221;white&#8221; css=&#8221;.vc_custom_1695749609223{margin-bottom: 0px !important;}&#8221; link=&#8221;url:https%3A%2F%2Fclientes.desarrolloespacios.com%2Fvgindustrial%2Fwp-content%2Fuploads%2F2023%2F08%2FYAZBEK-VG-ENERO-23.pdf|target:_blank&#8221;][\/vc_column_inner][vc_column_inner width=&#8221;1\/4&#8243;][vc_single_image image=&#8221;401&#8243; img_size=&#8221;full&#8221; alignment=&#8221;center&#8221; css=&#8221;.vc_custom_1695749428445{margin-bottom: 0px !important;}&#8221; label=&#8221;&#8221;][vc_btn title=&#8221;REIMER FALL-WINTER 23&#8243; color=&#8221;white&#8221; css=&#8221;.vc_custom_1695749647018{margin-bottom: 0px !important;}&#8221; link=&#8221;url:https%3A%2F%2Fclientes.desarrolloespacios.com%2Fvgindustrial%2Fwp-content%2Fuploads%2F2023%2F08%2FCATALOGO-REIMER-FALL-WINTER-22-23.pdf|target:_blank&#8221;][\/vc_column_inner][vc_column_inner width=&#8221;1\/4&#8243;][\/vc_column_inner][vc_column_inner width=&#8221;1\/4&#8243;][\/vc_column_inner][\/vc_row_inner][\/vc_tta_section][vc_tta_section title=&#8221;SEGURIDAD&#8221; tab_id=&#8221;1682016205668-127dc455-afb6&#8243;][vc_row_inner css=&#8221;.vc_custom_1682017825652{margin-top: 50px !important;}&#8221;][vc_column_inner width=&#8221;1\/4&#8243;][vc_single_image image=&#8221;440&#8243; img_size=&#8221;full&#8221; alignment=&#8221;center&#8221; css=&#8221;.vc_custom_1695749696135{margin-bottom: 0px !important;}&#8221; label=&#8221;&#8221;][vc_btn title=&#8221;SEGURIDAD&#8221; color=&#8221;white&#8221; css=&#8221;.vc_custom_1695749712089{margin-bottom: 0px !important;}&#8221; link=&#8221;url:https%3A%2F%2Fclientes.desarrolloespacios.com%2Fvgindustrial%2Fwp-content%2Fuploads%2F2023%2F08%2FSeguridad-Industrial-VG-2023.pdf|target:_blank&#8221;][\/vc_column_inner][vc_column_inner width=&#8221;1\/4&#8243;][\/vc_column_inner][vc_column_inner width=&#8221;1\/4&#8243;][\/vc_column_inner][vc_column_inner width=&#8221;1\/4&#8243;][\/vc_column_inner][\/vc_row_inner][\/vc_tta_section][\/vc_tta_tabs][\/vc_column][\/vc_row][\/vc_section][vc_section full_width=&#8221;stretch_row&#8221; content_placement=&#8221;middle&#8221; css=&#8221;.vc_custom_1682018630373{padding-top: 50px !important;padding-bottom: 80px !important;}&#8221; conditional_render=&#8221;%5B%7B%22value_role%22%3A%22administrator%22%7D%5D&#8221;][vc_row conditional_render=&#8221;%5B%7B%22value_role%22%3A%22administrator%22%7D%5D&#8221; el_class=&#8221;row-tabs&#8221;][vc_column][vc_column_text]<\/p>\n<h2 style=\"text-align: center;\">CALZADO<\/h2>\n<p>[\/vc_column_text][vc_row_inner css=&#8221;.vc_custom_1682017825652{margin-top: 50px !important;}&#8221;][vc_column_inner width=&#8221;1\/4&#8243;][vc_single_image image=&#8221;434&#8243; img_size=&#8221;full&#8221; alignment=&#8221;center&#8221; css=&#8221;.vc_custom_1695749780979{margin-bottom: 0px !important;}&#8221; label=&#8221;&#8221;][vc_btn title=&#8221;WSM&#8221; color=&#8221;white&#8221; css=&#8221;.vc_custom_1695749796451{margin-bottom: 0px !important;}&#8221; link=&#8221;url:https%3A%2F%2Fclientes.desarrolloespacios.com%2Fvgindustrial%2Fwp-content%2Fuploads%2F2023%2F08%2FCALZADO-WSM-Catalogo-2023.pdf|target:_blank&#8221;][\/vc_column_inner][vc_column_inner width=&#8221;1\/4&#8243;][vc_single_image image=&#8221;436&#8243; img_size=&#8221;full&#8221; alignment=&#8221;center&#8221; css=&#8221;.vc_custom_1695749832996{margin-bottom: 0px !important;}&#8221; label=&#8221;&#8221;][vc_btn title=&#8221;BRISCO&#8221; color=&#8221;white&#8221; css=&#8221;.vc_custom_1695749845872{margin-bottom: 0px !important;}&#8221; link=&#8221;url:https%3A%2F%2Fclientes.desarrolloespacios.com%2Fvgindustrial%2Fwp-content%2Fuploads%2F2023%2F08%2FBRISCO-2023.pdf|target:_blank&#8221;][\/vc_column_inner][vc_column_inner width=&#8221;1\/4&#8243;][vc_single_image image=&#8221;437&#8243; img_size=&#8221;full&#8221; alignment=&#8221;center&#8221; css=&#8221;.vc_custom_1695749876832{margin-bottom: 0px !important;}&#8221; label=&#8221;&#8221;][vc_btn title=&#8221;VANVIEN&#8221; color=&#8221;white&#8221; css=&#8221;.vc_custom_1695749898724{margin-bottom: 0px !important;}&#8221; link=&#8221;url:https%3A%2F%2Fclientes.desarrolloespacios.com%2Fvgindustrial%2Fwp-content%2Fuploads%2F2023%2F08%2FVANVIEN-VG-2023-2.pdf|target:_blank&#8221;][\/vc_column_inner][vc_column_inner width=&#8221;1\/4&#8243;][\/vc_column_inner][\/vc_row_inner][\/vc_column][\/vc_row][\/vc_section][vc_section full_width=&#8221;stretch_row&#8221; content_placement=&#8221;middle&#8221; css=&#8221;.vc_custom_1682015891311{padding-top: 50px !important;padding-bottom: 80px !important;background-color: #fbfbfb !important;}&#8221; conditional_render=&#8221;%5B%7B%22value_role%22%3A%22administrator%22%7D%5D&#8221;][vc_row conditional_render=&#8221;%5B%7B%22value_role%22%3A%22administrator%22%7D%5D&#8221; el_class=&#8221;row-tabs&#8221;][vc_column][vc_column_text]<\/p>\n<h2 style=\"text-align: center;\">GORRAS Y TERMOS<\/h2>\n<p>[\/vc_column_text][vc_row_inner css=&#8221;.vc_custom_1682017825652{margin-top: 50px !important;}&#8221;][vc_column_inner width=&#8221;1\/4&#8243;][vc_single_image image=&#8221;417&#8243; img_size=&#8221;full&#8221; alignment=&#8221;center&#8221; css=&#8221;.vc_custom_1695749964052{margin-bottom: 0px !important;}&#8221; label=&#8221;&#8221;][vc_btn title=&#8221;Explosi\u00f3n Caps 1&#8243; color=&#8221;white&#8221; css=&#8221;.vc_custom_1695749976505{margin-bottom: 0px !important;}&#8221; link=&#8221;url:https%3A%2F%2Fclientes.desarrolloespacios.com%2Fvgindustrial%2Fwp-content%2Fuploads%2F2023%2F08%2FCATALOGO-EXPLOSION-CAPS-.pdf|target:_blank&#8221;][\/vc_column_inner][vc_column_inner width=&#8221;1\/4&#8243;][vc_single_image image=&#8221;418&#8243; img_size=&#8221;full&#8221; alignment=&#8221;center&#8221; css=&#8221;.vc_custom_1695749994074{margin-bottom: 0px !important;}&#8221; label=&#8221;&#8221;][vc_btn title=&#8221;Explosi\u00f3n Caps 2&#8243; color=&#8221;white&#8221; css=&#8221;.vc_custom_1695750013151{margin-bottom: 0px !important;}&#8221; link=&#8221;url:https%3A%2F%2Fclientes.desarrolloespacios.com%2Fvgindustrial%2Fwp-content%2Fuploads%2F2023%2F08%2FCATALOGO-GORRAS-INVASION.pdf|target:_blank&#8221;][\/vc_column_inner][vc_column_inner width=&#8221;1\/4&#8243;][vc_single_image image=&#8221;419&#8243; img_size=&#8221;full&#8221; alignment=&#8221;center&#8221; css=&#8221;.vc_custom_1695750034049{margin-bottom: 0px !important;}&#8221; label=&#8221;&#8221;][vc_btn title=&#8221;MCAPS&#8221; color=&#8221;white&#8221; css=&#8221;.vc_custom_1695750040436{margin-bottom: 0px !important;}&#8221; link=&#8221;url:https%3A%2F%2Fclientes.desarrolloespacios.com%2Fvgindustrial%2Fwp-content%2Fuploads%2F2023%2F08%2FVANVIEN-VG-2023-2.pdf|target:_blank&#8221;][\/vc_column_inner][vc_column_inner width=&#8221;1\/4&#8243;][vc_single_image image=&#8221;445&#8243; img_size=&#8221;full&#8221; alignment=&#8221;center&#8221; css=&#8221;.vc_custom_1695750072931{margin-bottom: 0px !important;}&#8221; label=&#8221;&#8221;][vc_btn title=&#8221;MCAPS&#8221; color=&#8221;white&#8221; css=&#8221;.vc_custom_1695750083762{margin-bottom: 0px !important;}&#8221; link=&#8221;url:https%3A%2F%2Fclientes.desarrolloespacios.com%2Fvgindustrial%2F%3Fportfolio%3Dtermos|target:_blank&#8221;][\/vc_column_inner][\/vc_row_inner][\/vc_column][\/vc_row][\/vc_section]<\/p>\n<\/section>","protected":false},"excerpt":{"rendered":"<p>[vc_section css=&#8221;.vc_custom_1682007813322{margin-top: -20px !important;}&#8221; conditional_render=&#8221;%5B%7B%22value_role%22%3A%22administrator%22%7D%5D&#8221;][vc_row][vc_column][\/vc_column][\/vc_row][\/vc_section][vc_section content_placement=&#8221;middle&#8221; css=&#8221;.vc_custom_1682014614576{padding-top: 80px !important;padding-bottom: 80px !important;}&#8221; conditional_render=&#8221;%5B%7B%22value_role%22%3A%22administrator%22%7D%5D&#8221;][vc_row el_class=&#8221;row-intro-custom&#8221; conditional_render=&#8221;%5B%7B%22value_role%22%3A%22administrator%22%7D%5D&#8221;][vc_column][vc_column_text] VG Industrial [\/vc_column_text][vc_column_text css=&#8221;.vc_custom_1695703039541{margin-bottom: 45px !important;}&#8221;] Grupo VG Industrial es un integrado de servicios, conformado por dos empresas 100% mexicanas y especializadas en cubrir las necesidades b\u00e1sicas del d\u00eda a d\u00eda laboral: La necesidad de un trabajo seguro, as\u00ed como la [&hellip;]<\/p>\n","protected":false},"author":4,"featured_media":0,"parent":0,"menu_order":0,"comment_status":"closed","ping_status":"closed","template":"","meta":{"footnotes":""},"class_list":["post-10","page","type-page","status-publish","hentry"],"acf":[],"_links":{"self":[{"href":"https:\/\/webs.elegot.com\/s\/vgindustrial\/wp-json\/wp\/v2\/pages\/10","targetHints":{"allow":["GET"]}}],"collection":[{"href":"https:\/\/webs.elegot.com\/s\/vgindustrial\/wp-json\/wp\/v2\/pages"}],"about":[{"href":"https:\/\/webs.elegot.com\/s\/vgindustrial\/wp-json\/wp\/v2\/types\/page"}],"author":[{"embeddable":true,"href":"https:\/\/webs.elegot.com\/s\/vgindustrial\/wp-json\/wp\/v2\/users\/4"}],"replies":[{"embeddable":true,"href":"https:\/\/webs.elegot.com\/s\/vgindustrial\/wp-json\/wp\/v2\/comments?post=10"}],"version-history":[{"count":40,"href":"https:\/\/webs.elegot.com\/s\/vgindustrial\/wp-json\/wp\/v2\/pages\/10\/revisions"}],"predecessor-version":[{"id":518,"href":"https:\/\/webs.elegot.com\/s\/vgindustrial\/wp-json\/wp\/v2\/pages\/10\/revisions\/518"}],"wp:attachment":[{"href":"https:\/\/webs.elegot.com\/s\/vgindustrial\/wp-json\/wp\/v2\/media?parent=10"}],"curies":[{"name":"wp","href":"https:\/\/api.w.org\/{rel}","templated":true}]}}