{"id":3,"date":"2023-09-02T14:26:40","date_gmt":"2023-09-02T14:26:40","guid":{"rendered":"https:\/\/clientes.desarrolloespacios.com\/roma\/?page_id=3"},"modified":"2023-09-06T18:53:03","modified_gmt":"2023-09-06T18:53:03","slug":"privacy-policy","status":"publish","type":"page","link":"https:\/\/webs.elegot.com\/s\/roma\/privacy-policy\/","title":{"rendered":"Pol\u00edtica de Privacidad"},"content":{"rendered":"\t\t<div data-elementor-type=\"wp-page\" data-elementor-id=\"3\" class=\"elementor elementor-3\" data-elementor-post-type=\"page\">\n\t\t\t\t\t\t\t\t\t<section class=\"elementor-section elementor-top-section elementor-element elementor-element-557a08a3 elementor-section-boxed elementor-section-height-default elementor-section-height-default\" data-id=\"557a08a3\" data-element_type=\"section\">\n\t\t\t\t\t\t<div class=\"elementor-container elementor-column-gap-default\">\n\t\t\t\t\t<div class=\"elementor-column elementor-col-100 elementor-top-column elementor-element elementor-element-5d080af9\" data-id=\"5d080af9\" data-element_type=\"column\">\n\t\t\t<div class=\"elementor-widget-wrap elementor-element-populated\">\n\t\t\t\t\t\t\t\t<div class=\"elementor-element elementor-element-2fc3ccf5 elementor-widget elementor-widget-text-editor\" data-id=\"2fc3ccf5\" data-element_type=\"widget\" data-widget_type=\"text-editor.default\">\n\t\t\t\t<div class=\"elementor-widget-container\">\n\t\t\t\t\t\t\t<!-- wp:paragraph -->\n<p>Nombre y Domicilio del responsable de los Datos Personales.<\/p>\n<!-- \/wp:paragraph -->\n\n<!-- wp:paragraph -->\n<p>INGENIERIA RO-MA S.A DE C.V cuya sociedad fue constituida de conformidad con las leyes de la Rep\u00fablica Mexicana y con domicilio en PAJAROS AZULES 5016 NUEVO ALMAGUER es responsable por el tratamiento de sus datos personales, sin perjuicio de las obligaciones de los encargados que en su caso traten sus datos personales en t\u00e9rminos de la Ley Federal de Protecci\u00f3n de Datos Personales en Posesi\u00f3n de los Particulares (en adelante la \u201cLey\u201d) y su Reglamento.<\/p>\n<!-- \/wp:paragraph -->\n\n<!-- wp:paragraph -->\n<p>Para cualquier informaci\u00f3n respecto del presente Aviso de Privacidad, o cualquier comunicaci\u00f3n o solicitud en relaci\u00f3n con el ejercicio de cualesquiera de sus derechos derivados de los Datos Personales de los que Usted es titular, incluyendo sin limitaci\u00f3n sus derechos de acceso, rectificaci\u00f3n, cancelaci\u00f3n y oposici\u00f3n, por favor contactar al Departamento de Privacidad de INGENIERIA RO-MA, al Tel\u00e9fono +52 8121266622 o bien al correo electr\u00f3nico ing.roma2010@gmail.com<\/p>\n<!-- \/wp:paragraph -->\n\n<!-- wp:paragraph -->\n<p>Datos Personales recabados.<\/p>\n<!-- \/wp:paragraph -->\n\n<!-- wp:paragraph -->\n<p>INGENIERIA RO-MA podr\u00e1 recabar sus Datos Personales para las finalidades se\u00f1aladas en el presente aviso de privacidad ya sea directamente cuando usted nos los proporciona por diversos medios, cuando visite nuestro sitio de internet o utiliza nuestros servicios en l\u00ednea y\/o cuando obtenemos informaci\u00f3n a trav\u00e9s de otras fuentes l\u00edcitas disponibles.<\/p>\n<!-- \/wp:paragraph -->\n\n<!-- wp:paragraph -->\n<p>Los Datos Personales que obtenemos por las formas antes mencionadas podr\u00e1n incluir la siguiente informaci\u00f3n: (i) nombres, apellidos, domicilios, tel\u00e9fonos, correos electr\u00f3nicos, claves del Registro Federal de Contribuyentes, informaci\u00f3n de formas de pago; (ii) informaci\u00f3n acad\u00e9mica y\/o laboral, (iii) toda aquella informaci\u00f3n que el cliente, proveedor y\/o usuario le ha proporcionado y\/o le proporcione a lo largo de la relaci\u00f3n contractual o comercial que establezcan; (iv) aquellos datos propios y relacionados con los productos o servicios que presta y\/o comercializa INGENIERIA ROMA; y (iv) cualesquiera otros datos que se recaben de tiempo en tiempo con motivo de la relaci\u00f3n jur\u00eddica existente.<\/p>\n<!-- \/wp:paragraph -->\n\n<!-- wp:paragraph -->\n<p>Finalidades y Uso de Sus Datos Personales.<\/p>\n<!-- \/wp:paragraph -->\n\n<!-- wp:paragraph -->\n<p>Sus Datos Personales podr\u00e1n ser utilizados o tratados para proveer los servicios o productos que ha invocado, para conocer sus necesidades con respecto a los productos que ofrece, as\u00ed como informarle sobre cambios o modificaciones en los mismos; comunicarle ofertas y\/o promociones, formular base de datos de clientes y\/o proveedores para uso interno, atender quejas y aclaraciones, investigaci\u00f3n y diversos estudios de mercado, evaluar la calidad del servicio que le brindamos y en su caso, tratarlos para fines compatibles con los mencionados en este Aviso que se consideren an\u00e1logos para efectos legales. En caso de formalizar con Usted la aceptaci\u00f3n de alg\u00fan producto o servicio ofrecido por INGENIERIA ROMA, sus Datos Personales ser\u00e1n utilizados para el cumplimiento de las obligaciones derivadas de esa relaci\u00f3n jur\u00eddica.&nbsp; Las finalidades descritas en este p\u00e1rrafo dieron origen y son necesarias para la relaci\u00f3n jur\u00eddica entre INGENIERIA ROMA y el titular de los Datos Personales.<\/p>\n<!-- \/wp:paragraph -->\n\n<!-- wp:paragraph -->\n<p>Sus Derechos de Acceso, Rectificaci\u00f3n, Oposici\u00f3n y Cancelaci\u00f3n.<\/p>\n<!-- \/wp:paragraph -->\n\n<!-- wp:paragraph -->\n<p>De igual forma, Usted podr\u00e1 solicitar acceder a sus Datos Personales, rectificarlos, cancelarlos, oponerse, limitar su uso o divulgaci\u00f3n o revocar su consentimiento, en t\u00e9rminos de la Ley y su Reglamento y dem\u00e1s disposiciones aplicables. Para ejercer estos derechos, Usted deber\u00e1 contactar al Departamento de Privacidad de INGENIERIA ROMA, al Tel\u00e9fono +52 (81) 21266622 o bien al correo electr\u00f3nico ing.roma2010@gmail.com<\/p>\n<!-- \/wp:paragraph -->\n\n<!-- wp:paragraph -->\n<p>En t\u00e9rminos de la Ley, cualquier solicitud de ejercicio de los derechos mencionados deber\u00e1 indicar i) su nombre y domicilio u otro medio para darle respuesta, ii) una copia de su identificaci\u00f3n oficial (pasaporte, credencial de elector o licencia de conducir), iii) la descripci\u00f3n clara y precisa de los Datos Personales a los que desea acceder o que desea rectificar, cancelar u oponerse y cualquier otro elemento que facilite la localizaci\u00f3n de sus Datos, as\u00ed como iv) cualquier otro requisito establecido por la Ley y su Reglamento y\/o las dem\u00e1s disposiciones aplicables.<\/p>\n<!-- \/wp:paragraph -->\n\n<!-- wp:paragraph -->\n<p>Transferencia de sus Datos Personales.<\/p>\n<!-- \/wp:paragraph -->\n\n<!-- wp:paragraph -->\n<p>INGENIERIA ROMA&nbsp; podr\u00e1 compartir todos o parte de sus Datos Personales con cualquiera de sus empresas relacionadas, subsidiarias y\/o distribuidores, quienes podr\u00e1n o no tratar sus Datos Personales por cuenta de INGENIERIA ROMA. Asimismo, INGENIERIA ROMA se reserva el derecho de compartir sus datos personales con autoridades administrativas, judiciales o gubernamentales de cualquier tipo, ya sea en los Estados Unidos Mexicanos o en el extranjero. Salvo los casos anteriores, INGENIERIA ROMA no compartir\u00e1 o transferir\u00e1 sus Datos Personales a terceros, salvo en los casos previstos en la Ley y su Reglamento o cualquiera otra legislaci\u00f3n aplicable.<\/p>\n<!-- \/wp:paragraph -->\n\n<!-- wp:paragraph -->\n<p>Almacenamiento de Sus Datos Personales.<\/p>\n<!-- \/wp:paragraph -->\n\n<!-- wp:paragraph -->\n<p>INGENIERIA ROMA&nbsp; podr\u00e1 conservar sus Datos Personales en bases de datos ubicadas en los Estados Unidos Mexicanos o en el extranjero sin limitaci\u00f3n alguna, salvo lo dispuesto por la legislaci\u00f3n aplicable.<\/p>\n<!-- \/wp:paragraph -->\n\n<!-- wp:paragraph -->\n<p>Modificaciones al Aviso de Privacidad, Legislaci\u00f3n y Jurisdicci\u00f3n.<\/p>\n<!-- \/wp:paragraph -->\n\n<!-- wp:paragraph -->\n<p>INGENIERIA ROMA&nbsp; se reserva el derecho a modificar los t\u00e9rminos y condiciones de este Aviso de Privacidad, en cuyo caso la modificaci\u00f3n se notificar\u00e1 a trav\u00e9s del medio de comunicaci\u00f3n que INGENIERIA ROMA considere m\u00e1s adecuados para tal efecto (pudiendo ser, por ejemplo, correo electr\u00f3nico, avisos en medios de comunicaci\u00f3n, comunicaci\u00f3n directa, etc.) y\/o a trav\u00e9s de nuestra p\u00e1gina de Internet&nbsp;<\/p>\n<!-- \/wp:paragraph -->\n\n<!-- wp:paragraph -->\n<p>El distribuidor o colaborador que participe en la venta de los productos o servicios que venda o preste INGENIERIA ROMA ser\u00e1 considerado como encargado en t\u00e9rminos de la Ley y su Reglamento, por lo cual se compromete a respetar en sus t\u00e9rminos este Aviso de Privacidad, as\u00ed como sus obligaciones conforme a la Ley y su Reglamento.<\/p>\n<!-- \/wp:paragraph -->\n\n<!-- wp:paragraph -->\n<p>Este Aviso de Privacidad, el tratamiento de sus Datos Personales y\/o todos los documentos relacionados se rigen por la Ley Federal de Protecci\u00f3n de Datos Personales en Posesi\u00f3n de los Particulares y las dem\u00e1s leyes y reglamentos de los Estados Unidos Mexicanos. La aceptaci\u00f3n de este Aviso de Privacidad o la ausencia de oposici\u00f3n, una vez puesto a su disposici\u00f3n implica una aceptaci\u00f3n expresa de los t\u00e9rminos de este y su sometimiento expreso a los tribunales en el estado de Nuevo Le\u00f3n, para cualquier controversia o reclamaci\u00f3n derivada de este Aviso de Privacidad.<\/p>\n<!-- \/wp:paragraph -->\t\t\t\t\t\t<\/div>\n\t\t\t\t<\/div>\n\t\t\t\t\t<\/div>\n\t\t<\/div>\n\t\t\t\t\t\t\t<\/div>\n\t\t<\/section>\n\t\t\t\t\t\t\t<\/div>\n\t\t","protected":false},"excerpt":{"rendered":"<p>Nombre y Domicilio del responsable de los Datos Personales. INGENIERIA RO-MA S.A DE C.V cuya sociedad fue constituida de conformidad con las leyes de la Rep\u00fablica Mexicana y con domicilio en PAJAROS AZULES 5016 NUEVO ALMAGUER es responsable por el tratamiento de sus datos personales, sin perjuicio de las obligaciones de los encargados que en&hellip;<\/p>\n","protected":false},"author":3,"featured_media":0,"parent":0,"menu_order":0,"comment_status":"closed","ping_status":"open","template":"","meta":{"footnotes":""},"class_list":["post-3","page","type-page","status-publish","hentry"],"_links":{"self":[{"href":"https:\/\/webs.elegot.com\/s\/roma\/wp-json\/wp\/v2\/pages\/3","targetHints":{"allow":["GET"]}}],"collection":[{"href":"https:\/\/webs.elegot.com\/s\/roma\/wp-json\/wp\/v2\/pages"}],"about":[{"href":"https:\/\/webs.elegot.com\/s\/roma\/wp-json\/wp\/v2\/types\/page"}],"author":[{"embeddable":true,"href":"https:\/\/webs.elegot.com\/s\/roma\/wp-json\/wp\/v2\/users\/3"}],"replies":[{"embeddable":true,"href":"https:\/\/webs.elegot.com\/s\/roma\/wp-json\/wp\/v2\/comments?post=3"}],"version-history":[{"count":4,"href":"https:\/\/webs.elegot.com\/s\/roma\/wp-json\/wp\/v2\/pages\/3\/revisions"}],"predecessor-version":[{"id":6227,"href":"https:\/\/webs.elegot.com\/s\/roma\/wp-json\/wp\/v2\/pages\/3\/revisions\/6227"}],"wp:attachment":[{"href":"https:\/\/webs.elegot.com\/s\/roma\/wp-json\/wp\/v2\/media?parent=3"}],"curies":[{"name":"wp","href":"https:\/\/api.w.org\/{rel}","templated":true}]}}