{"id":424,"date":"2024-07-01T07:07:14","date_gmt":"2024-07-01T05:07:14","guid":{"rendered":"https:\/\/recuperacion-cuentas.com\/?page_id=424"},"modified":"2024-07-01T07:10:09","modified_gmt":"2024-07-01T05:10:09","slug":"politica-de-privacidad","status":"publish","type":"page","link":"https:\/\/webs.elegot.com\/s\/recuperacion-cuentas\/politica-de-privacidad\/","title":{"rendered":"Pol\u00edtica de Privacidad"},"content":{"rendered":"\t\t<div data-elementor-type=\"wp-page\" data-elementor-id=\"424\" class=\"elementor elementor-424\" data-elementor-post-type=\"page\">\n\t\t\t\t<div class=\"elementor-element elementor-element-85ce868 e-flex e-con-boxed e-con e-parent\" data-id=\"85ce868\" data-element_type=\"container\" data-e-type=\"container\" data-settings=\"{&quot;background_background&quot;:&quot;classic&quot;}\">\n\t\t\t\t\t<div class=\"e-con-inner\">\n\t\t\t\t<div class=\"elementor-element elementor-element-09ea966 elementor-widget__width-initial elementor-widget elementor-widget-heading\" data-id=\"09ea966\" data-element_type=\"widget\" data-e-type=\"widget\" data-widget_type=\"heading.default\">\n\t\t\t\t<div class=\"elementor-widget-container\">\n\t\t\t\t\t<h2 class=\"elementor-heading-title elementor-size-default\">Pol\u00edtica de Privacidad<\/h2>\t\t\t\t<\/div>\n\t\t\t\t<\/div>\n\t\t\t\t\t<\/div>\n\t\t\t\t<\/div>\n\t\t<div class=\"elementor-element elementor-element-61cd30c e-flex e-con-boxed e-con e-parent\" data-id=\"61cd30c\" data-element_type=\"container\" data-e-type=\"container\">\n\t\t\t\t\t<div class=\"e-con-inner\">\n\t\t\t\t<div class=\"elementor-element elementor-element-122baea elementor-widget elementor-widget-text-editor\" data-id=\"122baea\" data-element_type=\"widget\" data-e-type=\"widget\" data-widget_type=\"text-editor.default\">\n\t\t\t\t<div class=\"elementor-widget-container\">\n\t\t\t\t\t\t\t\t\t<h5><strong>Esta pol\u00edtica de privacidad aplica al tratamiento de datos de los usuarios del sitio web de: <a href=\"https:\/\/recuperaci\u00f3n-cuentas.com\">recuperaci\u00f3n-cuentas.com<\/a><\/strong><\/h5>\n<p>Siguiendo los principios de licitud, lealtad y transparencia, ponemos a su disposici\u00f3n la presente Pol\u00edtica de Privacidad, y en cumplimiento de lo establecido en la Ley 34\/2002, de 11 de julio, de Servicios de la Sociedad de la Informaci\u00f3n y de comercio electr\u00f3nico; y del Reglamento General de Protecci\u00f3n de Datos de 25 de mayo de 2018, se informa que este sitio web es propiedad de:<\/p>\n<h4><strong>RESPONSABLE DEL TRATAMIENTO<\/strong><\/h4>\n<p>SABILA MEDIA S.L<br>C\/ Barbacana 13, Oficina 8, 03700, Denia, Alicante<br>CIF B44972495<br>Tlfn: 641 407 895<br>mail:info@sabilamedia.com<\/p>\n<h4><strong>FINALIDAD DEL TRATAMIENTO DE LOS DATOS Y CONSERVACI\u00d3N<\/strong><\/h4>\n<p>La recogida y tratamiento automatizado de los Datos de Car\u00e1cter Personal tiene como finalidad el desempe\u00f1o de las tareas de informaci\u00f3n, formaci\u00f3n, comercializaci\u00f3n y otras actividades propias de peritacioneshg.com, tanto a Clientes como a Preclientes o Solicitantes de informaci\u00f3n, recibidos a trav\u00e9s de los formularios de contacto de la p\u00e1gina web.<\/p>\n<h4><strong>TIEMPO DE CONSERVACI\u00d3N DE SUS DATOS PERSONALES<\/strong><\/h4>\n<p>Sus datos, ser\u00e1n conservados el tiempo m\u00ednimo necesario para la correcta prestaci\u00f3n del servicio ofrecido, as\u00ed como para atender las responsabilidades que se pudieran derivar del mismo y de cualquier otra exigencia legal.<\/p>\n<h4><strong>LEGITIMACI\u00d3N PARA EL TRATAMIENTO DE LOS DATOS<\/strong><\/h4>\n<p>La base legal para el tratamiento de sus datos personales puede ser la ejecuci\u00f3n de una relaci\u00f3n contractual potencial y\/o suscrita, el inter\u00e9s leg\u00edtimo, la habilitaci\u00f3n legal y\/o el consentimiento del propio interesado. Los datos que le solicitamos son adecuados, pertinentes y estrictamente necesarios y en ning\u00fan caso est\u00e1 obligado a facilit\u00e1rselos, pero su no comunicaci\u00f3n podr\u00e1 afectar a la finalidad del servicio o la imposibilidad de prestarlo.<\/p>\n<h4><strong>DESTINATARIOS DE SUS DATOS<\/strong><\/h4>\n<p>Sus datos no se facilitar\u00e1n a ninguna otra empresa con estricta confidencialidad, para fines administrativos internos y conforme a las medidas de seguridad de la normativa vigente, salvo que se informe de ello expresamente.<\/p>\n<h4><strong>\u00bfCU\u00c1LES SON SUS DERECHOS?<\/strong><\/h4>\n<p>Como persona titular de los datos tratados por huella.es tiene derecho en todo momento a:<\/p>\n<ul>\n<li>Solicitar el acceso a los datos personales relativos al interesado<\/li>\n<li>Rectificaci\u00f3n o supresi\u00f3n<\/li>\n<li>Ejercer su derecho a oposici\u00f3n<\/li>\n<li>Solicitar la limitaci\u00f3n de su tratamiento<\/li>\n<li>Portabilidad de los datos<\/li>\n<\/ul>\n<p>Para ejercer dichos derechos podr\u00e1s ponerte en contacto con nosotros a trav\u00e9s del correo electr\u00f3nico <b>info@sabilamedia.com<\/b>&nbsp;adjuntando copia del DNI o documento an\u00e1logo. As\u00ed mismo, en caso de no estar satisfecho con la respuesta al ejercicio de sus derechos, podr\u00e1 presentar una reclamaci\u00f3n ante la Agencia Espa\u00f1ola de Protecci\u00f3n de datos a trav\u00e9s de su sede electr\u00f3nica en www.aepd.es.<\/p>\n<h4><strong>RETIRADA EL CONSENTIMIENTO<\/strong><\/h4>\n<p>En cualquier momento podr\u00e1 revocar el consentimiento que nos est\u00e1 otorgando. Usted tiene la posibilidad y el derecho a retirar el consentimiento para cualquiera finalidad espec\u00edfica otorgada en su momento, sin que ello afecte a la licitud del tratamiento basado en el consentimiento previo a su retirada.<\/p>\n<h4><strong>RECLAMACIONES EN CASO DE INCUMPLIMIENTO DE LA POL\u00cdTICA DE PRIVACIDAD<\/strong><\/h4>\n<p>Si alg\u00fan interesado considera que sus datos no son tratados correctamente por peritacioneshg.com puede dirigir sus reclamaciones al correo <b>info@sabilamedia.com<\/b>&nbsp;o a la autoridad de protecci\u00f3n de datos que corresponda, siendo la Agencia Espa\u00f1ola de Protecci\u00f3n de Datos (en adelante AEPD) la indicada en el territorio nacional, sita en C\/ Jorge Juan, 6. 28001 \u2013 Madrid, y a trav\u00e9s de su web: www.aepd.es.<\/p>\n<h4><strong>SEGURIDAD Y ACTUALIZACI\u00d3N DE SUS DATOS PERSONALES<\/strong><\/h4>\n<p>Con el objetivo de salvaguardar la seguridad de sus datos personales, le informamos que huella.es ha adoptado todas las medidas de \u00edndole t\u00e9cnica y organizativa necesarias para garantizar la seguridad de los datos personales suministrados. Todo ello para evitar su alteraci\u00f3n, p\u00e9rdida, y\/o tratamientos o accesos no autorizados, tal como exige la normativa, si bien la seguridad absoluta no existe.<\/p>\n<p>Es importante que, para que podamos mantener sus datos personales actualizados, nos informe siempre que se produzca una modificaci\u00f3n de los mismos.<\/p>\n<h4><strong>CONFIDENCIALIDAD<\/strong><\/h4>\n<p><a href=\"https:\/\/oscar-carballo.com\/\">recuperacion-cuentas.<\/a>&nbsp;le informa que sus datos ser\u00e1n tratados con el m\u00e1ximo celo y confidencialidad por todo el personal que intervenga en cualquiera de las fases del tratamiento. No cederemos ni comunicaremos a ning\u00fan tercero sus datos, excepto en los casos legalmente previstos, o salvo que el interesado nos hubiera autorizado expresamente.<\/p>\t\t\t\t\t\t\t\t<\/div>\n\t\t\t\t<\/div>\n\t\t\t\t\t<\/div>\n\t\t\t\t<\/div>\n\t\t\t\t<\/div>\n\t\t","protected":false},"excerpt":{"rendered":"<p>Esta pol\u00edtica de privacidad aplica al tratamiento de datos de los usuarios del sitio web de: recuperaci\u00f3n-cuentas.com Siguiendo los principios [&hellip;]<\/p>\n","protected":false},"author":2,"featured_media":0,"parent":0,"menu_order":0,"comment_status":"closed","ping_status":"closed","template":"elementor_header_footer","meta":{"site-sidebar-layout":"no-sidebar","site-content-layout":"","ast-site-content-layout":"full-width-container","site-content-style":"default","site-sidebar-style":"default","ast-global-header-display":"","ast-banner-title-visibility":"","ast-main-header-display":"","ast-hfb-above-header-display":"","ast-hfb-below-header-display":"","ast-hfb-mobile-header-display":"","site-post-title":"disabled","ast-breadcrumbs-content":"","ast-featured-img":"disabled","footer-sml-layout":"","theme-transparent-header-meta":"","adv-header-id-meta":"","stick-header-meta":"","header-above-stick-meta":"","header-main-stick-meta":"","header-below-stick-meta":"","astra-migrate-meta-layouts":"default","ast-page-background-enabled":"default","ast-page-background-meta":{"desktop":{"background-color":"var(--ast-global-color-4)","background-image":"","background-repeat":"repeat","background-position":"center center","background-size":"auto","background-attachment":"scroll","background-type":"","background-media":"","overlay-type":"","overlay-color":"","overlay-opacity":"","overlay-gradient":""},"tablet":{"background-color":"","background-image":"","background-repeat":"repeat","background-position":"center center","background-size":"auto","background-attachment":"scroll","background-type":"","background-media":"","overlay-type":"","overlay-color":"","overlay-opacity":"","overlay-gradient":""},"mobile":{"background-color":"","background-image":"","background-repeat":"repeat","background-position":"center center","background-size":"auto","background-attachment":"scroll","background-type":"","background-media":"","overlay-type":"","overlay-color":"","overlay-opacity":"","overlay-gradient":""}},"ast-content-background-meta":{"desktop":{"background-color":"var(--ast-global-color-5)","background-image":"","background-repeat":"repeat","background-position":"center center","background-size":"auto","background-attachment":"scroll","background-type":"","background-media":"","overlay-type":"","overlay-color":"","overlay-opacity":"","overlay-gradient":""},"tablet":{"background-color":"var(--ast-global-color-5)","background-image":"","background-repeat":"repeat","background-position":"center center","background-size":"auto","background-attachment":"scroll","background-type":"","background-media":"","overlay-type":"","overlay-color":"","overlay-opacity":"","overlay-gradient":""},"mobile":{"background-color":"var(--ast-global-color-5)","background-image":"","background-repeat":"repeat","background-position":"center center","background-size":"auto","background-attachment":"scroll","background-type":"","background-media":"","overlay-type":"","overlay-color":"","overlay-opacity":"","overlay-gradient":""}},"footnotes":""},"class_list":["post-424","page","type-page","status-publish","hentry"],"_links":{"self":[{"href":"https:\/\/webs.elegot.com\/s\/recuperacion-cuentas\/wp-json\/wp\/v2\/pages\/424","targetHints":{"allow":["GET"]}}],"collection":[{"href":"https:\/\/webs.elegot.com\/s\/recuperacion-cuentas\/wp-json\/wp\/v2\/pages"}],"about":[{"href":"https:\/\/webs.elegot.com\/s\/recuperacion-cuentas\/wp-json\/wp\/v2\/types\/page"}],"author":[{"embeddable":true,"href":"https:\/\/webs.elegot.com\/s\/recuperacion-cuentas\/wp-json\/wp\/v2\/users\/2"}],"replies":[{"embeddable":true,"href":"https:\/\/webs.elegot.com\/s\/recuperacion-cuentas\/wp-json\/wp\/v2\/comments?post=424"}],"version-history":[{"count":10,"href":"https:\/\/webs.elegot.com\/s\/recuperacion-cuentas\/wp-json\/wp\/v2\/pages\/424\/revisions"}],"predecessor-version":[{"id":434,"href":"https:\/\/webs.elegot.com\/s\/recuperacion-cuentas\/wp-json\/wp\/v2\/pages\/424\/revisions\/434"}],"wp:attachment":[{"href":"https:\/\/webs.elegot.com\/s\/recuperacion-cuentas\/wp-json\/wp\/v2\/media?parent=424"}],"curies":[{"name":"wp","href":"https:\/\/api.w.org\/{rel}","templated":true}]}}