{"id":191,"date":"2024-06-26T17:49:44","date_gmt":"2024-06-26T15:49:44","guid":{"rendered":"https:\/\/recuperacion-cuentas.com\/?page_id=191"},"modified":"2024-07-01T12:09:22","modified_gmt":"2024-07-01T10:09:22","slug":"servicios","status":"publish","type":"page","link":"https:\/\/webs.elegot.com\/s\/recuperacion-cuentas\/servicios\/","title":{"rendered":"Servicios"},"content":{"rendered":"\t\t<div data-elementor-type=\"wp-page\" data-elementor-id=\"191\" class=\"elementor elementor-191\" data-elementor-post-type=\"page\">\n\t\t\t\t<div class=\"elementor-element elementor-element-4420717 e-flex e-con-boxed e-con e-parent\" data-id=\"4420717\" data-element_type=\"container\" data-e-type=\"container\" data-settings=\"{&quot;background_background&quot;:&quot;classic&quot;}\">\n\t\t\t\t\t<div class=\"e-con-inner\">\n\t\t\t\t<div class=\"elementor-element elementor-element-d0990ba elementor-widget__width-initial elementor-widget elementor-widget-heading\" data-id=\"d0990ba\" data-element_type=\"widget\" data-e-type=\"widget\" data-widget_type=\"heading.default\">\n\t\t\t\t<div class=\"elementor-widget-container\">\n\t\t\t\t\t<h2 class=\"elementor-heading-title elementor-size-default\">Nuestros Servicios<\/h2>\t\t\t\t<\/div>\n\t\t\t\t<\/div>\n\t\t\t\t<div class=\"elementor-element elementor-element-3b8bc01 elementor-widget-mobile__width-initial elementor-widget elementor-widget-heading\" data-id=\"3b8bc01\" data-element_type=\"widget\" data-e-type=\"widget\" data-widget_type=\"heading.default\">\n\t\t\t\t<div class=\"elementor-widget-container\">\n\t\t\t\t\t<h2 class=\"elementor-heading-title elementor-size-default\">Soluciones integrales para la recuperaci\u00f3n y gesti\u00f3n de Google Ads<\/h2>\t\t\t\t<\/div>\n\t\t\t\t<\/div>\n\t\t\t\t\t<\/div>\n\t\t\t\t<\/div>\n\t\t<div class=\"elementor-element elementor-element-ace4c25 e-flex e-con-boxed e-con e-parent\" data-id=\"ace4c25\" data-element_type=\"container\" data-e-type=\"container\">\n\t\t\t\t\t<div class=\"e-con-inner\">\n\t\t<div class=\"elementor-element elementor-element-67da0dc e-con-full e-flex e-con e-child\" data-id=\"67da0dc\" data-element_type=\"container\" data-e-type=\"container\">\n\t\t\t\t<div class=\"elementor-element elementor-element-83c5069 elementor-widget__width-initial elementor-widget-tablet__width-initial elementor-widget-mobile__width-initial elementor-widget elementor-widget-image\" data-id=\"83c5069\" data-element_type=\"widget\" data-e-type=\"widget\" data-widget_type=\"image.default\">\n\t\t\t\t<div class=\"elementor-widget-container\">\n\t\t\t\t\t\t\t\t\t\t\t\t\t\t\t<img fetchpriority=\"high\" decoding=\"async\" width=\"800\" height=\"652\" src=\"https:\/\/webs.elegot.com\/s\/recuperacion-cuentas\/wp-content\/uploads\/2024\/06\/Transparent-Pricing-Illustration.webp\" class=\"attachment-large size-large wp-image-201\" alt=\"Lupa enfocando un signo de d\u00f3lar sobre una etiqueta de precio.\" srcset=\"https:\/\/webs.elegot.com\/s\/recuperacion-cuentas\/wp-content\/uploads\/2024\/06\/Transparent-Pricing-Illustration.webp 800w, https:\/\/webs.elegot.com\/s\/recuperacion-cuentas\/wp-content\/uploads\/2024\/06\/Transparent-Pricing-Illustration-300x245.webp 300w, https:\/\/webs.elegot.com\/s\/recuperacion-cuentas\/wp-content\/uploads\/2024\/06\/Transparent-Pricing-Illustration-768x626.webp 768w\" sizes=\"(max-width: 800px) 100vw, 800px\" \/>\t\t\t\t\t\t\t\t\t\t\t\t\t\t\t<\/div>\n\t\t\t\t<\/div>\n\t\t\t\t<div class=\"elementor-element elementor-element-d769d06 elementor-widget__width-initial elementor-absolute elementor-widget elementor-widget-image\" data-id=\"d769d06\" data-element_type=\"widget\" data-e-type=\"widget\" data-settings=\"{&quot;_position&quot;:&quot;absolute&quot;}\" data-widget_type=\"image.default\">\n\t\t\t\t<div class=\"elementor-widget-container\">\n\t\t\t\t\t\t\t\t\t\t\t\t\t\t\t<img decoding=\"async\" width=\"1024\" height=\"537\" src=\"https:\/\/webs.elegot.com\/s\/recuperacion-cuentas\/wp-content\/uploads\/2024\/06\/Account-Suspended-Message-1-1024x537.webp\" class=\"attachment-large size-large wp-image-200\" alt=\"Mensaje de cuenta suspendida con letrero rojo y barreras amarillas.\" srcset=\"https:\/\/webs.elegot.com\/s\/recuperacion-cuentas\/wp-content\/uploads\/2024\/06\/Account-Suspended-Message-1-1024x537.webp 1024w, https:\/\/webs.elegot.com\/s\/recuperacion-cuentas\/wp-content\/uploads\/2024\/06\/Account-Suspended-Message-1-300x157.webp 300w, https:\/\/webs.elegot.com\/s\/recuperacion-cuentas\/wp-content\/uploads\/2024\/06\/Account-Suspended-Message-1-768x403.webp 768w, https:\/\/webs.elegot.com\/s\/recuperacion-cuentas\/wp-content\/uploads\/2024\/06\/Account-Suspended-Message-1-1536x805.webp 1536w, https:\/\/webs.elegot.com\/s\/recuperacion-cuentas\/wp-content\/uploads\/2024\/06\/Account-Suspended-Message-1-2048x1074.webp 2048w\" sizes=\"(max-width: 1024px) 100vw, 1024px\" \/>\t\t\t\t\t\t\t\t\t\t\t\t\t\t\t<\/div>\n\t\t\t\t<\/div>\n\t\t\t\t<\/div>\n\t\t<div class=\"elementor-element elementor-element-45d8262 e-con-full e-flex e-con e-child\" data-id=\"45d8262\" data-element_type=\"container\" data-e-type=\"container\">\n\t\t\t\t<div class=\"elementor-element elementor-element-10b14b0 elementor-widget elementor-widget-heading\" data-id=\"10b14b0\" data-element_type=\"widget\" data-e-type=\"widget\" data-widget_type=\"heading.default\">\n\t\t\t\t<div class=\"elementor-widget-container\">\n\t\t\t\t\t<h2 class=\"elementor-heading-title elementor-size-default\">01<\/h2>\t\t\t\t<\/div>\n\t\t\t\t<\/div>\n\t\t\t\t<div class=\"elementor-element elementor-element-cf1ba01 elementor-widget elementor-widget-heading\" data-id=\"cf1ba01\" data-element_type=\"widget\" data-e-type=\"widget\" data-widget_type=\"heading.default\">\n\t\t\t\t<div class=\"elementor-widget-container\">\n\t\t\t\t\t<h2 class=\"elementor-heading-title elementor-size-default\">- Recuperaci\u00f3n de cuentas suspendidas<\/h2>\t\t\t\t<\/div>\n\t\t\t\t<\/div>\n\t\t\t\t<div class=\"elementor-element elementor-element-bd1fa5d elementor-widget elementor-widget-text-editor\" data-id=\"bd1fa5d\" data-element_type=\"widget\" data-e-type=\"widget\" data-widget_type=\"text-editor.default\">\n\t\t\t\t<div class=\"elementor-widget-container\">\n\t\t\t\t\t\t\t\t\t<p><span style=\"font-weight: 400;\">Analizamos y solucionamos los problemas que han llevado a la suspensi\u00f3n de tu cuenta, trabajando directamente con Google si es necesario.<\/span><\/p>\t\t\t\t\t\t\t\t<\/div>\n\t\t\t\t<\/div>\n\t\t\t\t<\/div>\n\t\t\t\t\t<\/div>\n\t\t\t\t<\/div>\n\t\t<div class=\"elementor-element elementor-element-26a7c44 e-flex e-con-boxed e-con e-parent\" data-id=\"26a7c44\" data-element_type=\"container\" data-e-type=\"container\">\n\t\t\t\t\t<div class=\"e-con-inner\">\n\t\t<div class=\"elementor-element elementor-element-1f3b134 e-con-full e-flex e-con e-child\" data-id=\"1f3b134\" data-element_type=\"container\" data-e-type=\"container\">\n\t\t\t\t<div class=\"elementor-element elementor-element-fc27945 elementor-widget elementor-widget-heading\" data-id=\"fc27945\" data-element_type=\"widget\" data-e-type=\"widget\" data-widget_type=\"heading.default\">\n\t\t\t\t<div class=\"elementor-widget-container\">\n\t\t\t\t\t<h2 class=\"elementor-heading-title elementor-size-default\">02<\/h2>\t\t\t\t<\/div>\n\t\t\t\t<\/div>\n\t\t\t\t<div class=\"elementor-element elementor-element-ba779cc elementor-widget elementor-widget-heading\" data-id=\"ba779cc\" data-element_type=\"widget\" data-e-type=\"widget\" data-widget_type=\"heading.default\">\n\t\t\t\t<div class=\"elementor-widget-container\">\n\t\t\t\t\t<h2 class=\"elementor-heading-title elementor-size-default\">- Protecci\u00f3n y seguridad<\/h2>\t\t\t\t<\/div>\n\t\t\t\t<\/div>\n\t\t\t\t<div class=\"elementor-element elementor-element-91a1ba6 elementor-widget elementor-widget-text-editor\" data-id=\"91a1ba6\" data-element_type=\"widget\" data-e-type=\"widget\" data-widget_type=\"text-editor.default\">\n\t\t\t\t<div class=\"elementor-widget-container\">\n\t\t\t\t\t\t\t\t\t<p><span style=\"font-weight: 400;\">Implementamos medidas de seguridad avanzadas para proteger tu cuenta contra hackeos y accesos no autorizados.<\/span><\/p>\t\t\t\t\t\t\t\t<\/div>\n\t\t\t\t<\/div>\n\t\t\t\t<\/div>\n\t\t<div class=\"elementor-element elementor-element-163e69a e-con-full e-flex e-con e-child\" data-id=\"163e69a\" data-element_type=\"container\" data-e-type=\"container\">\n\t\t\t\t<div class=\"elementor-element elementor-element-793f789 elementor-widget__width-initial elementor-widget-tablet__width-initial elementor-widget-mobile__width-initial elementor-widget elementor-widget-image\" data-id=\"793f789\" data-element_type=\"widget\" data-e-type=\"widget\" data-widget_type=\"image.default\">\n\t\t\t\t<div class=\"elementor-widget-container\">\n\t\t\t\t\t\t\t\t\t\t\t\t\t\t\t<img decoding=\"async\" width=\"1024\" height=\"585\" src=\"https:\/\/webs.elegot.com\/s\/recuperacion-cuentas\/wp-content\/uploads\/2024\/07\/DALL\u00b7E-2024-07-01-07.28.48-A-scene-depicting-advanced-protection-and-security-for-Google-accounts.-The-image-features-icons-of-shields-locks-and-authentication-symbols.-A-prof-1024x585.webp\" class=\"attachment-large size-large wp-image-361\" alt=\"Profesional configurando medidas de seguridad en un ordenador con \u00edconos de escudos y candados.\" srcset=\"https:\/\/webs.elegot.com\/s\/recuperacion-cuentas\/wp-content\/uploads\/2024\/07\/DALL\u00b7E-2024-07-01-07.28.48-A-scene-depicting-advanced-protection-and-security-for-Google-accounts.-The-image-features-icons-of-shields-locks-and-authentication-symbols.-A-prof-1024x585.webp 1024w, https:\/\/webs.elegot.com\/s\/recuperacion-cuentas\/wp-content\/uploads\/2024\/07\/DALL\u00b7E-2024-07-01-07.28.48-A-scene-depicting-advanced-protection-and-security-for-Google-accounts.-The-image-features-icons-of-shields-locks-and-authentication-symbols.-A-prof-300x171.webp 300w, https:\/\/webs.elegot.com\/s\/recuperacion-cuentas\/wp-content\/uploads\/2024\/07\/DALL\u00b7E-2024-07-01-07.28.48-A-scene-depicting-advanced-protection-and-security-for-Google-accounts.-The-image-features-icons-of-shields-locks-and-authentication-symbols.-A-prof-768x439.webp 768w, https:\/\/webs.elegot.com\/s\/recuperacion-cuentas\/wp-content\/uploads\/2024\/07\/DALL\u00b7E-2024-07-01-07.28.48-A-scene-depicting-advanced-protection-and-security-for-Google-accounts.-The-image-features-icons-of-shields-locks-and-authentication-symbols.-A-prof-1536x878.webp 1536w, https:\/\/webs.elegot.com\/s\/recuperacion-cuentas\/wp-content\/uploads\/2024\/07\/DALL\u00b7E-2024-07-01-07.28.48-A-scene-depicting-advanced-protection-and-security-for-Google-accounts.-The-image-features-icons-of-shields-locks-and-authentication-symbols.-A-prof.webp 1792w\" sizes=\"(max-width: 1024px) 100vw, 1024px\" \/>\t\t\t\t\t\t\t\t\t\t\t\t\t\t\t<\/div>\n\t\t\t\t<\/div>\n\t\t\t\t<div class=\"elementor-element elementor-element-c537175 elementor-widget__width-initial elementor-absolute elementor-widget elementor-widget-image\" data-id=\"c537175\" data-element_type=\"widget\" data-e-type=\"widget\" data-settings=\"{&quot;_position&quot;:&quot;absolute&quot;}\" data-widget_type=\"image.default\">\n\t\t\t\t<div class=\"elementor-widget-container\">\n\t\t\t\t\t\t\t\t\t\t\t\t\t\t\t<img loading=\"lazy\" decoding=\"async\" width=\"1024\" height=\"585\" src=\"https:\/\/webs.elegot.com\/s\/recuperacion-cuentas\/wp-content\/uploads\/2024\/07\/DALL\u00b7E-2024-07-01-07.28.00-A-scene-illustrating-advanced-digital-security-measures-for-Google-accounts.-The-image-shows-a-professional-configuring-security-settings-on-a-compute-1024x585.webp\" class=\"attachment-large size-large wp-image-360\" alt=\"Persona configurando seguridad en un ordenador y usando autenticaci\u00f3n de dos factores en su smartphone.\" srcset=\"https:\/\/webs.elegot.com\/s\/recuperacion-cuentas\/wp-content\/uploads\/2024\/07\/DALL\u00b7E-2024-07-01-07.28.00-A-scene-illustrating-advanced-digital-security-measures-for-Google-accounts.-The-image-shows-a-professional-configuring-security-settings-on-a-compute-1024x585.webp 1024w, https:\/\/webs.elegot.com\/s\/recuperacion-cuentas\/wp-content\/uploads\/2024\/07\/DALL\u00b7E-2024-07-01-07.28.00-A-scene-illustrating-advanced-digital-security-measures-for-Google-accounts.-The-image-shows-a-professional-configuring-security-settings-on-a-compute-300x171.webp 300w, https:\/\/webs.elegot.com\/s\/recuperacion-cuentas\/wp-content\/uploads\/2024\/07\/DALL\u00b7E-2024-07-01-07.28.00-A-scene-illustrating-advanced-digital-security-measures-for-Google-accounts.-The-image-shows-a-professional-configuring-security-settings-on-a-compute-768x439.webp 768w, https:\/\/webs.elegot.com\/s\/recuperacion-cuentas\/wp-content\/uploads\/2024\/07\/DALL\u00b7E-2024-07-01-07.28.00-A-scene-illustrating-advanced-digital-security-measures-for-Google-accounts.-The-image-shows-a-professional-configuring-security-settings-on-a-compute-1536x878.webp 1536w, https:\/\/webs.elegot.com\/s\/recuperacion-cuentas\/wp-content\/uploads\/2024\/07\/DALL\u00b7E-2024-07-01-07.28.00-A-scene-illustrating-advanced-digital-security-measures-for-Google-accounts.-The-image-shows-a-professional-configuring-security-settings-on-a-compute.webp 1792w\" sizes=\"(max-width: 1024px) 100vw, 1024px\" \/>\t\t\t\t\t\t\t\t\t\t\t\t\t\t\t<\/div>\n\t\t\t\t<\/div>\n\t\t\t\t<\/div>\n\t\t\t\t\t<\/div>\n\t\t\t\t<\/div>\n\t\t<div class=\"elementor-element elementor-element-ca9dee3 e-flex e-con-boxed e-con e-parent\" data-id=\"ca9dee3\" data-element_type=\"container\" data-e-type=\"container\">\n\t\t\t\t\t<div class=\"e-con-inner\">\n\t\t<div class=\"elementor-element elementor-element-8694700 e-con-full e-flex e-con e-child\" data-id=\"8694700\" data-element_type=\"container\" data-e-type=\"container\">\n\t\t\t\t<div class=\"elementor-element elementor-element-cb75d90 elementor-widget__width-initial elementor-widget-tablet__width-initial elementor-widget-mobile__width-initial elementor-widget elementor-widget-image\" data-id=\"cb75d90\" data-element_type=\"widget\" data-e-type=\"widget\" data-widget_type=\"image.default\">\n\t\t\t\t<div class=\"elementor-widget-container\">\n\t\t\t\t\t\t\t\t\t\t\t\t\t\t\t<img loading=\"lazy\" decoding=\"async\" width=\"1024\" height=\"536\" src=\"https:\/\/webs.elegot.com\/s\/recuperacion-cuentas\/wp-content\/uploads\/2024\/06\/Customer_Support_Definition_Importance_and_Essential_Tips_01-min-1024x536.webp\" class=\"attachment-large size-large wp-image-213\" alt=\"Persona con auriculares trabajando en soporte t\u00e9cnico desde su computadora.\" srcset=\"https:\/\/webs.elegot.com\/s\/recuperacion-cuentas\/wp-content\/uploads\/2024\/06\/Customer_Support_Definition_Importance_and_Essential_Tips_01-min-1024x536.webp 1024w, https:\/\/webs.elegot.com\/s\/recuperacion-cuentas\/wp-content\/uploads\/2024\/06\/Customer_Support_Definition_Importance_and_Essential_Tips_01-min-300x157.webp 300w, https:\/\/webs.elegot.com\/s\/recuperacion-cuentas\/wp-content\/uploads\/2024\/06\/Customer_Support_Definition_Importance_and_Essential_Tips_01-min-768x402.webp 768w, https:\/\/webs.elegot.com\/s\/recuperacion-cuentas\/wp-content\/uploads\/2024\/06\/Customer_Support_Definition_Importance_and_Essential_Tips_01-min-1536x804.webp 1536w, https:\/\/webs.elegot.com\/s\/recuperacion-cuentas\/wp-content\/uploads\/2024\/06\/Customer_Support_Definition_Importance_and_Essential_Tips_01-min.webp 1910w\" sizes=\"(max-width: 1024px) 100vw, 1024px\" \/>\t\t\t\t\t\t\t\t\t\t\t\t\t\t\t<\/div>\n\t\t\t\t<\/div>\n\t\t\t\t<div class=\"elementor-element elementor-element-81c9159 elementor-widget__width-initial elementor-absolute elementor-widget elementor-widget-image\" data-id=\"81c9159\" data-element_type=\"widget\" data-e-type=\"widget\" data-settings=\"{&quot;_position&quot;:&quot;absolute&quot;}\" data-widget_type=\"image.default\">\n\t\t\t\t<div class=\"elementor-widget-container\">\n\t\t\t\t\t\t\t\t\t\t\t\t\t\t\t<img loading=\"lazy\" decoding=\"async\" width=\"1024\" height=\"585\" src=\"https:\/\/webs.elegot.com\/s\/recuperacion-cuentas\/wp-content\/uploads\/2024\/07\/DALL\u00b7E-2024-07-01-07.31.24-A-scene-depicting-continuous-support-for-digital-marketing-services.-The-image-shows-a-customer-support-representative-with-headphones-working-on-a-co-1024x585.webp\" class=\"attachment-large size-large wp-image-365\" alt=\"Representante de soporte con auriculares en videollamada, datos en pantallas y equipo colaborando.\" srcset=\"https:\/\/webs.elegot.com\/s\/recuperacion-cuentas\/wp-content\/uploads\/2024\/07\/DALL\u00b7E-2024-07-01-07.31.24-A-scene-depicting-continuous-support-for-digital-marketing-services.-The-image-shows-a-customer-support-representative-with-headphones-working-on-a-co-1024x585.webp 1024w, https:\/\/webs.elegot.com\/s\/recuperacion-cuentas\/wp-content\/uploads\/2024\/07\/DALL\u00b7E-2024-07-01-07.31.24-A-scene-depicting-continuous-support-for-digital-marketing-services.-The-image-shows-a-customer-support-representative-with-headphones-working-on-a-co-300x171.webp 300w, https:\/\/webs.elegot.com\/s\/recuperacion-cuentas\/wp-content\/uploads\/2024\/07\/DALL\u00b7E-2024-07-01-07.31.24-A-scene-depicting-continuous-support-for-digital-marketing-services.-The-image-shows-a-customer-support-representative-with-headphones-working-on-a-co-768x439.webp 768w, https:\/\/webs.elegot.com\/s\/recuperacion-cuentas\/wp-content\/uploads\/2024\/07\/DALL\u00b7E-2024-07-01-07.31.24-A-scene-depicting-continuous-support-for-digital-marketing-services.-The-image-shows-a-customer-support-representative-with-headphones-working-on-a-co-1536x878.webp 1536w, https:\/\/webs.elegot.com\/s\/recuperacion-cuentas\/wp-content\/uploads\/2024\/07\/DALL\u00b7E-2024-07-01-07.31.24-A-scene-depicting-continuous-support-for-digital-marketing-services.-The-image-shows-a-customer-support-representative-with-headphones-working-on-a-co.webp 1792w\" sizes=\"(max-width: 1024px) 100vw, 1024px\" \/>\t\t\t\t\t\t\t\t\t\t\t\t\t\t\t<\/div>\n\t\t\t\t<\/div>\n\t\t\t\t<\/div>\n\t\t<div class=\"elementor-element elementor-element-55b74a3 e-con-full e-flex e-con e-child\" data-id=\"55b74a3\" data-element_type=\"container\" data-e-type=\"container\">\n\t\t\t\t<div class=\"elementor-element elementor-element-4903af6 elementor-widget elementor-widget-heading\" data-id=\"4903af6\" data-element_type=\"widget\" data-e-type=\"widget\" data-widget_type=\"heading.default\">\n\t\t\t\t<div class=\"elementor-widget-container\">\n\t\t\t\t\t<h2 class=\"elementor-heading-title elementor-size-default\">03<\/h2>\t\t\t\t<\/div>\n\t\t\t\t<\/div>\n\t\t\t\t<div class=\"elementor-element elementor-element-f011864 elementor-widget elementor-widget-heading\" data-id=\"f011864\" data-element_type=\"widget\" data-e-type=\"widget\" data-widget_type=\"heading.default\">\n\t\t\t\t<div class=\"elementor-widget-container\">\n\t\t\t\t\t<h2 class=\"elementor-heading-title elementor-size-default\">- Soporte continuo<\/h2>\t\t\t\t<\/div>\n\t\t\t\t<\/div>\n\t\t\t\t<div class=\"elementor-element elementor-element-b4a0582 elementor-widget elementor-widget-text-editor\" data-id=\"b4a0582\" data-element_type=\"widget\" data-e-type=\"widget\" data-widget_type=\"text-editor.default\">\n\t\t\t\t<div class=\"elementor-widget-container\">\n\t\t\t\t\t\t\t\t\t<p><span style=\"font-weight: 400;\">Ofrecemos soporte constante para resolver cualquier problema que pueda surgir y para mantener tus campa\u00f1as en \u00f3ptimo funcionamiento.<\/span><\/p>\t\t\t\t\t\t\t\t<\/div>\n\t\t\t\t<\/div>\n\t\t\t\t<\/div>\n\t\t\t\t\t<\/div>\n\t\t\t\t<\/div>\n\t\t<div class=\"elementor-element elementor-element-f03b567 e-con-full e-flex e-con e-parent\" data-id=\"f03b567\" data-element_type=\"container\" data-e-type=\"container\">\n\t\t\t\t<div class=\"elementor-element elementor-element-3ea9d55 elementor-widget__width-inherit elementor-widget elementor-widget-shortcode\" data-id=\"3ea9d55\" data-element_type=\"widget\" data-e-type=\"widget\" data-widget_type=\"shortcode.default\">\n\t\t\t\t<div class=\"elementor-widget-container\">\n\t\t\t\t\t\t\t<div class=\"elementor-shortcode\">\t\t<div data-elementor-type=\"container\" data-elementor-id=\"270\" class=\"elementor elementor-270\" data-elementor-post-type=\"elementor_library\">\n\t\t\t\t<div class=\"elementor-element elementor-element-44c41600 e-flex e-con-boxed e-con e-parent\" data-id=\"44c41600\" data-element_type=\"container\" data-e-type=\"container\" data-settings=\"{&quot;background_background&quot;:&quot;classic&quot;}\">\n\t\t\t\t\t<div class=\"e-con-inner\">\n\t\t\t\t<div class=\"elementor-element elementor-element-60f96287 elementor-widget-mobile__width-initial elementor-widget elementor-widget-heading\" data-id=\"60f96287\" data-element_type=\"widget\" data-e-type=\"widget\" data-widget_type=\"heading.default\">\n\t\t\t\t<div class=\"elementor-widget-container\">\n\t\t\t\t\t<h2 class=\"elementor-heading-title elementor-size-default\">Recupera el control de tu cuenta de Google Ads<\/h2>\t\t\t\t<\/div>\n\t\t\t\t<\/div>\n\t\t\t\t<div class=\"elementor-element elementor-element-558fa9b elementor-widget__width-initial elementor-widget elementor-widget-heading\" data-id=\"558fa9b\" data-element_type=\"widget\" data-e-type=\"widget\" data-widget_type=\"heading.default\">\n\t\t\t\t<div class=\"elementor-widget-container\">\n\t\t\t\t\t<h2 class=\"elementor-heading-title elementor-size-default\"> \u00bfProblemas con tu cuenta de Google Ads? <\/h2>\t\t\t\t<\/div>\n\t\t\t\t<\/div>\n\t\t\t\t<div class=\"elementor-element elementor-element-728d9763 elementor-widget__width-initial elementor-widget elementor-widget-heading\" data-id=\"728d9763\" data-element_type=\"widget\" data-e-type=\"widget\" data-widget_type=\"heading.default\">\n\t\t\t\t<div class=\"elementor-widget-container\">\n\t\t\t\t\t<h2 class=\"elementor-heading-title elementor-size-default\">\u00a1Cont\u00e1ctanos hoy para una evaluaci\u00f3n gratuita!<\/h2>\t\t\t\t<\/div>\n\t\t\t\t<\/div>\n\t\t\t\t<div class=\"elementor-element elementor-element-1e147ebf elementor-widget elementor-widget-button\" data-id=\"1e147ebf\" data-element_type=\"widget\" data-e-type=\"widget\" data-widget_type=\"button.default\">\n\t\t\t\t<div class=\"elementor-widget-container\">\n\t\t\t\t\t\t\t\t\t<div class=\"elementor-button-wrapper\">\n\t\t\t\t\t<a class=\"elementor-button elementor-button-link elementor-size-sm\" href=\"https:\/\/webs.elegot.com\/s\/recuperacion-cuentas\/contacto\/\">\n\t\t\t\t\t\t<span class=\"elementor-button-content-wrapper\">\n\t\t\t\t\t\t\t\t\t<span class=\"elementor-button-text\">\u00a1Env\u00edanos un mensaje!<\/span>\n\t\t\t\t\t<\/span>\n\t\t\t\t\t<\/a>\n\t\t\t\t<\/div>\n\t\t\t\t\t\t\t\t<\/div>\n\t\t\t\t<\/div>\n\t\t\t\t\t<\/div>\n\t\t\t\t<\/div>\n\t\t\t\t<\/div>\n\t\t<\/div>\n\t\t\t\t\t\t<\/div>\n\t\t\t\t<\/div>\n\t\t\t\t<\/div>\n\t\t\t\t<\/div>\n\t\t","protected":false},"excerpt":{"rendered":"<p>Nuestros Servicios Soluciones integrales para la recuperaci\u00f3n y gesti\u00f3n de Google Ads 01 &#8211; Recuperaci\u00f3n de cuentas suspendidas Analizamos y [&hellip;]<\/p>\n","protected":false},"author":2,"featured_media":0,"parent":0,"menu_order":0,"comment_status":"closed","ping_status":"closed","template":"elementor_header_footer","meta":{"site-sidebar-layout":"no-sidebar","site-content-layout":"","ast-site-content-layout":"full-width-container","site-content-style":"default","site-sidebar-style":"default","ast-global-header-display":"","ast-banner-title-visibility":"","ast-main-header-display":"","ast-hfb-above-header-display":"","ast-hfb-below-header-display":"","ast-hfb-mobile-header-display":"","site-post-title":"disabled","ast-breadcrumbs-content":"","ast-featured-img":"disabled","footer-sml-layout":"","theme-transparent-header-meta":"","adv-header-id-meta":"","stick-header-meta":"","header-above-stick-meta":"","header-main-stick-meta":"","header-below-stick-meta":"","astra-migrate-meta-layouts":"default","ast-page-background-enabled":"default","ast-page-background-meta":{"desktop":{"background-color":"var(--ast-global-color-4)","background-image":"","background-repeat":"repeat","background-position":"center center","background-size":"auto","background-attachment":"scroll","background-type":"","background-media":"","overlay-type":"","overlay-color":"","overlay-opacity":"","overlay-gradient":""},"tablet":{"background-color":"","background-image":"","background-repeat":"repeat","background-position":"center center","background-size":"auto","background-attachment":"scroll","background-type":"","background-media":"","overlay-type":"","overlay-color":"","overlay-opacity":"","overlay-gradient":""},"mobile":{"background-color":"","background-image":"","background-repeat":"repeat","background-position":"center center","background-size":"auto","background-attachment":"scroll","background-type":"","background-media":"","overlay-type":"","overlay-color":"","overlay-opacity":"","overlay-gradient":""}},"ast-content-background-meta":{"desktop":{"background-color":"var(--ast-global-color-5)","background-image":"","background-repeat":"repeat","background-position":"center center","background-size":"auto","background-attachment":"scroll","background-type":"","background-media":"","overlay-type":"","overlay-color":"","overlay-opacity":"","overlay-gradient":""},"tablet":{"background-color":"var(--ast-global-color-5)","background-image":"","background-repeat":"repeat","background-position":"center center","background-size":"auto","background-attachment":"scroll","background-type":"","background-media":"","overlay-type":"","overlay-color":"","overlay-opacity":"","overlay-gradient":""},"mobile":{"background-color":"var(--ast-global-color-5)","background-image":"","background-repeat":"repeat","background-position":"center center","background-size":"auto","background-attachment":"scroll","background-type":"","background-media":"","overlay-type":"","overlay-color":"","overlay-opacity":"","overlay-gradient":""}},"footnotes":""},"class_list":["post-191","page","type-page","status-publish","hentry"],"_links":{"self":[{"href":"https:\/\/webs.elegot.com\/s\/recuperacion-cuentas\/wp-json\/wp\/v2\/pages\/191","targetHints":{"allow":["GET"]}}],"collection":[{"href":"https:\/\/webs.elegot.com\/s\/recuperacion-cuentas\/wp-json\/wp\/v2\/pages"}],"about":[{"href":"https:\/\/webs.elegot.com\/s\/recuperacion-cuentas\/wp-json\/wp\/v2\/types\/page"}],"author":[{"embeddable":true,"href":"https:\/\/webs.elegot.com\/s\/recuperacion-cuentas\/wp-json\/wp\/v2\/users\/2"}],"replies":[{"embeddable":true,"href":"https:\/\/webs.elegot.com\/s\/recuperacion-cuentas\/wp-json\/wp\/v2\/comments?post=191"}],"version-history":[{"count":37,"href":"https:\/\/webs.elegot.com\/s\/recuperacion-cuentas\/wp-json\/wp\/v2\/pages\/191\/revisions"}],"predecessor-version":[{"id":461,"href":"https:\/\/webs.elegot.com\/s\/recuperacion-cuentas\/wp-json\/wp\/v2\/pages\/191\/revisions\/461"}],"wp:attachment":[{"href":"https:\/\/webs.elegot.com\/s\/recuperacion-cuentas\/wp-json\/wp\/v2\/media?parent=191"}],"curies":[{"name":"wp","href":"https:\/\/api.w.org\/{rel}","templated":true}]}}