{"id":1620,"date":"2024-05-06T11:15:53","date_gmt":"2024-05-06T10:15:53","guid":{"rendered":"https:\/\/oscar-carballo.com\/?page_id=1620"},"modified":"2024-05-06T11:19:34","modified_gmt":"2024-05-06T10:19:34","slug":"accesibilidad","status":"publish","type":"page","link":"https:\/\/webs.elegot.com\/s\/oscar-carballo\/accesibilidad\/","title":{"rendered":"Accesibilidad"},"content":{"rendered":"\t\t<div data-elementor-type=\"wp-page\" data-elementor-id=\"1620\" class=\"elementor elementor-1620\" data-elementor-post-type=\"page\">\n\t\t\t\t<div class=\"elementor-element elementor-element-bea8998 e-flex e-con-boxed e-con e-parent\" data-id=\"bea8998\" data-element_type=\"container\" data-e-type=\"container\" data-settings=\"{&quot;background_background&quot;:&quot;classic&quot;}\">\n\t\t\t\t\t<div class=\"e-con-inner\">\n\t\t<div class=\"elementor-element elementor-element-1e8a867 e-con-full e-flex e-con e-child\" data-id=\"1e8a867\" data-element_type=\"container\" data-e-type=\"container\">\n\t\t\t\t<div class=\"elementor-element elementor-element-bb2be03 elementor-widget elementor-widget-heading\" data-id=\"bb2be03\" data-element_type=\"widget\" data-e-type=\"widget\" data-widget_type=\"heading.default\">\n\t\t\t\t<div class=\"elementor-widget-container\">\n\t\t\t\t\t<h1 class=\"elementor-heading-title elementor-size-default\">Accesibilidad<\/h1>\t\t\t\t<\/div>\n\t\t\t\t<\/div>\n\t\t\t\t<\/div>\n\t\t\t\t\t<\/div>\n\t\t\t\t<\/div>\n\t\t<div class=\"elementor-element elementor-element-8007f17 e-flex e-con-boxed e-con e-parent\" data-id=\"8007f17\" data-element_type=\"container\" data-e-type=\"container\">\n\t\t\t\t\t<div class=\"e-con-inner\">\n\t\t\t\t<div class=\"elementor-element elementor-element-56f5eca elementor-widget elementor-widget-text-editor\" data-id=\"56f5eca\" data-element_type=\"widget\" data-e-type=\"widget\" data-widget_type=\"text-editor.default\">\n\t\t\t\t<div class=\"elementor-widget-container\">\n\t\t\t\t\t\t\t\t\t<h5><strong>1.1. INTRODUCCI\u00d3N<\/strong><\/h5><p>OSCAR CARBALLO ARES se ha comprometido a hacer accesible <strong><a class=\"link-text-dark\" href=\"https:\/\/webs.elegot.com\/s\/oscar-carballo\/\">oscar-carballo.com<\/a><\/strong>.<\/p><p>La presente declaraci\u00f3n de accesibilidad se aplica al sitio web <strong><a class=\"link-text-dark\" href=\"https:\/\/webs.elegot.com\/s\/oscar-carballo\/\">oscar-carballo.com<\/a><\/strong>.<\/p><h5><strong>1.2 SITUACI\u00d3N DE CUMPLIMIENTO<\/strong><\/h5><p>Este sitio web es parcialmente conforme con UNE-EN 301 549:2022.<\/p><h5><strong>1.3. CONTENIDO NO ACCESIBLE<\/strong><\/h5><p>El contenido que se recoge a continuaci\u00f3n no es accesible por lo siguiente:<\/p><p>a) falta de conformidad con\u00a0UNE-EN 301 549:2022<em>.<\/em><\/p><ul><li><em>La presentaci\u00f3n visual de im\u00e1genes e im\u00e1genes de texto no tiene un contraste de al menos 4,5:1, requisito n\u00famero 9.1.4.3 de\u00a0UNE-EN 301 549:2022.<\/em><\/li><li><em>La presentaci\u00f3n visual de los elementos no tiene un contraste de al menos 3:1 con respecto a los colores adyacentes, requisito n\u00famero 9.1.4.11 de\u00a0UNE-EN 301 549:2022.<\/em><\/li><li><em>El espaciado del texto no es amplio en algunas partes del sitio web, requisito 9.1.4.12 de\u00a0UNE-EN 301 549:2022.<\/em><\/li><li><em>Hay contenido oculto que no permanece visible al retirar el cursor del mismo, requisito 9.1.4.13 de\u00a0UNE-EN 301 549:2022.<\/em><\/li><li><em>No todo el contenido del sitio web es accesible desde el teclado, requisito 9.2.1.1 de\u00a0UNE-EN 301 549:2022.<\/em><\/li><li><em>No se puede mover el foco de atenci\u00f3n en algunas partes del sitio web solo con el teclado, requisito 9.2.1.2 de\u00a0UNE-EN 301 549:2022.<\/em><\/li><li><em>No existen mecanismos que permitan desactivar atajos de teclado, requisito 9.2.1.4 de\u00a0UNE-EN 301 549:2022.<\/em><\/li><li><em>No es posible detener l\u00edmites de tiempo en algunas partes del sitio web, requisito 9.2.2.1 de\u00a0UNE-EN 301 549:2022.<\/em><\/li><li><em>No existe un mecanismo para evitar la repetici\u00f3n de bloques de contenido en el sitio web, requisito 9.2.4.1 de\u00a0UNE-EN 301 549:2022.<\/em><\/li><li><em>No hay operabilidad mediante el teclado en algunas partes del sitio web, requisito 9.2.4.7 de\u00a0UNE-EN 301 549:2022.<\/em><\/li><li><em>Hay funciones que no pueden operarse con un solo puntero lo que incumple los requisitos, requisito 9.2.5.1 de\u00a0UNE-EN 301 549:2022 y requisito 9.2.5.2 de UNE-EN 301 549:2022.<\/em><\/li><li><em>Hay im\u00e1genes que no incluyen la etiqueta nombre el contenido, requisito 9.2.5.3 de\u00a0UNE-EN 301 549:2022.<\/em><\/li><li><em>No hay mecanismos para evitar la respuesta al movimiento, requisito 9.2.5.4 de\u00a0UNE-EN 301 549:2022.<\/em><\/li><li><em>No todos los elementos que reciben el foco no cambian el contenido, requisito 9.3.2.1 de\u00a0UNE-EN 301 549:2022.<\/em><\/li><li><em>Hay cambios en componentes que alteran el entorno y no est\u00e1n avisados correctamente, requisito 9.3.2.2 de\u00a0UNE-EN 301 549:2022.<\/em><\/li><li><em>No en todos los navegadores se muestran sugerencias en caso de error en la introducci\u00f3n de datos, requisito 9.3.3.3 de\u00a0UNE-EN 301 549:2022.<\/em><\/li><li><em>No hay reversibilidad en el env\u00edo de datos mediante formularios, requisito 9.3.3.4 de\u00a0UNE-EN 301 549:2022.<\/em><\/li><li><em>No se garantiza que no haya errores en lenguajes de marcas, requisito 9.4.1.1 de\u00a0UNE-EN 301 549:2022.<\/em><\/li><li><em>Hay algunos componentes de usuario dise\u00f1ados que no cumplen el requisito 9.4.1.2 de\u00a0UNE-EN 301 549:2022.<\/em><\/li><li><em>Hay mensajes de estado que pueden aparecer en ocasiones que no est\u00e1n correctamente marcados, requisito 9.4.1.3 de\u00a0UNE-EN 301 549:2022.<\/em><\/li><li><em>No se satisfacen las pautas WCAG 2.1 en el nivel AA, requisito 9.6 de\u00a0UNE-EN 301 549:2022.<\/em><\/li><li><em>No se garantiza la accesibilidad en los enlaces de salida de la web, requisito 11.8.3 de\u00a0UNE-EN 301 549:2022.<\/em><\/li><li><em>La herramienta de autor no muestra sugerencias para reparar criterios de accesibilidad, requisito 11.8.4 de\u00a0UNE-EN 301 549:2022.<\/em><\/li><li><em>Los servicios de apoyo para el sitio web, como el tel\u00e9fono de atenci\u00f3n no se adapta a las personas con discapacidad, requisito 12.2.3 de\u00a0UNE-EN 301 549:2022.<\/em><\/li><li><em>La documentaci\u00f3n suministrada por los servicios de apoyo no est\u00e1 adaptada a las personas con discapacidad, requisito 12.2.4 de\u00a0UNE-EN 301 549:2022.<\/em><\/li><\/ul><p>b) carga desproporcionada<\/p><p>No hay contenido para el que se invoca temporalmente la aplicaci\u00f3n de la excepci\u00f3n por carga desproporcionada de conformidad con el art\u00edculo 5 de la Directiva (UE) 2016\/2102.<\/p><p>c) el contenido no entra dentro del \u00e1mbito de la legislaci\u00f3n aplicable<\/p><ul><li><em>No se dispone de botones para la activaci\u00f3n de caracter\u00edsticas de accesibilidad, requisito 5.2 de UNE-EN 301 549:2022.<\/em><\/li><li><em>No se emplea biom\u00e9trica en el sitio web, requisito 5.3 de\u00a0UNE-EN 301 549:2022.<\/em><\/li><li><em>No hay conversiones en el sitio web, requisito 5.4 de\u00a0UNE-EN 301 549:2022.<\/em><\/li><li><em>No hay sonido en el sitio web, por lo que no aplican los requisitos 6.1, 6.2.1.1, 6.2.1.2, 6.2.2.1, 6.2.2.2, 6.2.2.3, 6.2.2.4, 6.2.3, 6.2.4, 6.3, 6.4, 6.5.2, 6.5.3, 6.5.4, 6.5.5, 6.5.6, 7.1.1, 7.1.2, 7.1.3, 7.1.4, 7.1.5, 7.2.1, 7.2.2, 7.2.3, 7.3, 9.1.2.1, 9.1.2.2, 9.1.2.3, 9.1.2.5, 9.1.4.2 de\u00a0UNE-EN 301 549:2022.<\/em><\/li><\/ul><h5><strong>1.4. PREPARACI\u00d3N DE LA PRESENTE DECLARACI\u00d3N DE ACCESIBILIDAD<\/strong><\/h5><p>La presente declaraci\u00f3n fue preparada por OSCAR CARBALLO ARES el Lunes, 6 de mayo de 2024.<\/p><p>\u00daltima revisi\u00f3n de la declaraci\u00f3n: Lunes, 6 de mayo de 2024.<\/p><h5><strong>1.5. OBSERVACIONES Y DATOS DE CONTACTO<\/strong><\/h5><p>Puede realizar comunicaciones sobre requisitos de accesibilidad a trav\u00e9s del siguiente medio:<\/p><ul><li>Correo electr\u00f3nico: oscar.carballo63@hotmail.com<\/li><\/ul><h5><strong>1.6. PROCEDIMIENTO DE APLICACI\u00d3N<\/strong><\/h5><p>Para iniciar una reclamaci\u00f3n o presentar una solicitud de informaci\u00f3n accesible, por favor cont\u00e1ctenos a trav\u00e9s del correo electr\u00f3nico proporcionado.<\/p>\t\t\t\t\t\t\t\t<\/div>\n\t\t\t\t<\/div>\n\t\t\t\t\t<\/div>\n\t\t\t\t<\/div>\n\t\t\t\t<\/div>\n\t\t","protected":false},"excerpt":{"rendered":"<p>Accesibilidad 1.1. INTRODUCCI\u00d3N OSCAR CARBALLO ARES se ha comprometido a hacer accesible oscar-carballo.com. La presente declaraci\u00f3n de accesibilidad se aplica al sitio web oscar-carballo.com. 1.2 SITUACI\u00d3N DE CUMPLIMIENTO Este sitio web es parcialmente conforme con UNE-EN 301 549:2022. 1.3. CONTENIDO NO ACCESIBLE El contenido que se recoge a continuaci\u00f3n no es accesible por lo siguiente: [&hellip;]<\/p>\n","protected":false},"author":2,"featured_media":0,"parent":0,"menu_order":0,"comment_status":"closed","ping_status":"closed","template":"","meta":{"site-sidebar-layout":"no-sidebar","site-content-layout":"page-builder","ast-site-content-layout":"default","site-content-style":"default","site-sidebar-style":"default","ast-global-header-display":"","ast-banner-title-visibility":"","ast-main-header-display":"","ast-hfb-above-header-display":"","ast-hfb-below-header-display":"","ast-hfb-mobile-header-display":"","site-post-title":"disabled","ast-breadcrumbs-content":"disabled","ast-featured-img":"disabled","footer-sml-layout":"","ast-disable-related-posts":"","theme-transparent-header-meta":"enabled","adv-header-id-meta":"","stick-header-meta":"","header-above-stick-meta":"","header-main-stick-meta":"","header-below-stick-meta":"","astra-migrate-meta-layouts":"default","ast-page-background-enabled":"default","ast-page-background-meta":{"desktop":{"background-color":"","background-image":"","background-repeat":"repeat","background-position":"center center","background-size":"auto","background-attachment":"scroll","background-type":"","background-media":"","overlay-type":"","overlay-color":"","overlay-opacity":"","overlay-gradient":""},"tablet":{"background-color":"","background-image":"","background-repeat":"repeat","background-position":"center center","background-size":"auto","background-attachment":"scroll","background-type":"","background-media":"","overlay-type":"","overlay-color":"","overlay-opacity":"","overlay-gradient":""},"mobile":{"background-color":"","background-image":"","background-repeat":"repeat","background-position":"center center","background-size":"auto","background-attachment":"scroll","background-type":"","background-media":"","overlay-type":"","overlay-color":"","overlay-opacity":"","overlay-gradient":""}},"ast-content-background-meta":{"desktop":{"background-color":"var(--ast-global-color-5)","background-image":"","background-repeat":"repeat","background-position":"center center","background-size":"auto","background-attachment":"scroll","background-type":"","background-media":"","overlay-type":"","overlay-color":"","overlay-opacity":"","overlay-gradient":""},"tablet":{"background-color":"var(--ast-global-color-5)","background-image":"","background-repeat":"repeat","background-position":"center center","background-size":"auto","background-attachment":"scroll","background-type":"","background-media":"","overlay-type":"","overlay-color":"","overlay-opacity":"","overlay-gradient":""},"mobile":{"background-color":"var(--ast-global-color-5)","background-image":"","background-repeat":"repeat","background-position":"center center","background-size":"auto","background-attachment":"scroll","background-type":"","background-media":"","overlay-type":"","overlay-color":"","overlay-opacity":"","overlay-gradient":""}},"footnotes":""},"class_list":["post-1620","page","type-page","status-publish","hentry"],"_links":{"self":[{"href":"https:\/\/webs.elegot.com\/s\/oscar-carballo\/wp-json\/wp\/v2\/pages\/1620","targetHints":{"allow":["GET"]}}],"collection":[{"href":"https:\/\/webs.elegot.com\/s\/oscar-carballo\/wp-json\/wp\/v2\/pages"}],"about":[{"href":"https:\/\/webs.elegot.com\/s\/oscar-carballo\/wp-json\/wp\/v2\/types\/page"}],"author":[{"embeddable":true,"href":"https:\/\/webs.elegot.com\/s\/oscar-carballo\/wp-json\/wp\/v2\/users\/2"}],"replies":[{"embeddable":true,"href":"https:\/\/webs.elegot.com\/s\/oscar-carballo\/wp-json\/wp\/v2\/comments?post=1620"}],"version-history":[{"count":7,"href":"https:\/\/webs.elegot.com\/s\/oscar-carballo\/wp-json\/wp\/v2\/pages\/1620\/revisions"}],"predecessor-version":[{"id":1627,"href":"https:\/\/webs.elegot.com\/s\/oscar-carballo\/wp-json\/wp\/v2\/pages\/1620\/revisions\/1627"}],"wp:attachment":[{"href":"https:\/\/webs.elegot.com\/s\/oscar-carballo\/wp-json\/wp\/v2\/media?parent=1620"}],"curies":[{"name":"wp","href":"https:\/\/api.w.org\/{rel}","templated":true}]}}