{"id":473,"date":"2024-09-19T09:53:34","date_gmt":"2024-09-19T09:53:34","guid":{"rendered":"https:\/\/webs.elegot.com\/s\/mcjinversiones\/?page_id=473"},"modified":"2024-09-23T14:36:59","modified_gmt":"2024-09-23T14:36:59","slug":"sobre-nosotros","status":"publish","type":"page","link":"https:\/\/webs.elegot.com\/s\/mcjinversiones\/sobre-nosotros\/","title":{"rendered":"Sobre Nosotros"},"content":{"rendered":"\t\t<div data-elementor-type=\"wp-page\" data-elementor-id=\"473\" class=\"elementor elementor-473\" data-elementor-post-type=\"page\">\n\t\t\t\t<div class=\"elementor-element elementor-element-802663b e-flex e-con-boxed e-con e-parent\" data-id=\"802663b\" data-element_type=\"container\" data-settings=\"{&quot;background_background&quot;:&quot;classic&quot;}\">\n\t\t\t\t\t<div class=\"e-con-inner\">\n\t\t\t\t<div class=\"elementor-element elementor-element-842eeec elementor-widget elementor-widget-heading\" data-id=\"842eeec\" data-element_type=\"widget\" data-widget_type=\"heading.default\">\n\t\t\t\t<div class=\"elementor-widget-container\">\n\t\t\t<h1 class=\"elementor-heading-title elementor-size-default\">Sobre Nosotros<\/h1>\t\t<\/div>\n\t\t\t\t<\/div>\n\t\t\t\t\t<\/div>\n\t\t\t\t<\/div>\n\t\t<div class=\"elementor-element elementor-element-f5218db e-flex e-con-boxed e-con e-parent\" data-id=\"f5218db\" data-element_type=\"container\">\n\t\t\t\t\t<div class=\"e-con-inner\">\n\t\t<div class=\"elementor-element elementor-element-f8114a0 e-con-full e-flex e-con e-child\" data-id=\"f8114a0\" data-element_type=\"container\">\n\t\t\t\t<div class=\"elementor-element elementor-element-f148e77 elementor-widget elementor-widget-heading\" data-id=\"f148e77\" data-element_type=\"widget\" data-widget_type=\"heading.default\">\n\t\t\t\t<div class=\"elementor-widget-container\">\n\t\t\t<h2 class=\"elementor-heading-title elementor-size-default\">MCJ Inversiones<\/h2>\t\t<\/div>\n\t\t\t\t<\/div>\n\t\t\t\t<div class=\"elementor-element elementor-element-79ae5c0 elementor-widget-divider--view-line elementor-widget elementor-widget-divider\" data-id=\"79ae5c0\" data-element_type=\"widget\" data-widget_type=\"divider.default\">\n\t\t\t\t<div class=\"elementor-widget-container\">\n\t\t\t\t\t<div class=\"elementor-divider\">\n\t\t\t<span class=\"elementor-divider-separator\">\n\t\t\t\t\t\t<\/span>\n\t\t<\/div>\n\t\t\t\t<\/div>\n\t\t\t\t<\/div>\n\t\t\t\t<div class=\"elementor-element elementor-element-4d6348a elementor-widget__width-inherit elementor-widget elementor-widget-text-editor\" data-id=\"4d6348a\" data-element_type=\"widget\" data-widget_type=\"text-editor.default\">\n\t\t\t\t<div class=\"elementor-widget-container\">\n\t\t\t\t\t\t\t<div class=\"flex-shrink-0 flex flex-col relative items-end\"><div><div class=\"pt-0\"><div class=\"gizmo-bot-avatar flex h-8 w-8 items-center justify-center overflow-hidden rounded-full\"><div class=\"relative p-1 rounded-sm flex items-center justify-center bg-token-main-surface-primary text-token-text-primary h-8 w-8\">\u00a0<\/div><\/div><\/div><\/div><\/div><div class=\"group\/conversation-turn relative flex w-full min-w-0 flex-col agent-turn\"><div class=\"flex-col gap-1 md:gap-3\"><div class=\"flex max-w-full flex-col flex-grow\"><div class=\"min-h-[20px] text-message flex w-full flex-col items-end gap-2 whitespace-normal break-words [.text-message+&amp;]:mt-5\" dir=\"auto\" data-message-author-role=\"assistant\" data-message-id=\"a03b1814-ac26-4bd2-ac8c-cd7383152535\"><div class=\"flex w-full flex-col gap-1 empty:hidden first:pt-[3px]\"><div class=\"markdown prose w-full break-words dark:prose-invert light\"><p><strong>MCJ Grupo Inversor<\/strong> est\u00e1 compuesto por un equipo con a\u00f1os de experiencia en el mundo financiero y de las inversiones. Tras a\u00f1os colaborando con grandes instituciones financieras, decidimos unir fuerzas para fundar un grupo de inversi\u00f3n propio, enfocado en brindar una alternativa personalizada y cercana a cada uno de nuestros clientes.<\/p><p>Nos especializamos en dos \u00e1reas clave: el <strong>mercado de valores<\/strong> y las <strong>inversiones inmobiliarias<\/strong>. Nuestro objetivo es identificar y aprovechar las mejores oportunidades en cada uno de estos sectores, con el fin de diversificar nuestras estrategias de inversi\u00f3n y mitigar el riesgo lo m\u00e1ximo posible. Creemos firmemente en el poder de una cartera bien diversificada, ya que permite equilibrar el crecimiento con la seguridad.<\/p><p>Uno de los pilares fundamentales de nuestro enfoque es la <strong>transparencia<\/strong>. Trabajamos codo a codo con cada inversor, tom\u00e1ndonos el tiempo necesario para entender sus metas financieras a corto, medio y largo plazo. De esta manera, desarrollamos estrategias a medida que no solo les permitan alcanzar esos objetivos, sino tambi\u00e9n hacerlo de manera <strong>sostenible y responsable<\/strong>.<\/p><p>En <strong>MCJ Grupo Inversor<\/strong>, buscamos ayudar a las personas a <strong>hacer crecer sus ahorros<\/strong>\u00a0mediante buenas decisiones de inversi\u00f3n. A trav\u00e9s de una planificaci\u00f3n estrat\u00e9gica y un seguimiento continuo de los mercados, guiamos a nuestros clientes en el proceso de generar valor y maximizar su capital.<\/p><p>Un concepto clave en nuestra filosof\u00eda de inversi\u00f3n es el <strong>inter\u00e9s compuesto<\/strong>, una herramienta poderosa para hacer que los ahorros crezcan de forma exponencial con el tiempo. Al reinvertir las ganancias obtenidas, logramos que el capital no solo crezca por las aportaciones iniciales, sino tambi\u00e9n por los rendimientos acumulados, generando as\u00ed un efecto multiplicador. Este enfoque permite que nuestros clientes puedan <strong>alcanzar su libertad financiera<\/strong> y, a largo plazo, obtener mayores rendimientos sin necesidad de asumir riesgos desmedidos.<\/p><p>En resumen, en <strong>MCJ Grupo Inversor<\/strong>, no solo gestionamos inversiones; <strong>construimos relaciones de confianza<\/strong>, ofreciendo una alternativa personalizada que ayuda a nuestros clientes a hacer crecer su patrimonio de forma sostenida y segura, siempre priorizando sus intereses y manteniendo la transparencia como uno de los ejes centrales de nuestra labor.<\/p><\/div><\/div><\/div><\/div><\/div><\/div>\t\t\t\t\t\t<\/div>\n\t\t\t\t<\/div>\n\t\t\t\t<\/div>\n\t\t\t\t\t<\/div>\n\t\t\t\t<\/div>\n\t\t<div class=\"elementor-element elementor-element-bb43859 e-con-full e-flex e-con e-parent\" data-id=\"bb43859\" data-element_type=\"container\">\n\t\t\t\t<div class=\"elementor-element elementor-element-10b0394 elementor-widget__width-inherit elementor-widget elementor-widget-shortcode\" data-id=\"10b0394\" data-element_type=\"widget\" data-widget_type=\"shortcode.default\">\n\t\t\t\t<div class=\"elementor-widget-container\">\n\t\t\t\t\t<div class=\"elementor-shortcode\">\t\t<div data-elementor-type=\"container\" data-elementor-id=\"508\" class=\"elementor elementor-508\" data-elementor-post-type=\"elementor_library\">\n\t\t\t\t<div class=\"elementor-element elementor-element-120bb8d8 e-flex e-con-boxed e-con e-parent\" data-id=\"120bb8d8\" data-element_type=\"container\" data-settings=\"{&quot;background_background&quot;:&quot;classic&quot;}\">\n\t\t\t\t\t<div class=\"e-con-inner\">\n\t\t\t\t<div class=\"elementor-element elementor-element-43f3ad6a elementor-widget elementor-widget-heading\" data-id=\"43f3ad6a\" data-element_type=\"widget\" data-widget_type=\"heading.default\">\n\t\t\t\t<div class=\"elementor-widget-container\">\n\t\t\t<h2 class=\"elementor-heading-title elementor-size-default\">Cont\u00e1ctanos<\/h2>\t\t<\/div>\n\t\t\t\t<\/div>\n\t\t\t\t<div class=\"elementor-element elementor-element-605449a5 elementor-widget-divider--view-line elementor-widget elementor-widget-divider\" data-id=\"605449a5\" data-element_type=\"widget\" data-widget_type=\"divider.default\">\n\t\t\t\t<div class=\"elementor-widget-container\">\n\t\t\t\t\t<div class=\"elementor-divider\">\n\t\t\t<span class=\"elementor-divider-separator\">\n\t\t\t\t\t\t<\/span>\n\t\t<\/div>\n\t\t\t\t<\/div>\n\t\t\t\t<\/div>\n\t\t\t\t<div class=\"elementor-element elementor-element-48adc820 elementor-widget__width-initial elementor-button-align-stretch elementor-widget elementor-widget-form\" data-id=\"48adc820\" data-element_type=\"widget\" data-settings=\"{&quot;step_next_label&quot;:&quot;Next&quot;,&quot;step_previous_label&quot;:&quot;Previous&quot;,&quot;button_width&quot;:&quot;100&quot;,&quot;step_type&quot;:&quot;number_text&quot;,&quot;step_icon_shape&quot;:&quot;circle&quot;}\" data-widget_type=\"form.default\">\n\t\t\t\t<div class=\"elementor-widget-container\">\n\t\t\t\t\t<form class=\"elementor-form\" method=\"post\" id=\"fast_cta\" name=\"Fast CTA\">\n\t\t\t<input type=\"hidden\" name=\"post_id\" value=\"508\"\/>\n\t\t\t<input type=\"hidden\" name=\"form_id\" value=\"48adc820\"\/>\n\t\t\t<input type=\"hidden\" name=\"referer_title\" value=\"Compra de Hipotecas con Descuento\" \/>\n\n\t\t\t\t\t\t\t<input type=\"hidden\" name=\"queried_id\" value=\"408\"\/>\n\t\t\t\n\t\t\t<div class=\"elementor-form-fields-wrapper elementor-labels-above\">\n\t\t\t\t\t\t\t\t<div class=\"elementor-field-type-text elementor-field-group elementor-column elementor-field-group-Nombre elementor-col-50\">\n\t\t\t\t\t\t\t\t\t\t\t\t<label for=\"form-field-Nombre\" class=\"elementor-field-label\">\n\t\t\t\t\t\t\t\tNombre\t\t\t\t\t\t\t<\/label>\n\t\t\t\t\t\t\t\t\t\t\t\t\t\t<input size=\"1\" type=\"text\" name=\"form_fields[Nombre]\" id=\"form-field-Nombre\" class=\"elementor-field elementor-size-sm  elementor-field-textual\" placeholder=\"Nombre\">\n\t\t\t\t\t\t\t\t\t\t\t<\/div>\n\t\t\t\t\t\t\t\t<div class=\"elementor-field-type-tel elementor-field-group elementor-column elementor-field-group-Telefono elementor-col-50\">\n\t\t\t\t\t\t\t\t\t\t\t\t<label for=\"form-field-Telefono\" class=\"elementor-field-label\">\n\t\t\t\t\t\t\t\tTel\u00e9fono\t\t\t\t\t\t\t<\/label>\n\t\t\t\t\t\t\t\t<input size=\"1\" type=\"tel\" name=\"form_fields[Telefono]\" id=\"form-field-Telefono\" class=\"elementor-field elementor-size-sm  elementor-field-textual\" placeholder=\"Tel\u00e9fono\" pattern=\"[0-9()#&amp;+*-=.]+\" title=\"Only numbers and phone characters (#, -, *, etc) are accepted.\">\n\n\t\t\t\t\t\t<\/div>\n\t\t\t\t\t\t\t\t<div class=\"elementor-field-type-email elementor-field-group elementor-column elementor-field-group-Correo elementor-col-100 elementor-field-required\">\n\t\t\t\t\t\t\t\t\t\t\t\t<label for=\"form-field-Correo\" class=\"elementor-field-label\">\n\t\t\t\t\t\t\t\tCorreo\t\t\t\t\t\t\t<\/label>\n\t\t\t\t\t\t\t\t\t\t\t\t\t\t<input size=\"1\" type=\"email\" name=\"form_fields[Correo]\" id=\"form-field-Correo\" class=\"elementor-field elementor-size-sm  elementor-field-textual\" placeholder=\"Correo\" required=\"required\" aria-required=\"true\">\n\t\t\t\t\t\t\t\t\t\t\t<\/div>\n\t\t\t\t\t\t\t\t<div class=\"elementor-field-type-textarea elementor-field-group elementor-column elementor-field-group-info_adicional elementor-col-100\">\n\t\t\t\t\t\t\t\t\t\t\t\t<label for=\"form-field-info_adicional\" class=\"elementor-field-label\">\n\t\t\t\t\t\t\t\tInformaci\u00f3n Adicional\t\t\t\t\t\t\t<\/label>\n\t\t\t\t\t\t<textarea class=\"elementor-field-textual elementor-field  elementor-size-sm\" name=\"form_fields[info_adicional]\" id=\"form-field-info_adicional\" rows=\"3\" placeholder=\"Informaci\u00f3n Adicional\"><\/textarea>\t\t\t\t<\/div>\n\t\t\t\t\t\t\t\t<div class=\"elementor-field-group elementor-column elementor-field-type-submit elementor-col-100 e-form__buttons\">\n\t\t\t\t\t<button class=\"elementor-button elementor-size-sm\" type=\"submit\">\n\t\t\t\t\t\t<span class=\"elementor-button-content-wrapper\">\n\t\t\t\t\t\t\t\t\t\t\t\t\t\t\t\t\t\t\t\t\t\t<span class=\"elementor-button-text\">\u00a1Quiero M\u00e1s Informaci\u00f3n<\/span>\n\t\t\t\t\t\t\t\t\t\t\t\t\t<\/span>\n\t\t\t\t\t<\/button>\n\t\t\t\t<\/div>\n\t\t\t<\/div>\n\t\t<\/form>\n\t\t\t\t<\/div>\n\t\t\t\t<\/div>\n\t\t\t\t\t<\/div>\n\t\t\t\t<\/div>\n\t\t\t\t<\/div>\n\t\t<\/div>\n\t\t\t\t<\/div>\n\t\t\t\t<\/div>\n\t\t\t\t<\/div>\n\t\t\t\t<\/div>\n\t\t","protected":false},"excerpt":{"rendered":"<p>Sobre Nosotros MCJ Inversiones \u00a0 MCJ Grupo Inversor est\u00e1 compuesto por un equipo con a\u00f1os de experiencia en el mundo financiero y de las inversiones. Tras a\u00f1os colaborando con grandes instituciones financieras, decidimos unir fuerzas para fundar un grupo de inversi\u00f3n propio, enfocado en brindar una alternativa personalizada y cercana a cada uno de nuestros [&hellip;]<\/p>\n","protected":false},"author":2,"featured_media":0,"parent":0,"menu_order":0,"comment_status":"closed","ping_status":"closed","template":"elementor_header_footer","meta":{"footnotes":""},"class_list":["post-473","page","type-page","status-publish","hentry"],"_links":{"self":[{"href":"https:\/\/webs.elegot.com\/s\/mcjinversiones\/wp-json\/wp\/v2\/pages\/473","targetHints":{"allow":["GET"]}}],"collection":[{"href":"https:\/\/webs.elegot.com\/s\/mcjinversiones\/wp-json\/wp\/v2\/pages"}],"about":[{"href":"https:\/\/webs.elegot.com\/s\/mcjinversiones\/wp-json\/wp\/v2\/types\/page"}],"author":[{"embeddable":true,"href":"https:\/\/webs.elegot.com\/s\/mcjinversiones\/wp-json\/wp\/v2\/users\/2"}],"replies":[{"embeddable":true,"href":"https:\/\/webs.elegot.com\/s\/mcjinversiones\/wp-json\/wp\/v2\/comments?post=473"}],"version-history":[{"count":34,"href":"https:\/\/webs.elegot.com\/s\/mcjinversiones\/wp-json\/wp\/v2\/pages\/473\/revisions"}],"predecessor-version":[{"id":754,"href":"https:\/\/webs.elegot.com\/s\/mcjinversiones\/wp-json\/wp\/v2\/pages\/473\/revisions\/754"}],"wp:attachment":[{"href":"https:\/\/webs.elegot.com\/s\/mcjinversiones\/wp-json\/wp\/v2\/media?parent=473"}],"curies":[{"name":"wp","href":"https:\/\/api.w.org\/{rel}","templated":true}]}}