{"id":463,"date":"2024-09-19T07:40:53","date_gmt":"2024-09-19T07:40:53","guid":{"rendered":"https:\/\/webs.elegot.com\/s\/mcjinversiones\/?page_id=463"},"modified":"2024-09-19T17:28:23","modified_gmt":"2024-09-19T17:28:23","slug":"solidarios","status":"publish","type":"page","link":"https:\/\/webs.elegot.com\/s\/mcjinversiones\/solidarios\/","title":{"rendered":"Solidarios"},"content":{"rendered":"\t\t<div data-elementor-type=\"wp-page\" data-elementor-id=\"463\" class=\"elementor elementor-463\" data-elementor-post-type=\"page\">\n\t\t\t\t<div class=\"elementor-element elementor-element-802663b e-flex e-con-boxed e-con e-parent\" data-id=\"802663b\" data-element_type=\"container\" data-settings=\"{&quot;background_background&quot;:&quot;classic&quot;}\">\n\t\t\t\t\t<div class=\"e-con-inner\">\n\t\t\t\t<div class=\"elementor-element elementor-element-842eeec elementor-widget elementor-widget-heading\" data-id=\"842eeec\" data-element_type=\"widget\" data-widget_type=\"heading.default\">\n\t\t\t\t<div class=\"elementor-widget-container\">\n\t\t\t<h1 class=\"elementor-heading-title elementor-size-default\">Solidarios<\/h1>\t\t<\/div>\n\t\t\t\t<\/div>\n\t\t\t\t\t<\/div>\n\t\t\t\t<\/div>\n\t\t<div class=\"elementor-element elementor-element-2a73884 e-flex e-con-boxed e-con e-parent\" data-id=\"2a73884\" data-element_type=\"container\">\n\t\t\t\t\t<div class=\"e-con-inner\">\n\t\t<div class=\"elementor-element elementor-element-7e44c2f e-con-full e-flex e-con e-child\" data-id=\"7e44c2f\" data-element_type=\"container\">\n\t\t\t\t<div class=\"elementor-element elementor-element-7788024 elementor-widget elementor-widget-heading\" data-id=\"7788024\" data-element_type=\"widget\" data-widget_type=\"heading.default\">\n\t\t\t\t<div class=\"elementor-widget-container\">\n\t\t\t<h2 class=\"elementor-heading-title elementor-size-default\">Solidarios<\/h2>\t\t<\/div>\n\t\t\t\t<\/div>\n\t\t\t\t<div class=\"elementor-element elementor-element-930d8b3 elementor-widget-divider--view-line elementor-widget elementor-widget-divider\" data-id=\"930d8b3\" data-element_type=\"widget\" data-widget_type=\"divider.default\">\n\t\t\t\t<div class=\"elementor-widget-container\">\n\t\t\t\t\t<div class=\"elementor-divider\">\n\t\t\t<span class=\"elementor-divider-separator\">\n\t\t\t\t\t\t<\/span>\n\t\t<\/div>\n\t\t\t\t<\/div>\n\t\t\t\t<\/div>\n\t\t\t\t<div class=\"elementor-element elementor-element-db1a6be elementor-widget elementor-widget-text-editor\" data-id=\"db1a6be\" data-element_type=\"widget\" data-widget_type=\"text-editor.default\">\n\t\t\t\t<div class=\"elementor-widget-container\">\n\t\t\t\t\t\t\t<p><span style=\"font-weight: 400;\">En MCJ no solo nos dedicamos a generar rentabilidad para nuestros inversores, sino que tambi\u00e9n creemos en el poder de devolver a la comunidad. Estamos profundamente comprometidos con el bienestar social y colaboramos activamente con organizaciones no gubernamentales (ONGs) para apoyar a aquellos que m\u00e1s lo necesitan.<\/span><\/p><p><span style=\"font-weight: 400;\">Para nuestro enfoque en la ayuda social hemos dise\u00f1ado un proceso integral que garantiza que el dinero destinado a estas causas se utilice de manera efectiva y tenga un impacto duradero.<\/span><\/p>\t\t\t\t\t\t<\/div>\n\t\t\t\t<\/div>\n\t\t\t\t<\/div>\n\t\t\t\t\t<\/div>\n\t\t\t\t<\/div>\n\t\t<div class=\"elementor-element elementor-element-bb00ed4 e-flex e-con-boxed e-con e-parent\" data-id=\"bb00ed4\" data-element_type=\"container\">\n\t\t\t\t\t<div class=\"e-con-inner\">\n\t\t\t\t<div class=\"elementor-element elementor-element-3db20c0 elementor-widget elementor-widget-heading\" data-id=\"3db20c0\" data-element_type=\"widget\" data-widget_type=\"heading.default\">\n\t\t\t\t<div class=\"elementor-widget-container\">\n\t\t\t<h4 class=\"elementor-heading-title elementor-size-default\">Fundaci\u00f3n AYMY<\/h4>\t\t<\/div>\n\t\t\t\t<\/div>\n\t\t\t\t<div class=\"elementor-element elementor-element-f823115 elementor-widget elementor-widget-text-editor\" data-id=\"f823115\" data-element_type=\"widget\" data-widget_type=\"text-editor.default\">\n\t\t\t\t<div class=\"elementor-widget-container\">\n\t\t\t\t\t\t\t<p><span style=\"font-weight: 400;\">La Fundaci\u00f3n desarrolla su actividad en la comunidad fronteriza de Anse-\u00e0-Pitr\u00e9s, situada en el sudeste de Hait\u00ed. Esta comunidad costera acoge a unas 30.000 personas. Su dif\u00edcil acceso a Puerto Pr\u00edncipe, debido la inexistencia de infraestructuras, la mantiene aislada, lo que motiva que est\u00e9 considerada como una de las m\u00e1s pobres del pa\u00eds.<\/span><\/p><p><span style=\"font-weight: 400;\">Los objetivos de la Fundaci\u00f3n AYMY son la asistencia e inclusi\u00f3n social, por periodo indefinido, de ni\u00f1os haitianos que viven en las calles tras haber sido abandonados o rechazados por sus respectivas familias; cubrir sus necesidades educativas y sanitarias; y favorecer las condiciones de bienestar \u00f3ptimas para su desarrollo personal.\u00a0<\/span><\/p>\t\t\t\t\t\t<\/div>\n\t\t\t\t<\/div>\n\t\t\t\t\t<\/div>\n\t\t\t\t<\/div>\n\t\t<div class=\"elementor-element elementor-element-7d851d1 e-flex e-con-boxed e-con e-parent\" data-id=\"7d851d1\" data-element_type=\"container\">\n\t\t\t\t\t<div class=\"e-con-inner\">\n\t\t<div class=\"elementor-element elementor-element-c69eb84 e-con-full e-flex e-con e-child\" data-id=\"c69eb84\" data-element_type=\"container\">\n\t\t\t\t<div class=\"elementor-element elementor-element-1735649 elementor-widget elementor-widget-text-editor\" data-id=\"1735649\" data-element_type=\"widget\" data-widget_type=\"text-editor.default\">\n\t\t\t\t<div class=\"elementor-widget-container\">\n\t\t\t\t\t\t\t<p><span style=\"font-weight: 400;\">Cuenta con dos tipos de centros:<\/span><\/p><p><b>El centro de acogida<\/b><span style=\"font-weight: 400;\"> de la Fundaci\u00f3n AYMY proporciona un entorno seguro y libre de agresiones, una alimentaci\u00f3n equilibrada y supervisi\u00f3n sanitaria en un ambiente familiar y lleno de apoyo emocional para los ni\u00f1os\u00a0que acoge.<\/span><\/p><p><b>La escuela de AYMY <\/b><span style=\"font-weight: 400;\">ofrece escolarizaci\u00f3n gratuita a\u00a0ni\u00f1os\u00a0sin recursos, tanto del Hogar como de la regi\u00f3n, a trav\u00e9s de un programa educativo acelerado de dos cursos por a\u00f1o que facilita la integraci\u00f3n de aquellos alumnos que, por sus circunstancias, arrastran retraso educativo.<\/span><\/p><p><a href=\"https:\/\/www.aymy.org\/\" target=\"_blank\" rel=\"noopener\"><strong>https:\/\/www.aymy.org\/<\/strong><\/a><\/p>\t\t\t\t\t\t<\/div>\n\t\t\t\t<\/div>\n\t\t\t\t<\/div>\n\t\t<div class=\"elementor-element elementor-element-8dd15ef e-con-full e-flex e-con e-child\" data-id=\"8dd15ef\" data-element_type=\"container\">\n\t\t\t\t<div class=\"elementor-element elementor-element-b95547f elementor-widget__width-initial elementor-widget elementor-widget-image\" data-id=\"b95547f\" data-element_type=\"widget\" data-widget_type=\"image.default\">\n\t\t\t\t<div class=\"elementor-widget-container\">\n\t\t\t\t\t\t\t\t\t\t\t\t\t<img fetchpriority=\"high\" decoding=\"async\" width=\"500\" height=\"500\" src=\"https:\/\/webs.elegot.com\/s\/mcjinversiones\/wp-content\/uploads\/2024\/09\/ninosdehaiti-blanco-tono.gif\" class=\"attachment-large size-large wp-image-452\" alt=\"\" \/>\t\t\t\t\t\t\t\t\t\t\t\t\t<\/div>\n\t\t\t\t<\/div>\n\t\t\t\t<\/div>\n\t\t\t\t\t<\/div>\n\t\t\t\t<\/div>\n\t\t<div class=\"elementor-element elementor-element-3d5d5d6 e-con-full e-flex e-con e-parent\" data-id=\"3d5d5d6\" data-element_type=\"container\">\n\t\t\t\t<div class=\"elementor-element elementor-element-708d017 elementor-widget__width-inherit elementor-widget elementor-widget-shortcode\" data-id=\"708d017\" data-element_type=\"widget\" data-widget_type=\"shortcode.default\">\n\t\t\t\t<div class=\"elementor-widget-container\">\n\t\t\t\t\t<div class=\"elementor-shortcode\">\t\t<div data-elementor-type=\"container\" data-elementor-id=\"508\" class=\"elementor elementor-508\" data-elementor-post-type=\"elementor_library\">\n\t\t\t\t<div class=\"elementor-element elementor-element-120bb8d8 e-flex e-con-boxed e-con e-parent\" data-id=\"120bb8d8\" data-element_type=\"container\" data-settings=\"{&quot;background_background&quot;:&quot;classic&quot;}\">\n\t\t\t\t\t<div class=\"e-con-inner\">\n\t\t\t\t<div class=\"elementor-element elementor-element-43f3ad6a elementor-widget elementor-widget-heading\" data-id=\"43f3ad6a\" data-element_type=\"widget\" data-widget_type=\"heading.default\">\n\t\t\t\t<div class=\"elementor-widget-container\">\n\t\t\t<h2 class=\"elementor-heading-title elementor-size-default\">Cont\u00e1ctanos<\/h2>\t\t<\/div>\n\t\t\t\t<\/div>\n\t\t\t\t<div class=\"elementor-element elementor-element-605449a5 elementor-widget-divider--view-line elementor-widget elementor-widget-divider\" data-id=\"605449a5\" data-element_type=\"widget\" data-widget_type=\"divider.default\">\n\t\t\t\t<div class=\"elementor-widget-container\">\n\t\t\t\t\t<div class=\"elementor-divider\">\n\t\t\t<span class=\"elementor-divider-separator\">\n\t\t\t\t\t\t<\/span>\n\t\t<\/div>\n\t\t\t\t<\/div>\n\t\t\t\t<\/div>\n\t\t\t\t<div class=\"elementor-element elementor-element-48adc820 elementor-widget__width-initial elementor-button-align-stretch elementor-widget elementor-widget-form\" data-id=\"48adc820\" data-element_type=\"widget\" data-settings=\"{&quot;step_next_label&quot;:&quot;Next&quot;,&quot;step_previous_label&quot;:&quot;Previous&quot;,&quot;button_width&quot;:&quot;100&quot;,&quot;step_type&quot;:&quot;number_text&quot;,&quot;step_icon_shape&quot;:&quot;circle&quot;}\" data-widget_type=\"form.default\">\n\t\t\t\t<div class=\"elementor-widget-container\">\n\t\t\t\t\t<form class=\"elementor-form\" method=\"post\" id=\"fast_cta\" name=\"Fast CTA\">\n\t\t\t<input type=\"hidden\" name=\"post_id\" value=\"508\"\/>\n\t\t\t<input type=\"hidden\" name=\"form_id\" value=\"48adc820\"\/>\n\t\t\t<input type=\"hidden\" name=\"referer_title\" value=\"Compra de Hipotecas con Descuento\" \/>\n\n\t\t\t\t\t\t\t<input type=\"hidden\" name=\"queried_id\" value=\"408\"\/>\n\t\t\t\n\t\t\t<div class=\"elementor-form-fields-wrapper elementor-labels-above\">\n\t\t\t\t\t\t\t\t<div class=\"elementor-field-type-text elementor-field-group elementor-column elementor-field-group-Nombre elementor-col-50\">\n\t\t\t\t\t\t\t\t\t\t\t\t<label for=\"form-field-Nombre\" class=\"elementor-field-label\">\n\t\t\t\t\t\t\t\tNombre\t\t\t\t\t\t\t<\/label>\n\t\t\t\t\t\t\t\t\t\t\t\t\t\t<input size=\"1\" type=\"text\" name=\"form_fields[Nombre]\" id=\"form-field-Nombre\" class=\"elementor-field elementor-size-sm  elementor-field-textual\" placeholder=\"Nombre\">\n\t\t\t\t\t\t\t\t\t\t\t<\/div>\n\t\t\t\t\t\t\t\t<div class=\"elementor-field-type-tel elementor-field-group elementor-column elementor-field-group-Telefono elementor-col-50\">\n\t\t\t\t\t\t\t\t\t\t\t\t<label for=\"form-field-Telefono\" class=\"elementor-field-label\">\n\t\t\t\t\t\t\t\tTel\u00e9fono\t\t\t\t\t\t\t<\/label>\n\t\t\t\t\t\t\t\t<input size=\"1\" type=\"tel\" name=\"form_fields[Telefono]\" id=\"form-field-Telefono\" class=\"elementor-field elementor-size-sm  elementor-field-textual\" placeholder=\"Tel\u00e9fono\" pattern=\"[0-9()#&amp;+*-=.]+\" title=\"Only numbers and phone characters (#, -, *, etc) are accepted.\">\n\n\t\t\t\t\t\t<\/div>\n\t\t\t\t\t\t\t\t<div class=\"elementor-field-type-email elementor-field-group elementor-column elementor-field-group-Correo elementor-col-100 elementor-field-required\">\n\t\t\t\t\t\t\t\t\t\t\t\t<label for=\"form-field-Correo\" class=\"elementor-field-label\">\n\t\t\t\t\t\t\t\tCorreo\t\t\t\t\t\t\t<\/label>\n\t\t\t\t\t\t\t\t\t\t\t\t\t\t<input size=\"1\" type=\"email\" name=\"form_fields[Correo]\" id=\"form-field-Correo\" class=\"elementor-field elementor-size-sm  elementor-field-textual\" placeholder=\"Correo\" required=\"required\" aria-required=\"true\">\n\t\t\t\t\t\t\t\t\t\t\t<\/div>\n\t\t\t\t\t\t\t\t<div class=\"elementor-field-type-textarea elementor-field-group elementor-column elementor-field-group-info_adicional elementor-col-100\">\n\t\t\t\t\t\t\t\t\t\t\t\t<label for=\"form-field-info_adicional\" class=\"elementor-field-label\">\n\t\t\t\t\t\t\t\tInformaci\u00f3n Adicional\t\t\t\t\t\t\t<\/label>\n\t\t\t\t\t\t<textarea class=\"elementor-field-textual elementor-field  elementor-size-sm\" name=\"form_fields[info_adicional]\" id=\"form-field-info_adicional\" rows=\"3\" placeholder=\"Informaci\u00f3n Adicional\"><\/textarea>\t\t\t\t<\/div>\n\t\t\t\t\t\t\t\t<div class=\"elementor-field-group elementor-column elementor-field-type-submit elementor-col-100 e-form__buttons\">\n\t\t\t\t\t<button class=\"elementor-button elementor-size-sm\" type=\"submit\">\n\t\t\t\t\t\t<span class=\"elementor-button-content-wrapper\">\n\t\t\t\t\t\t\t\t\t\t\t\t\t\t\t\t\t\t\t\t\t\t<span class=\"elementor-button-text\">\u00a1Quiero M\u00e1s Informaci\u00f3n<\/span>\n\t\t\t\t\t\t\t\t\t\t\t\t\t<\/span>\n\t\t\t\t\t<\/button>\n\t\t\t\t<\/div>\n\t\t\t<\/div>\n\t\t<\/form>\n\t\t\t\t<\/div>\n\t\t\t\t<\/div>\n\t\t\t\t\t<\/div>\n\t\t\t\t<\/div>\n\t\t\t\t<\/div>\n\t\t<\/div>\n\t\t\t\t<\/div>\n\t\t\t\t<\/div>\n\t\t\t\t<\/div>\n\t\t\t\t<\/div>\n\t\t","protected":false},"excerpt":{"rendered":"<p>Solidarios Solidarios En MCJ no solo nos dedicamos a generar rentabilidad para nuestros inversores, sino que tambi\u00e9n creemos en el poder de devolver a la comunidad. Estamos profundamente comprometidos con el bienestar social y colaboramos activamente con organizaciones no gubernamentales (ONGs) para apoyar a aquellos que m\u00e1s lo necesitan. Para nuestro enfoque en la ayuda [&hellip;]<\/p>\n","protected":false},"author":2,"featured_media":0,"parent":0,"menu_order":0,"comment_status":"closed","ping_status":"closed","template":"","meta":{"footnotes":""},"class_list":["post-463","page","type-page","status-publish","hentry"],"_links":{"self":[{"href":"https:\/\/webs.elegot.com\/s\/mcjinversiones\/wp-json\/wp\/v2\/pages\/463","targetHints":{"allow":["GET"]}}],"collection":[{"href":"https:\/\/webs.elegot.com\/s\/mcjinversiones\/wp-json\/wp\/v2\/pages"}],"about":[{"href":"https:\/\/webs.elegot.com\/s\/mcjinversiones\/wp-json\/wp\/v2\/types\/page"}],"author":[{"embeddable":true,"href":"https:\/\/webs.elegot.com\/s\/mcjinversiones\/wp-json\/wp\/v2\/users\/2"}],"replies":[{"embeddable":true,"href":"https:\/\/webs.elegot.com\/s\/mcjinversiones\/wp-json\/wp\/v2\/comments?post=463"}],"version-history":[{"count":37,"href":"https:\/\/webs.elegot.com\/s\/mcjinversiones\/wp-json\/wp\/v2\/pages\/463\/revisions"}],"predecessor-version":[{"id":674,"href":"https:\/\/webs.elegot.com\/s\/mcjinversiones\/wp-json\/wp\/v2\/pages\/463\/revisions\/674"}],"wp:attachment":[{"href":"https:\/\/webs.elegot.com\/s\/mcjinversiones\/wp-json\/wp\/v2\/media?parent=463"}],"curies":[{"name":"wp","href":"https:\/\/api.w.org\/{rel}","templated":true}]}}