{"id":6967,"date":"2024-01-20T18:44:48","date_gmt":"2024-01-20T18:44:48","guid":{"rendered":"https:\/\/clientes.desarrolloespacios.com\/dlgvalle\/?page_id=6967"},"modified":"2024-03-07T16:29:21","modified_gmt":"2024-03-07T16:29:21","slug":"politica-de-privacidad","status":"publish","type":"page","link":"https:\/\/webs.elegot.com\/s\/dlgvalle\/politica-de-privacidad\/","title":{"rendered":"Pol\u00edtica de Privacidad"},"content":{"rendered":"\t\t<div data-elementor-type=\"wp-page\" data-elementor-id=\"6967\" class=\"elementor elementor-6967\" data-elementor-post-type=\"page\">\n\t\t\t\t\t\t\t<div class=\"elementor-element elementor-element-ed97790 e-con-full e-flex e-con e-parent\" data-id=\"ed97790\" data-element_type=\"container\" data-settings=\"{&quot;content_width&quot;:&quot;full&quot;,&quot;background_background&quot;:&quot;classic&quot;}\" data-core-v316-plus=\"true\">\n\t\t\t\t<div class=\"elementor-element elementor-element-4f77dd1 elementor-widget elementor-widget-heading\" data-id=\"4f77dd1\" data-element_type=\"widget\" data-widget_type=\"heading.default\">\n\t\t\t\t<div class=\"elementor-widget-container\">\n\t\t\t<h2 class=\"elementor-heading-title elementor-size-default\">Pol\u00edtica de Privacidad<\/h2>\t\t<\/div>\n\t\t\t\t<\/div>\n\t\t\t\t<\/div>\n\t\t<div class=\"elementor-element elementor-element-5b42c49 e-con-full e-flex e-con e-parent\" data-id=\"5b42c49\" data-element_type=\"container\" data-settings=\"{&quot;content_width&quot;:&quot;full&quot;}\" data-core-v316-plus=\"true\">\n\t\t<div class=\"elementor-element elementor-element-b83a77e e-flex e-con-boxed e-con e-child\" data-id=\"b83a77e\" data-element_type=\"container\" data-settings=\"{&quot;content_width&quot;:&quot;boxed&quot;}\">\n\t\t\t\t\t<div class=\"e-con-inner\">\n\t\t<div class=\"elementor-element elementor-element-ef55c81 e-con-full e-flex e-con e-child\" data-id=\"ef55c81\" data-element_type=\"container\" data-settings=\"{&quot;content_width&quot;:&quot;full&quot;}\">\n\t\t<div class=\"elementor-element elementor-element-22f61ee e-con-full e-flex e-con e-child\" data-id=\"22f61ee\" data-element_type=\"container\" data-settings=\"{&quot;content_width&quot;:&quot;full&quot;}\">\n\t\t\t\t<div class=\"elementor-element elementor-element-2f4fa3d elementor-widget elementor-widget-text-editor\" data-id=\"2f4fa3d\" data-element_type=\"widget\" data-widget_type=\"text-editor.default\">\n\t\t\t\t<div class=\"elementor-widget-container\">\n\t\t\t\t\t\t\t<p><!-- wp:paragraph --><\/p>\n<p><span style=\"font-weight: 400;\">IVAN DE LA GARZA GARZA<\/span><\/p>\n<p><span style=\"font-weight: 400;\">RIO DE LA PLATA 103 INT 12 COL DEL VALLE\u00a0<\/span><\/p>\n<p><span style=\"font-weight: 400;\">SAN PEDRO GARZA GARCIA NL\u00a0 CP 66220<\/span><\/p>\n<p>\u00a0<\/p>\n<p><span style=\"font-weight: 400;\">DLG EQUIPOS Y PROYECTOS SA DE CV cuya sociedad fue\u00a0 constituida de conformidad con las leyes de la Rep\u00fablica Mexicana y con domicilio en RIO DE LA PLATA 103 INT 12 COL DEL VALLE SAN PEDRO GARZA GARCIA C.P. 66220 es responsable por el tratamiento de sus datos personales, sin perjuicio de las obligaciones de los encargados que en su caso traten sus datos personales en t\u00e9rminos de la Ley Federal de Protecci\u00f3n de Datos Personales en Posesi\u00f3n de los Particulares (en adelante la \u201cLey\u201d) y su Reglamento.<\/span><\/p>\n<p><span style=\"font-weight: 400;\">Para cualquier informaci\u00f3n respecto del presente Aviso de Privacidad, o cualquier comunicaci\u00f3n o solicitud en relaci\u00f3n con el ejercicio de cualesquiera de sus derechos derivados de los Datos Personales de los que Usted es titular, incluyendo sin limitaci\u00f3n sus derechos de acceso, rectificaci\u00f3n, cancelaci\u00f3n y oposici\u00f3n, por favor contactar al Departamento de Privacidad de DLG EQUIPOS Y PROYECTOS SA DE CV, al Tel\u00e9fono +52 81 8025 0388 o bien al correo electr\u00f3nico ivan@dlgvalle.com<\/span><\/p>\n<p><span style=\"font-weight: 400;\">Datos Personales recabados.<\/span><\/p>\n<p><span style=\"font-weight: 400;\">DLG EQUIPOS Y PROYECTOS podr\u00e1 recabar sus Datos Personales para las finalidades se\u00f1aladas en el presente aviso de privacidad ya sea directamente cuando usted nos los proporciona por diversos medios, cuando visite nuestro sitio de internet o utiliza nuestros servicios en l\u00ednea y\/o cuando obtenemos informaci\u00f3n a trav\u00e9s de otras fuentes licitas disponibles.<\/span><\/p>\n<p><span style=\"font-weight: 400;\">Los Datos Personales que obtenemos por las formas antes mencionadas podr\u00e1n incluir la siguiente informaci\u00f3n: (i) nombres, apellidos, domicilios, tel\u00e9fonos, correos electr\u00f3nicos, claves del Registro Federal de Contribuyentes, informaci\u00f3n de formas de pago; (ii) informaci\u00f3n acad\u00e9mica y\/o laboral, (iii) toda aquella informaci\u00f3n que el cliente, proveedor y\/o usuario le ha proporcionado y\/o le proporcione a lo largo de la relaci\u00f3n contractual o comercial que establezcan; (iv) aquellos datos propios y relacionados con los productos o servicios que presta y\/o comercializa DLG EQUIPOS Y PROYECTOS y (iv) cualesquiera otros datos que se recaben de tiempo en tiempo con motivo de la relaci\u00f3n jur\u00eddica existente.<\/span><\/p>\n<p><span style=\"font-weight: 400;\">Finalidades y Uso de Sus Datos Personales.<\/span><\/p>\n<p><span style=\"font-weight: 400;\">Sus Datos Personales podr\u00e1n ser utilizados o tratados para proveer los servicios o productos que ha invocado, para conocer sus necesidades con respecto a los productos que ofrece, as\u00ed como informarle sobre cambios o modificaciones en los mismos; comunicarle ofertas y\/o promociones, formular base de datos de clientes y\/o proveedores para uso interno, atender quejas y aclaraciones, investigaci\u00f3n y diversos estudios de mercado, evaluar la calidad del servicio que le brindamos y en su caso, tratarlos para fines compatibles con los mencionados en este Aviso que se consideren an\u00e1logos para efectos legales. En caso de formalizar con Usted la aceptaci\u00f3n de alg\u00fan producto o servicio ofrecido por DLG EQUIPOS Y PROYECTOS sus Datos Personales ser\u00e1n utilizados para el cumplimiento de las obligaciones derivadas de esa relaci\u00f3n jur\u00eddica.\u00a0 Las finalidades descritas en este p\u00e1rrafo dieron origen y son necesarias para la relaci\u00f3n jur\u00eddica entre DLG EQUIPOS Y PROYECTOS y el titular de los Datos Personales.<\/span><\/p>\n<p><span style=\"font-weight: 400;\">Sus Derechos de Acceso, Rectificaci\u00f3n, Oposici\u00f3n y Cancelaci\u00f3n.<\/span><\/p>\n<p><span style=\"font-weight: 400;\">De igual forma, Usted podr\u00e1 solicitar acceder a sus Datos Personales, rectificarlos, cancelarlos, oponerse, limitar su uso o divulgaci\u00f3n o revocar su consentimiento, en t\u00e9rminos de la Ley y su Reglamento y dem\u00e1s disposiciones aplicables. Para ejercer estos derechos, Usted deber\u00e1 contactar al Departamento de Privacidad de DLG EQUIPOS Y PROYECTOS al Tel\u00e9fono +52 81 8025 0388 o bien al correo electr\u00f3nico ivan@dlgvalle.com<\/span><\/p>\n<p><span style=\"font-weight: 400;\">En t\u00e9rminos de la Ley, cualquier solicitud de ejercicio de los derechos mencionados deber\u00e1 indicar i) su nombre y domicilio u otro medio para darle respuesta, ii) una copia de su identificaci\u00f3n oficial (pasaporte, credencial de elector o licencia de conducir), iii) la descripci\u00f3n clara y precisa de los Datos Personales a los que desea acceder o que desea rectificar, cancelar u oponerse y cualquier otro elemento que facilite la localizaci\u00f3n de sus Datos, as\u00ed como iv) cualquier otro requisito establecido por la Ley y su Reglamento y\/o las dem\u00e1s disposiciones aplicables.<\/span><\/p>\n<p><span style=\"font-weight: 400;\">Transferencia de sus Datos Personales.<\/span><\/p>\n<p><span style=\"font-weight: 400;\">DLG EQUIPOS Y PROYECTOS podr\u00e1 compartir todos o parte de sus Datos Personales con cualquiera de sus empresas relacionadas, subsidiarias y\/o distribuidores, quienes podr\u00e1n o no tratar sus Datos Personales por cuenta de DLG EQUIPOS Y PROYECTOS.\u00a0 Asimismo, DLG EQUIPOS Y PROYECTOS se reserva el derecho de compartir sus datos personales con autoridades administrativas, judiciales o gubernamentales de cualquier tipo, ya sea en los Estados Unidos Mexicanos o en el extranjero. Salvo los casos anteriores, DLG EQUIPOS Y PROYECTOS no compartir\u00e1 o transferir\u00e1 sus Datos Personales a terceros, salvo en los casos previstos en la Ley y su Reglamento o cualquiera otra legislaci\u00f3n aplicable.<\/span><\/p>\n<p><span style=\"font-weight: 400;\">Almacenamiento de Sus Datos Personales.<\/span><\/p>\n<p><span style=\"font-weight: 400;\">DLG EQUIPOS Y PROYECTOS podr\u00e1 conservar sus Datos Personales en bases de datos ubicadas en los Estados Unidos Mexicanos o en el extranjero sin limitaci\u00f3n alguna, salvo lo dispuesto por la legislaci\u00f3n aplicable.<\/span><\/p>\n<p><span style=\"font-weight: 400;\">Modificaciones al Aviso de Privacidad, Legislaci\u00f3n y Jurisdicci\u00f3n.<\/span><\/p>\n<p><span style=\"font-weight: 400;\">DLG EQUIPOS Y PROYECTOS se reserva el derecho a modificar los t\u00e9rminos y condiciones de este Aviso de Privacidad, en cuyo caso la modificaci\u00f3n se notificar\u00e1 a trav\u00e9s del medio de comunicaci\u00f3n que DLG EQUIPOS Y PROYECTOS considere m\u00e1s adecuados para tal efecto (pudiendo ser, por ejemplo, correo electr\u00f3nico, avisos en medios de comunicaci\u00f3n, comunicaci\u00f3n directa, etc.) y\/o a trav\u00e9s de nuestra p\u00e1gina de Internet <\/span><span style=\"font-weight: 400;\">www.dlgvalle.com\u00a0<\/span><\/p>\n<p><span style=\"font-weight: 400;\">El distribuidor o colaborador que participe en la venta de los productos o servicios que venda o preste DLG EQUIPOS Y PROYECTOS ser\u00e1 considerado como encargado en t\u00e9rminos de la Ley y su Reglamento, por lo cual se compromete a respetar en sus t\u00e9rminos este Aviso de Privacidad, as\u00ed como sus obligaciones conforme a la Ley y su Reglamento.<\/span><\/p>\n<p><span style=\"font-weight: 400;\">Este Aviso de Privacidad, el tratamiento de sus Datos Personales y\/o todos los documentos relacionados se rigen por la Ley Federal de Protecci\u00f3n de Datos Personales en Posesi\u00f3n de los Particulares y las dem\u00e1s leyes y reglamentos de los Estados Unidos Mexicanos. La aceptaci\u00f3n de este Aviso de Privacidad o la ausencia de oposici\u00f3n, una vez puesto a su disposici\u00f3n implica una aceptaci\u00f3n expresa de los t\u00e9rminos de este y su sometimiento expreso a los tribunales en el estado de Nuevo Le\u00f3n para cualquier controversia o reclamaci\u00f3n derivada de este Aviso de Privacidad.<\/span><\/p>\n<p><!-- \/wp:paragraph --><\/p>\t\t\t\t\t\t<\/div>\n\t\t\t\t<\/div>\n\t\t\t\t<\/div>\n\t\t\t\t<\/div>\n\t\t\t\t\t<\/div>\n\t\t\t\t<\/div>\n\t\t\t\t<\/div>\n\t\t\t\t\t\t\t<\/div>\n\t\t","protected":false},"excerpt":{"rendered":"<p>Pol\u00edtica de Privacidad IVAN DE LA GARZA GARZA RIO DE LA PLATA 103 INT 12 COL DEL VALLE\u00a0 SAN PEDRO GARZA GARCIA NL\u00a0 CP 66220 \u00a0 DLG EQUIPOS Y PROYECTOS SA DE CV cuya sociedad fue\u00a0 constituida de conformidad con las leyes de la Rep\u00fablica Mexicana y con domicilio en RIO DE LA PLATA 103&hellip;<\/p>\n","protected":false},"author":2,"featured_media":0,"parent":0,"menu_order":0,"comment_status":"closed","ping_status":"closed","template":"elementor_header_footer","meta":{"footnotes":""},"class_list":["post-6967","page","type-page","status-publish","hentry"],"_links":{"self":[{"href":"https:\/\/webs.elegot.com\/s\/dlgvalle\/wp-json\/wp\/v2\/pages\/6967","targetHints":{"allow":["GET"]}}],"collection":[{"href":"https:\/\/webs.elegot.com\/s\/dlgvalle\/wp-json\/wp\/v2\/pages"}],"about":[{"href":"https:\/\/webs.elegot.com\/s\/dlgvalle\/wp-json\/wp\/v2\/types\/page"}],"author":[{"embeddable":true,"href":"https:\/\/webs.elegot.com\/s\/dlgvalle\/wp-json\/wp\/v2\/users\/2"}],"replies":[{"embeddable":true,"href":"https:\/\/webs.elegot.com\/s\/dlgvalle\/wp-json\/wp\/v2\/comments?post=6967"}],"version-history":[{"count":7,"href":"https:\/\/webs.elegot.com\/s\/dlgvalle\/wp-json\/wp\/v2\/pages\/6967\/revisions"}],"predecessor-version":[{"id":7085,"href":"https:\/\/webs.elegot.com\/s\/dlgvalle\/wp-json\/wp\/v2\/pages\/6967\/revisions\/7085"}],"wp:attachment":[{"href":"https:\/\/webs.elegot.com\/s\/dlgvalle\/wp-json\/wp\/v2\/media?parent=6967"}],"curies":[{"name":"wp","href":"https:\/\/api.w.org\/{rel}","templated":true}]}}