{"id":1160,"date":"2019-11-26T17:49:50","date_gmt":"2019-11-26T17:49:50","guid":{"rendered":"https:\/\/the7.io\/elementor-starter\/?page_id=1160"},"modified":"2024-03-25T12:24:35","modified_gmt":"2024-03-25T12:24:35","slug":"home-2","status":"publish","type":"page","link":"https:\/\/webs.elegot.com\/s\/dlgvalle\/","title":{"rendered":"Inicio"},"content":{"rendered":"\t\t<div data-elementor-type=\"wp-page\" data-elementor-id=\"1160\" class=\"elementor elementor-1160\" data-elementor-post-type=\"page\">\n\t\t\t\t\t\t\t\t\t<section class=\"elementor-section elementor-top-section elementor-element elementor-element-6dbf8145 elementor-section-stretched elementor-section-full_width elementor-section-height-min-height elementor-section-height-default elementor-section-items-middle\" data-id=\"6dbf8145\" data-element_type=\"section\" data-settings=\"{&quot;stretch_section&quot;:&quot;section-stretched&quot;,&quot;background_background&quot;:&quot;classic&quot;}\">\n\t\t\t\t\t\t\t<div class=\"elementor-background-overlay\"><\/div>\n\t\t\t\t\t\t\t<div class=\"elementor-container elementor-column-gap-wider\">\n\t\t\t\t\t<div class=\"elementor-column elementor-col-100 elementor-top-column elementor-element elementor-element-69f6b3bd\" data-id=\"69f6b3bd\" data-element_type=\"column\" data-settings=\"{&quot;background_background&quot;:&quot;classic&quot;}\">\n\t\t\t<div class=\"elementor-widget-wrap elementor-element-populated\">\n\t\t\t\t\t\t\t\t<div class=\"elementor-element elementor-element-3caf476 elementor-widget elementor-widget-heading\" data-id=\"3caf476\" data-element_type=\"widget\" data-widget_type=\"heading.default\">\n\t\t\t\t<div class=\"elementor-widget-container\">\n\t\t\t<h2 class=\"elementor-heading-title elementor-size-default\">ESPECIALISTAS EN<br>\nAIRE ACONDICIONADO<\/h2>\t\t<\/div>\n\t\t\t\t<\/div>\n\t\t\t\t<div class=\"elementor-element elementor-element-4c8507e elementor-widget elementor-widget-spacer\" data-id=\"4c8507e\" data-element_type=\"widget\" data-widget_type=\"spacer.default\">\n\t\t\t\t<div class=\"elementor-widget-container\">\n\t\t\t\t\t<div class=\"elementor-spacer\">\n\t\t\t<div class=\"elementor-spacer-inner\"><\/div>\n\t\t<\/div>\n\t\t\t\t<\/div>\n\t\t\t\t<\/div>\n\t\t\t\t<div class=\"elementor-element elementor-element-9aae7ad elementor-widget elementor-widget-heading\" data-id=\"9aae7ad\" data-element_type=\"widget\" data-widget_type=\"heading.default\">\n\t\t\t\t<div class=\"elementor-widget-container\">\n\t\t\t<h5 class=\"elementor-heading-title elementor-size-default\">Dise\u00f1o, Venta, Instalaci\u00f3n y Mantenimiento<br>de Sistemas de Aire Acondicionado.<\/h5>\t\t<\/div>\n\t\t\t\t<\/div>\n\t\t\t\t<div class=\"elementor-element elementor-element-fbc5c28 elementor-widget elementor-widget-spacer\" data-id=\"fbc5c28\" data-element_type=\"widget\" data-widget_type=\"spacer.default\">\n\t\t\t\t<div class=\"elementor-widget-container\">\n\t\t\t\t\t<div class=\"elementor-spacer\">\n\t\t\t<div class=\"elementor-spacer-inner\"><\/div>\n\t\t<\/div>\n\t\t\t\t<\/div>\n\t\t\t\t<\/div>\n\t\t\t\t<div class=\"elementor-element elementor-element-f407580 elementor-align-justify elementor-widget__width-initial elementor-mobile-align-justify elementor-widget elementor-widget-the7_button_widget\" data-id=\"f407580\" data-element_type=\"widget\" data-widget_type=\"the7_button_widget.default\">\n\t\t\t\t<div class=\"elementor-widget-container\">\n\t\t\t<div class=\"elementor-button-wrapper\"><a href=\"https:\/\/webs.elegot.com\/s\/dlgvalle\/quienes-somos\/\" class=\"box-button elementor-button elementor-size-lg\">QUI\u00c9NES SOMOS<\/a><\/div>\t\t<\/div>\n\t\t\t\t<\/div>\n\t\t\t\t<div class=\"elementor-element elementor-element-b43484f elementor-align-justify elementor-widget__width-initial elementor-mobile-align-justify elementor-widget elementor-widget-the7_button_widget\" data-id=\"b43484f\" data-element_type=\"widget\" data-widget_type=\"the7_button_widget.default\">\n\t\t\t\t<div class=\"elementor-widget-container\">\n\t\t\t<div class=\"elementor-button-wrapper\"><a href=\"https:\/\/webs.elegot.com\/s\/dlgvalle\/soluciones\/\" class=\"box-button elementor-button elementor-size-lg\">SOLUCIONES<\/a><\/div>\t\t<\/div>\n\t\t\t\t<\/div>\n\t\t\t\t<div class=\"elementor-element elementor-element-67cf4a6 elementor-align-justify elementor-widget__width-initial elementor-widget elementor-widget-the7_button_widget\" data-id=\"67cf4a6\" data-element_type=\"widget\" data-widget_type=\"the7_button_widget.default\">\n\t\t\t\t<div class=\"elementor-widget-container\">\n\t\t\t<div class=\"elementor-button-wrapper\"><a href=\"https:\/\/webs.elegot.com\/s\/dlgvalle\/contacto\/\" class=\"box-button elementor-button elementor-size-lg\">CONT\u00c1CTANOS<\/a><\/div>\t\t<\/div>\n\t\t\t\t<\/div>\n\t\t\t\t\t<\/div>\n\t\t<\/div>\n\t\t\t\t\t\t\t<\/div>\n\t\t<\/section>\n\t\t\t\t\t\t\t<\/div>\n\t\t","protected":false},"excerpt":{"rendered":"<p>ESPECIALISTAS EN AIRE ACONDICIONADO Dise\u00f1o, Venta, Instalaci\u00f3n y Mantenimientode Sistemas de Aire Acondicionado. QUI\u00c9NES SOMOS SOLUCIONES CONT\u00c1CTANOS<\/p>\n","protected":false},"author":2,"featured_media":0,"parent":0,"menu_order":11,"comment_status":"closed","ping_status":"closed","template":"elementor_canvas","meta":{"footnotes":""},"class_list":["post-1160","page","type-page","status-publish","hentry"],"_links":{"self":[{"href":"https:\/\/webs.elegot.com\/s\/dlgvalle\/wp-json\/wp\/v2\/pages\/1160","targetHints":{"allow":["GET"]}}],"collection":[{"href":"https:\/\/webs.elegot.com\/s\/dlgvalle\/wp-json\/wp\/v2\/pages"}],"about":[{"href":"https:\/\/webs.elegot.com\/s\/dlgvalle\/wp-json\/wp\/v2\/types\/page"}],"author":[{"embeddable":true,"href":"https:\/\/webs.elegot.com\/s\/dlgvalle\/wp-json\/wp\/v2\/users\/2"}],"replies":[{"embeddable":true,"href":"https:\/\/webs.elegot.com\/s\/dlgvalle\/wp-json\/wp\/v2\/comments?post=1160"}],"version-history":[{"count":69,"href":"https:\/\/webs.elegot.com\/s\/dlgvalle\/wp-json\/wp\/v2\/pages\/1160\/revisions"}],"predecessor-version":[{"id":7125,"href":"https:\/\/webs.elegot.com\/s\/dlgvalle\/wp-json\/wp\/v2\/pages\/1160\/revisions\/7125"}],"wp:attachment":[{"href":"https:\/\/webs.elegot.com\/s\/dlgvalle\/wp-json\/wp\/v2\/media?parent=1160"}],"curies":[{"name":"wp","href":"https:\/\/api.w.org\/{rel}","templated":true}]}}