{"id":3,"date":"2022-12-12T02:07:51","date_gmt":"2022-12-12T02:07:51","guid":{"rendered":"https:\/\/clientes.desarrolloespacios.com\/daltile\/?page_id=3"},"modified":"2022-12-20T04:52:22","modified_gmt":"2022-12-20T04:52:22","slug":"politica-privacidad","status":"publish","type":"page","link":"https:\/\/webs.elegot.com\/s\/catalogo-daltile\/politica-privacidad\/","title":{"rendered":"Aviso de privacidad"},"content":{"rendered":"<section class=\"wpb-content-wrapper\"><p>[vc_row][vc_column]\n\t\t\t<!-- START aviso REVOLUTION SLIDER 6.6.5 --><p class=\"rs-p-wp-fix\"><\/p>\n\t\t\t<rs-module-wrap id=\"rev_slider_3_1_wrapper\" data-source=\"gallery\" style=\"visibility:hidden;background:#ffffff;padding:0;margin:0px auto;margin-top:0;margin-bottom:0;\">\n\t\t\t\t<rs-module id=\"rev_slider_3_1\" style=\"\" data-version=\"6.6.5\">\n\t\t\t\t\t<rs-slides style=\"overflow: hidden; position: absolute;\">\n\t\t\t\t\t\t<rs-slide style=\"position: absolute;\" data-key=\"rs-3\" data-title=\"Slide\" data-in=\"o:0;\" data-out=\"a:false;\">\n\t\t\t\t\t\t\t<img decoding=\"async\" src=\"\/\/webs.elegot.com\/s\/catalogo-daltile\/wp-content\/plugins\/revslider\/public\/assets\/assets\/dummy.png\" alt=\"Slide\" title=\"slider-background\" width=\"1200\" height=\"662\" class=\"rev-slidebg tp-rs-img rs-lazyload\" data-lazyload=\"\/\/webs.elegot.com\/s\/catalogo-daltile\/wp-content\/plugins\/revslider\/public\/assets\/assets\/transparent.png\" data-bg=\"c:#ffffff;\" data-no-retina>\n<!--\n\t\t\t\t\t\t\t--><rs-layer\n\t\t\t\t\t\t\t\tid=\"slider-3-slide-3-layer-1\" \n\t\t\t\t\t\t\t\tdata-type=\"shape\"\n\t\t\t\t\t\t\t\tdata-rsp_ch=\"on\"\n\t\t\t\t\t\t\t\tdata-xy=\"x:c;\"\n\t\t\t\t\t\t\t\tdata-text=\"w:normal;s:20,15,8,4;l:0,18,9,6;\"\n\t\t\t\t\t\t\t\tdata-dim=\"w:100%;h:750px,562px,303px,600px;\"\n\t\t\t\t\t\t\t\tdata-basealign=\"slide\"\n\t\t\t\t\t\t\t\tdata-frame_999=\"o:0;st:w;\"\n\t\t\t\t\t\t\t\tstyle=\"z-index:6;background-color:#fafafa;\"\n\t\t\t\t\t\t\t> \n\t\t\t\t\t\t\t<\/rs-layer><!--\n\n\t\t\t\t\t\t\t--><rs-layer\n\t\t\t\t\t\t\t\tid=\"slider-3-slide-3-layer-2\" \n\t\t\t\t\t\t\t\tdata-type=\"image\"\n\t\t\t\t\t\t\t\tdata-rsp_ch=\"on\"\n\t\t\t\t\t\t\t\tdata-xy=\"x:l,l,l,c;xo:125px,93px,50px,0;yo:50px,37px,19px,20px;\"\n\t\t\t\t\t\t\t\tdata-text=\"w:normal;s:20,15,8,4;l:0,18,9,6;\"\n\t\t\t\t\t\t\t\tdata-dim=\"w:300px,225px,121px,250px;h:68px,51px,27px,56px;\"\n\t\t\t\t\t\t\t\tdata-basealign=\"slide\"\n\t\t\t\t\t\t\t\tdata-frame_999=\"o:0;st:w;\"\n\t\t\t\t\t\t\t\tstyle=\"z-index:12;\"\n\t\t\t\t\t\t\t><img decoding=\"async\" src=\"\/\/webs.elegot.com\/s\/catalogo-daltile\/wp-content\/plugins\/revslider\/public\/assets\/assets\/dummy.png\" alt=\"\" class=\"tp-rs-img rs-lazyload\" width=\"475\" height=\"107\" data-lazyload=\"\/\/webs.elegot.com\/s\/catalogo-daltile\/wp-content\/uploads\/2022\/12\/daltile-NEGRO-1.png\" data-no-retina> \n\t\t\t\t\t\t\t<\/rs-layer><!--\n\n\t\t\t\t\t\t\t--><h3\n\t\t\t\t\t\t\t\tid=\"slider-3-slide-3-layer-3\" \n\t\t\t\t\t\t\t\tclass=\"rs-layer font-SemiBold\"\n\t\t\t\t\t\t\t\tdata-type=\"text\"\n\t\t\t\t\t\t\t\tdata-color=\"#000000||#282828||#282828||#282828\"\n\t\t\t\t\t\t\t\tdata-xy=\"x:c,l,l,c;xo:0,91px,41px,0;y:b,t,t,b;yo:45px,133px,93px,40px;\"\n\t\t\t\t\t\t\t\tdata-text=\"w:nowrap,nowrap,nowrap,normal;s:85,55,55,34;l:84,59,59,36;a:center,inherit,inherit,center;\"\n\t\t\t\t\t\t\t\tdata-dim=\"w:auto,auto,auto,#2\/3#;\"\n\t\t\t\t\t\t\t\tdata-rsp_o=\"off\"\n\t\t\t\t\t\t\t\tdata-rsp_bd=\"off\"\n\t\t\t\t\t\t\t\tdata-frame_0=\"x:50px;\"\n\t\t\t\t\t\t\t\tdata-frame_1=\"e:power2.in;st:400;sp:700;sR:400;\"\n\t\t\t\t\t\t\t\tdata-frame_999=\"o:0;st:w;sR:7900;\"\n\t\t\t\t\t\t\t\tstyle=\"z-index:8;font-family:'Lora';\"\n\t\t\t\t\t\t\t>Aviso de privacidad \n\t\t\t\t\t\t\t<\/h3><!--\n\n\t\t\t\t\t\t\t--><a\n\t\t\t\t\t\t\t\tid=\"slider-3-slide-3-layer-10\" \n\t\t\t\t\t\t\t\tclass=\"rs-layer\"\n\t\t\t\t\t\t\t\thref=\"https:\/\/www.facebook.com\/daltilemx\" target=\"_blank\" rel=\"nofollow noopener\"\n\t\t\t\t\t\t\t\tdata-type=\"text\"\n\t\t\t\t\t\t\t\tdata-color=\"#000000\"\n\t\t\t\t\t\t\t\tdata-rsp_ch=\"on\"\n\t\t\t\t\t\t\t\tdata-xy=\"x:r,r,r,c;xo:195px,146px,78px,-20px;yo:65px,48px,25px,85px;\"\n\t\t\t\t\t\t\t\tdata-text=\"w:normal;s:38,28,15,25;l:45,33,17,40;\"\n\t\t\t\t\t\t\t\tdata-basealign=\"slide\"\n\t\t\t\t\t\t\t\tdata-frame_999=\"o:0;st:w;\"\n\t\t\t\t\t\t\t\tdata-frame_hover=\"c:#d63647;\"\n\t\t\t\t\t\t\t\tstyle=\"z-index:14;font-family:'Roboto';\"\n\t\t\t\t\t\t\t><i class=\"fa-brands fa-facebook-f\"><\/i> \n\t\t\t\t\t\t\t<\/a><!--\n\n\t\t\t\t\t\t\t--><a\n\t\t\t\t\t\t\t\tid=\"slider-3-slide-3-layer-11\" \n\t\t\t\t\t\t\t\tclass=\"rs-layer\"\n\t\t\t\t\t\t\t\thref=\"https:\/\/www.instagram.com\/DaltileMx\/\" target=\"_blank\" rel=\"nofollow noopener\"\n\t\t\t\t\t\t\t\tdata-type=\"text\"\n\t\t\t\t\t\t\t\tdata-color=\"#000000\"\n\t\t\t\t\t\t\t\tdata-rsp_ch=\"on\"\n\t\t\t\t\t\t\t\tdata-xy=\"x:r,r,r,c;xo:125px,93px,50px,20px;yo:65px,48px,25px,85px;\"\n\t\t\t\t\t\t\t\tdata-text=\"w:normal;s:45,33,17,25;l:45,33,17,40;\"\n\t\t\t\t\t\t\t\tdata-basealign=\"slide\"\n\t\t\t\t\t\t\t\tdata-frame_999=\"o:0;st:w;\"\n\t\t\t\t\t\t\t\tdata-frame_hover=\"c:#d63647;\"\n\t\t\t\t\t\t\t\tstyle=\"z-index:13;font-family:'Roboto';\"\n\t\t\t\t\t\t\t><i class=\"fa-brands fa-instagram\"><\/i> \n\t\t\t\t\t\t\t<\/a><!--\n-->\t\t\t\t\t\t<\/rs-slide>\n\t\t\t\t\t<\/rs-slides>\n\t\t\t\t<\/rs-module>\n\t\t\t\t<script>\n\t\t\t\t\tsetREVStartSize({c: 'rev_slider_3_1',rl:[1240,1024,778,480],el:[350,768,960,300],gw:[1920,1441,778,480],gh:[350,350,300,300],type:'hero',justify:'',layout:'fullwidth',mh:\"0\"});if (window.RS_MODULES!==undefined && window.RS_MODULES.modules!==undefined && window.RS_MODULES.modules[\"revslider31\"]!==undefined) {window.RS_MODULES.modules[\"revslider31\"].once = false;window.revapi3 = undefined;if (window.RS_MODULES.checkMinimal!==undefined) window.RS_MODULES.checkMinimal()}\n\t\t\t\t<\/script>\n\t\t\t<\/rs-module-wrap>\n\t\t\t<!-- END REVOLUTION SLIDER -->\n[\/vc_column][\/vc_row][vc_row full_width=\u00bbstretch_row_content\u00bb row_type=\u00bbrow\u00bb use_row_as_full_screen_section=\u00bbno\u00bb type=\u00bbgrid\u00bb angled_section=\u00bbno\u00bb text_align=\u00bbcenter\u00bb background_image_as_pattern=\u00bbwithout_pattern\u00bb anchor=\u00bbHome\u00bb padding_top=\u00bb15&#8243; z_index=\u00bb\u00bb css=\u00bb.vc_custom_1671122860895{padding-right: 5% !important;padding-left: 5% !important;}\u00bb el_id=\u00bbflipbook\u00bb][vc_column][vc_empty_space height=\u00bb5em\u00bb el_class=\u00bb.hide\u00bb][vc_column_text]<\/p>\n<p style=\"text-align: justify;\">Toda la informaci\u00f3n y datos personales que usted proporcione a <strong>Dal-Tile Mexico, S. de R. L. de C.V. (\u00ab<em>Daltile<\/em>\u00ab)<\/strong> ser\u00e1n recolectados y almacenados por <em><strong>Daltile<\/strong><\/em> con domicilio en <strong>Boulevard D\u00edaz Ordaz Km. 335 Monterrey, N. L., M\u00e9xico C.P.66230<\/strong>, con la finalidad de ofrecer a los clientes un bien o un servicio, realizar actividades de promoci\u00f3n o mercadeo en general, ofrecer informaci\u00f3n actualizada acerca de eventos, nuevos lanzamientos de productos y promociones de nuestros servicios.<\/p>\n<p style=\"text-align: justify;\"><em><strong>Daltile<\/strong><\/em> utilizar\u00e1 la informaci\u00f3n y datos personales que usted le proporcione, incluyendo de manera enunciativa m\u00e1s no limitativa, <em>su nombre, correo electr\u00f3nico, domicilio fiscal, tel\u00e9fono, registro federal de contribuyentes, referencias comerciales, copia de identificaci\u00f3n y comprobante de domicilio<\/em> \u00fanicamente para efectos de poder ofrecer a sus clientes los productos y servicios de conformidad con lo descrito en el p\u00e1rrafo anterior. Por lo anterior, la informaci\u00f3n y datos personales que usted proporcione a <em><strong>Daltile<\/strong><\/em> se almacenar\u00e1n en la Base de Datos de <em><strong>Daltile<\/strong><\/em> que podr\u00eda localizarse fuera del territorio Mexicano. A su vez <em><strong>Daltile<\/strong><\/em> en este acto manifiesta que los datos personales que sean recolectados de usted, podr\u00e1n ser transferidos a empresas que forman parte del mismo grupo de empresas que <em><strong>Daltile<\/strong><\/em> y a cualquier tercero con quien <em><strong>Daltile<\/strong><\/em> hubiese contratado servicios para el manejo de la Base de Datos para los fines indicados en el presente aviso.<\/p>\n<p style=\"text-align: justify;\"><em><strong>Daltile<\/strong><\/em> se compromete a cumplir con todo lo dispuesto por la <strong>Ley Federal de Protecci\u00f3n de Datos Personales en Posesi\u00f3n de los Particulares (la \u00ab<em>Ley de Protecci\u00f3n de Datos<\/em>\u00ab)<\/strong> y a observar en todo momento, los principios de licitud, consentimiento, informaci\u00f3n, calidad, finalidad, lealtad, proporcionalidad y responsabilidad contenidos en la misma.<\/p>\n<p style=\"text-align: justify;\">Para efectos de cualquier aclaraci\u00f3n, duda o solicitud conforme el presente aviso de privacidad y\/o el manejo de sus datos personales, favor de contactar al Departamento de Recursos Humanos, o bien a trav\u00e9s de correo electr\u00f3nico a: <a href=\"mailto:dtmprotecciondedatos@daltile.com.mx\">dtmprotecciondedatos@daltile.com.mx<\/a><\/p>\n<p style=\"text-align: justify;\">De conformidad con lo dispuesto por la <em><strong>Ley de Protecci\u00f3n de Datos<\/strong><\/em>, usted en todo momento tendr\u00e1 el derecho de solicitar a <em><strong>Daltile<\/strong><\/em>, el acceso, rectificaci\u00f3n, cancelaci\u00f3n y oposici\u00f3n a sus datos personales almacenados y utilizados por la misma, as\u00ed como para solicitar la limitaci\u00f3n uso o divulgaci\u00f3n de estos, para lo cual \u00fanicamente ser\u00e1 necesario que nos haga llegar dicha solicitud a trav\u00e9s de los medios indicados en el p\u00e1rrafo que antecede.<\/p>\n<p style=\"text-align: justify;\">En virtud de lo anterior, <em><strong>Daltile<\/strong><\/em> cumplir\u00e1 en todo momento a las solicitudes que en el ejercicio de sus derechos contenidos en la <em><strong>Ley de Protecci\u00f3n de Datos<\/strong><\/em> le haga llegar mediante un correo electr\u00f3nico.<\/p>\n<p style=\"text-align: justify;\"><em><strong>Daltile<\/strong><\/em> tomar\u00e1 medidas de seguridad organizacionales y t\u00e9cnicas razonables para prevenir la p\u00e9rdida, uso indebido, alteraci\u00f3n o divulgaci\u00f3n ilegal de la informaci\u00f3n y datos personales que nos llegase a proporcionar.<\/p>\n<p style=\"text-align: justify;\"><em><strong>Daltile<\/strong><\/em> hace hincapi\u00e9 en que todos los clientes deber\u00e1n aceptar la pol\u00edtica de privacidad para poder someter su informaci\u00f3n y datos personales a los procesos correspondientes.<\/p>\n<p style=\"text-align: justify;\">En caso de que por cualquier motivo <em><strong>Daltile<\/strong><\/em> llegase a realizar alg\u00fan cambio o modificaci\u00f3n al presente aviso de privacidad, dichos cambios le ser\u00e1n notificados a usted por <em><strong>Daltile<\/strong><\/em> a trav\u00e9s de un nuevo documento que incluir\u00e1 claramente los nuevos lineamientos de protecci\u00f3n de sus datos personales.<\/p>\n<p>[\/vc_column_text][vc_btn title=\u00bbRegresar\u00bb color=\u00bbblack\u00bb align=\u00bbcenter\u00bb i_icon_fontawesome=\u00bbfas fa-angle-double-left\u00bb add_icon=\u00bbtrue\u00bb link=\u00bburl:https%3A%2F%2Fclientes.desarrolloespacios.com%2Fdaltile%2F|title:Home\u00bb][vc_empty_space height=\u00bb2em\u00bb][\/vc_column][\/vc_row][vc_row full_width=\u00bbstretch_row_content_no_spaces\u00bb equal_height=\u00bbyes\u00bb content_placement=\u00bbmiddle\u00bb css=\u00bb.vc_custom_1670986369511{margin-top: 0px !important;margin-right: 0px !important;margin-bottom: 0px !important;margin-left: 0px !important;padding-right: 5% !important;padding-left: 5% !important;background-color: #000000 !important;}\u00bb][vc_column][vc_row_inner el_class=\u00bbcustom_footer\u00bb css=\u00bb.vc_custom_1670986453564{padding: 0px !important;}\u00bb][vc_column_inner width=\u00bb1\/2&#8243;][vc_column_text el_class=\u00bb.font-mont\u00bb]\u00a9 Copyright 2022 Daltile | Todos los derechos reservados[\/vc_column_text][\/vc_column_inner][vc_column_inner width=\u00bb1\/2&#8243;][vc_column_text el_class=\u00bb.font-mont\u00bb]<\/p>\n<p style=\"text-align: right;\"><a href=\"https:\/\/webs.elegot.com\/s\/catalogo-daltile\/politica-privacidad\/\">Aviso de privacidad<\/a><\/p>\n<p>[\/vc_column_text][\/vc_column_inner][\/vc_row_inner][\/vc_column][\/vc_row]<\/p>\n<\/section>","protected":false},"excerpt":{"rendered":"<p>[vc_row][vc_column][\/vc_column][\/vc_row][vc_row full_width=\u00bbstretch_row_content\u00bb row_type=\u00bbrow\u00bb use_row_as_full_screen_section=\u00bbno\u00bb type=\u00bbgrid\u00bb angled_section=\u00bbno\u00bb text_align=\u00bbcenter\u00bb background_image_as_pattern=\u00bbwithout_pattern\u00bb anchor=\u00bbHome\u00bb padding_top=\u00bb15&#8243; z_index=\u00bb\u00bb css=\u00bb.vc_custom_1671122860895{padding-right: 5% !important;padding-left: 5% !important;}\u00bb el_id=\u00bbflipbook\u00bb][vc_column][vc_empty_space height=\u00bb5em\u00bb el_class=\u00bb.hide\u00bb][vc_column_text] Toda la informaci\u00f3n y datos personales que usted proporcione a Dal-Tile Mexico, S. de R. L. de C.V. (\u00abDaltile\u00ab) ser\u00e1n recolectados y almacenados por Daltile con domicilio en Boulevard D\u00edaz Ordaz Km. 335 Monterrey, N. L., [&hellip;]<\/p>\n","protected":false},"author":4,"featured_media":0,"parent":0,"menu_order":0,"comment_status":"closed","ping_status":"open","template":"blank","meta":{"footnotes":""},"class_list":["post-3","page","type-page","status-publish","hentry"],"_links":{"self":[{"href":"https:\/\/webs.elegot.com\/s\/catalogo-daltile\/wp-json\/wp\/v2\/pages\/3","targetHints":{"allow":["GET"]}}],"collection":[{"href":"https:\/\/webs.elegot.com\/s\/catalogo-daltile\/wp-json\/wp\/v2\/pages"}],"about":[{"href":"https:\/\/webs.elegot.com\/s\/catalogo-daltile\/wp-json\/wp\/v2\/types\/page"}],"author":[{"embeddable":true,"href":"https:\/\/webs.elegot.com\/s\/catalogo-daltile\/wp-json\/wp\/v2\/users\/4"}],"replies":[{"embeddable":true,"href":"https:\/\/webs.elegot.com\/s\/catalogo-daltile\/wp-json\/wp\/v2\/comments?post=3"}],"version-history":[{"count":6,"href":"https:\/\/webs.elegot.com\/s\/catalogo-daltile\/wp-json\/wp\/v2\/pages\/3\/revisions"}],"predecessor-version":[{"id":347,"href":"https:\/\/webs.elegot.com\/s\/catalogo-daltile\/wp-json\/wp\/v2\/pages\/3\/revisions\/347"}],"wp:attachment":[{"href":"https:\/\/webs.elegot.com\/s\/catalogo-daltile\/wp-json\/wp\/v2\/media?parent=3"}],"curies":[{"name":"wp","href":"https:\/\/api.w.org\/{rel}","templated":true}]}}