{"id":91,"date":"2024-10-03T13:31:26","date_gmt":"2024-10-03T13:31:26","guid":{"rendered":"https:\/\/webs.elegot.com\/s\/bethanyretreatcenter2\/contact-us-i\/"},"modified":"2024-10-07T15:40:21","modified_gmt":"2024-10-07T15:40:21","slug":"contacto","status":"publish","type":"page","link":"https:\/\/webs.elegot.com\/s\/bethanyretreatcenter\/contacto\/","title":{"rendered":"Contacto"},"content":{"rendered":"<section class=\"wpb-content-wrapper\"><p>[vc_row fixed_width=&#8221;true&#8221; css=&#8221;.vc_custom_1728315601605{margin-top: 50px !important;margin-bottom: 50px !important;}&#8221;][vc_column width=&#8221;1\/2&#8243;][vc_raw_html]JTVCZWxlbWVudG9yLXRlbXBsYXRlJTIwaWQlM0QlMjI0MDElMjIlNUQ=[\/vc_raw_html][\/vc_column][vc_column width=&#8221;1\/2&#8243;]<h3 class=\"sohohotel-title-35px sohohotel-clearfix sohohotel-title-left\">Cont\u00e1ctanos<\/h3>[vc_column_text]En Bethany Retreat Center, te ofrecemos una experiencia \u00fanica y enriquecedora. Desde tu primer contacto hasta despu\u00e9s de tu visita, estamos aqu\u00ed para asegurar que tu estancia sea inolvidable. Si tienes preguntas o necesitas informaci\u00f3n, env\u00edanos un mensaje. Nuestro equipo estar\u00e1 encantado de ayudarte y responder lo antes posible. Sum\u00e9rgete en la tranquilidad y el rejuvenecimiento que te esperan.[\/vc_column_text][vc_empty_space height=&#8221;35px&#8221;]<h3 class=\"sohohotel-title-20px sohohotel-clearfix sohohotel-title-left\">Detalles de Contacto<\/h3><ul class=\"sohohotel-contact-details-list\"><li class=\"sohohotel-address clearfix\">10601 SW CR 3100 Purdon TX 76679<\/li><li class=\"sohohotel-phone clearfix\"><a href=\"tel:+12147949545\">+1 214 794 9545<\/a><\/li><li class=\"sohohotel-email clearfix\"><a href=\"mailto:reservas@bethanyretreatcenter.com\">reservas@bethanyretreatcenter.com<\/a><\/li><\/ul><h3 class=\"sohohotel-title-20px sohohotel-clearfix sohohotel-title-left\">S\u00edguenos<\/h3><div class=\"sohohotel-social-links sohohotel-clearfix\"><a href=\"#\" target=\"_blank\"><i class=\"fab fa-facebook-f\"><\/i><\/a><a href=\"#\" target=\"_blank\"><i class=\"fab fa-instagram\"><\/i><\/a><a href=\"#\" target=\"_blank\"><i class=\"fab fa-twitter\"><\/i><\/a><a href=\"#\" target=\"_blank\"><i class=\"fab fa-youtube\"><\/i><\/a><a href=\"#\" target=\"_blank\"><i class=\"fab fa-tripadvisor\"><\/i><\/a><\/div>[vc_empty_space height=&#8221;70px&#8221;][\/vc_column][\/vc_row]<\/p>\n<\/section>","protected":false},"excerpt":{"rendered":"<p>[vc_row fixed_width=&#8221;true&#8221; css=&#8221;.vc_custom_1728315601605{margin-top: 50px !important;margin-bottom: 50px !important;}&#8221;][vc_column width=&#8221;1\/2&#8243;][vc_raw_html]JTVCZWxlbWVudG9yLXRlbXBsYXRlJTIwaWQlM0QlMjI0MDElMjIlNUQ=[\/vc_raw_html][\/vc_column][vc_column width=&#8221;1\/2&#8243;][vc_column_text]En Bethany Retreat Center, te ofrecemos una experiencia \u00fanica y enriquecedora. Desde tu primer contacto hasta despu\u00e9s de tu visita, estamos aqu\u00ed para asegurar que tu estancia sea inolvidable. Si tienes preguntas o necesitas informaci\u00f3n, env\u00edanos un mensaje. Nuestro equipo estar\u00e1 encantado de ayudarte y responder lo<\/p>\n<a href=\"https:\/\/webs.elegot.com\/s\/bethanyretreatcenter\/contacto\/\" class=\"sohohotel-more-link\">Read More<\/a>","protected":false},"author":2,"featured_media":0,"parent":0,"menu_order":0,"comment_status":"closed","ping_status":"closed","template":"","meta":{"footnotes":""},"class_list":["post-91","page","type-page","status-publish","hentry"],"_links":{"self":[{"href":"https:\/\/webs.elegot.com\/s\/bethanyretreatcenter\/wp-json\/wp\/v2\/pages\/91","targetHints":{"allow":["GET"]}}],"collection":[{"href":"https:\/\/webs.elegot.com\/s\/bethanyretreatcenter\/wp-json\/wp\/v2\/pages"}],"about":[{"href":"https:\/\/webs.elegot.com\/s\/bethanyretreatcenter\/wp-json\/wp\/v2\/types\/page"}],"author":[{"embeddable":true,"href":"https:\/\/webs.elegot.com\/s\/bethanyretreatcenter\/wp-json\/wp\/v2\/users\/2"}],"replies":[{"embeddable":true,"href":"https:\/\/webs.elegot.com\/s\/bethanyretreatcenter\/wp-json\/wp\/v2\/comments?post=91"}],"version-history":[{"count":8,"href":"https:\/\/webs.elegot.com\/s\/bethanyretreatcenter\/wp-json\/wp\/v2\/pages\/91\/revisions"}],"predecessor-version":[{"id":529,"href":"https:\/\/webs.elegot.com\/s\/bethanyretreatcenter\/wp-json\/wp\/v2\/pages\/91\/revisions\/529"}],"wp:attachment":[{"href":"https:\/\/webs.elegot.com\/s\/bethanyretreatcenter\/wp-json\/wp\/v2\/media?parent=91"}],"curies":[{"name":"wp","href":"https:\/\/api.w.org\/{rel}","templated":true}]}}