{"id":894,"date":"2024-09-10T08:13:07","date_gmt":"2024-09-10T08:13:07","guid":{"rendered":"https:\/\/aymtel.net\/?page_id=894"},"modified":"2024-09-10T08:58:37","modified_gmt":"2024-09-10T08:58:37","slug":"politica-de-privacidad","status":"publish","type":"page","link":"https:\/\/webs.elegot.com\/s\/aymtel\/politica-de-privacidad\/","title":{"rendered":"Pol\u00edtica de Privacidad"},"content":{"rendered":"\t\t<div data-elementor-type=\"wp-page\" data-elementor-id=\"894\" class=\"elementor elementor-894\" data-elementor-post-type=\"page\">\n\t\t\t\t<div class=\"elementor-element elementor-element-4367060 e-flex e-con-boxed e-con e-parent\" data-id=\"4367060\" data-element_type=\"container\" data-settings=\"{&quot;background_background&quot;:&quot;classic&quot;}\">\n\t\t\t\t\t<div class=\"e-con-inner\">\n\t\t\t\t<div class=\"elementor-element elementor-element-2ead6ed elementor-widget elementor-widget-heading\" data-id=\"2ead6ed\" data-element_type=\"widget\" data-widget_type=\"heading.default\">\n\t\t\t\t<div class=\"elementor-widget-container\">\n\t\t\t<style>\/*! elementor - v3.23.0 - 05-08-2024 *\/\n.elementor-heading-title{padding:0;margin:0;line-height:1}.elementor-widget-heading .elementor-heading-title[class*=elementor-size-]>a{color:inherit;font-size:inherit;line-height:inherit}.elementor-widget-heading .elementor-heading-title.elementor-size-small{font-size:15px}.elementor-widget-heading .elementor-heading-title.elementor-size-medium{font-size:19px}.elementor-widget-heading .elementor-heading-title.elementor-size-large{font-size:29px}.elementor-widget-heading .elementor-heading-title.elementor-size-xl{font-size:39px}.elementor-widget-heading .elementor-heading-title.elementor-size-xxl{font-size:59px}<\/style><h2 class=\"elementor-heading-title elementor-size-default\">Pol\u00edtica de Privacidad<\/h2>\t\t<\/div>\n\t\t\t\t<\/div>\n\t\t\t\t\t<\/div>\n\t\t\t\t<\/div>\n\t\t<div class=\"elementor-element elementor-element-ee42ee4 e-flex e-con-boxed e-con e-parent\" data-id=\"ee42ee4\" data-element_type=\"container\">\n\t\t\t\t\t<div class=\"e-con-inner\">\n\t\t\t\t<div class=\"elementor-element elementor-element-5fa86f7 elementor-widget__width-inherit elementor-widget elementor-widget-text-editor\" data-id=\"5fa86f7\" data-element_type=\"widget\" data-widget_type=\"text-editor.default\">\n\t\t\t\t<div class=\"elementor-widget-container\">\n\t\t\t<style>\/*! elementor - v3.23.0 - 05-08-2024 *\/\n.elementor-widget-text-editor.elementor-drop-cap-view-stacked .elementor-drop-cap{background-color:#69727d;color:#fff}.elementor-widget-text-editor.elementor-drop-cap-view-framed .elementor-drop-cap{color:#69727d;border:3px solid;background-color:transparent}.elementor-widget-text-editor:not(.elementor-drop-cap-view-default) .elementor-drop-cap{margin-top:8px}.elementor-widget-text-editor:not(.elementor-drop-cap-view-default) .elementor-drop-cap-letter{width:1em;height:1em}.elementor-widget-text-editor .elementor-drop-cap{float:left;text-align:center;line-height:1;font-size:50px}.elementor-widget-text-editor .elementor-drop-cap-letter{display:inline-block}<\/style>\t\t\t\t<h1><b>AVISO DE PRIVACIDAD ACTUALIZADO AL D\u00cdA: 10\/09\/24<\/b><\/h1><h1><b>1. DATOS DE EL RESPONSABLE:<\/b><\/h1><p><b>Alejandro Mijangos Alcocer <\/b><span style=\"font-weight: 400;\">(EN LO SUCESIVO \u201cEL RESPONSABLE\u201d), con domicilio ubicado en: SAN RAFAEL COMAC, PUEBLA, es el responsable del tratamiento de los datos personales que nos proporcione, los cuales ser\u00e1n protegidos conforme a lo dispuesto por la Ley Federal de Protecci\u00f3n de Datos Personales en Posesi\u00f3n de los Particulares y dem\u00e1s normatividad que resulte aplicable. *Referencias del domicilio en donde se dar\u00e1 tratamiento a los datos personales: El inmueble se encuentra ubicado CALLE 17 PONIENTE CON CALLE 7 SUR N\u00daMERO 519<\/span><\/p><ol start=\"2\"><li><b> FINALIDAD DEL TRATAMIENTO DE LOS DATOS PERSONALES:<\/b><\/li><\/ol><p><span style=\"font-weight: 400;\">Los datos personales que solicitamos los utilizaremos para FINES COMERCIALES, EN EL ESTABLECIMIENTO DENOMINADO<\/span><b> \u201cAYM TELEF\u00d3NICA Y COMUNICACI\u00d3N\u201d.<\/b><\/p><p><b>2.1 DATOS PERSONALES QUE SE RECABAN:<\/b><\/p><p><span style=\"font-weight: 400;\">Para llevar a cabo las finalidades descritas en el presente aviso de privacidad, <\/span><b>Alejandro Mijangos Alcocer<\/b><span style=\"font-weight: 400;\"> solicitar\u00e1 de el TITULAR, \u00fanica y exclusivamente aquellos datos considerados como personales que se estimen necesarios para el cumplimiento de la actividad CON FINES COMERCIALES a realizar, mismos que podr\u00e1n ser los siguientes:<\/span><\/p><ol><li><span style=\"font-weight: 400;\">a) Nombre(s) y Apellido(s);<\/span><span style=\"font-weight: 400;\"><br \/><\/span><span style=\"font-weight: 400;\">b) Edad;<\/span><span style=\"font-weight: 400;\"><br \/><\/span><span style=\"font-weight: 400;\">c) Sexo;<\/span><span style=\"font-weight: 400;\"><br \/><\/span><span style=\"font-weight: 400;\">d) Estado Civil;<\/span><span style=\"font-weight: 400;\"><br \/><\/span><span style=\"font-weight: 400;\">e) Domicilio;<\/span><span style=\"font-weight: 400;\"><br \/><\/span><span style=\"font-weight: 400;\">f) Tel\u00e9fono particular;<\/span><span style=\"font-weight: 400;\"><br \/><\/span><span style=\"font-weight: 400;\">g) Tel\u00e9fono celular;<\/span><span style=\"font-weight: 400;\"><br \/><\/span><span style=\"font-weight: 400;\">h) Correo electr\u00f3nico, y<\/span><span style=\"font-weight: 400;\"><br \/><\/span><span style=\"font-weight: 400;\">i) Fecha de nacimiento.<\/span><span style=\"font-weight: 400;\"><br \/><\/span><span style=\"font-weight: 400;\">j) RFC.<\/span><span style=\"font-weight: 400;\"><br \/><\/span><span style=\"font-weight: 400;\">k) CURP.<\/span><span style=\"font-weight: 400;\"><br \/><\/span><span style=\"font-weight: 400;\">l) Otro tipo de informaci\u00f3n espec\u00edfica, de acuerdo a las necesidades de las diferentes \u00e1reas y conforme a los fines de la organizaci\u00f3n.<\/span><\/li><li><b> OPCIONES Y MEDIOS PARA LIMITAR EL USO O DIVULGACI\u00d3N DE LOS DATOS PERSONALES:<\/b><\/li><\/ol><p><span style=\"font-weight: 400;\">Para limitar el uso y divulgaci\u00f3n de su informaci\u00f3n, as\u00ed como para revocar el consent<\/span><span style=\"font-weight: 400;\">imiento al tratamiento de sus datos, deber\u00e1 enviarnos un correo electr\u00f3nico a la siguiente direcci\u00f3n: <\/span><a href=\"mailto:amijangosa@icloud.com\"><b>amijangosa@icloud.com<\/b><\/a><b>\u00a0<\/b><\/p><p><b>3.1 DERECHO A LA REVOCACI\u00d3N DEL CONSENTIMIENTO PARA EL USO DE SUS DATOS PERSONALES:<\/b><\/p><p><span style=\"font-weight: 400;\">El TITULAR puede revocar el consentimiento que, en su caso, haya otorgado para el tratamiento de sus datos personales. Sin embargo, es importante que se considere que no en todos los casos existir\u00e1 la posibilidad de atender su solicitud o concluir el uso de forma inmediata, ya que es posible que por alguna obligaci\u00f3n legal requiramos seguir tratando sus Datos Personales (solicitudes de autoridad competente). Para el ejercicio de dicho derecho el TITULAR deber\u00e1 enviar un correo. El correo deber\u00e1 ir acompa\u00f1ado de una copia simple de un documento oficial que acredite la identidad de el TITULAR e incluir una descripci\u00f3n clara y precisa de los Datos Personales respecto de los cuales ejercitar\u00e1 cualquiera de los derechos que le confiere la Ley, as\u00ed mismo deber\u00e1 proporcionar un correo electr\u00f3nico, n\u00famero telef\u00f3nico y direcci\u00f3n para o\u00edr y recibir notificaciones a fin de comunicarle la respuesta a su petici\u00f3n y cualquier otra informaci\u00f3n que facilite la b\u00fasqueda y localizaci\u00f3n de sus datos para los fines requeridos.<\/span><\/p><ol start=\"4\"><li><b> DERECHO AL ACCESO, RECTIFICACI\u00d3N, CANCELACI\u00d3N Y OPOSICI\u00d3N DE SUS DATOS PERSONALES (DERECHOS ARCO):<\/b><\/li><\/ol><p><span style=\"font-weight: 400;\">El TITULAR, tiene derecho de acceder a sus datos personales que obren en posesi\u00f3n del responsable, as\u00ed como conocer la informaci\u00f3n relacionada con las condiciones y generalidades de su tratamiento (Acceso). Asimismo, es su derecho solicitar la correcci\u00f3n de su informaci\u00f3n personal en caso de que est\u00e9 desactualizada, sea inexacta o incompleta (Rectificaci\u00f3n); que la eliminemos de nuestros registros o bases de datos cuando considere que la misma no est\u00e9 siendo utilizada adecuadamente (Cancelaci\u00f3n); as\u00ed como oponerse al uso de sus datos personales para fines espec\u00edficos (Oposici\u00f3n).<\/span><\/p><p><span style=\"font-weight: 400;\">Si el TITULAR desea acceder, rectificar, cancelar u oponerse al uso de sus Datos Personales podr\u00e1 ejercer de manera gratuita y en cualquier momento su derecho de acceso, rectificaci\u00f3n, cancelaci\u00f3n u oposici\u00f3n de sus Datos Personales (Derechos ARCO estipulados en Ley General de Protecci\u00f3n de Datos Personales en Posesi\u00f3n de los Particulares, por el siguiente medio:<\/span><\/p><p><span style=\"font-weight: 400;\">Para el ejercicio de dichos Derechos ARCO el TITULAR podr\u00e1 enviar un correo electr\u00f3nico a <\/span><span style=\"font-weight: 400;\">la siguiente direcci\u00f3n: <\/span><a href=\"mailto:amijangosa@icloud.com\"><b>amijangosa@icloud.com<\/b><\/a><b>\u00a0<\/b><\/p><ol><li><span style=\"font-weight: 400;\">a) El correo deber\u00e1 ir acompa\u00f1ado de una copia simple de un documento oficial que acredite la identidad de el TITULAR e incluir una descripci\u00f3n clara y precisa de los Datos Personales respecto de los cuales ejercitar\u00e1 cualquiera de los derechos que le confiere la Ley, as\u00ed mismo deber\u00e1 proporcionar un correo electr\u00f3nico, n\u00famero telef\u00f3nico y direcci\u00f3n para o\u00edr y recibir notificaciones a fin de comunicarle la respuesta a su petici\u00f3n y cualquier otra informaci\u00f3n que facilite la b\u00fasqueda y localizaci\u00f3n de sus datos para los fines requeridos.<\/span><\/li><\/ol><p><span style=\"font-weight: 400;\">EL RESPONSABLE tendr\u00e1 un plazo de m\u00e1ximo (20) veinte d\u00edas h\u00e1biles contados a partir de la fecha en que se reciba la solicitud de el Titular para informar sobre la procedencia de su solicitud, en caso afirmativo se atender\u00e1 lo solicitado en un plazo no mayor a quince d\u00edas h\u00e1biles siguientes a la fecha de la que se acepte la procedencia de la solicitud llevada a cabo.<\/span><\/p><p><span style=\"font-weight: 400;\">EL RESPONSABLE, podr\u00e1 negar el acceso total o parcial de los Datos Personales o a la realizaci\u00f3n de cualquier tipo de rectificaci\u00f3n, cancelaci\u00f3n u oposici\u00f3n al tratamiento de los mismos, cuando se encuentre dentro de los supuestos enmarcados en el art\u00edculo 34 de la Ley Federal de Protecci\u00f3n de Datos Personales en Posesi\u00f3n de los Particulares(1).<\/span><\/p><ol start=\"5\"><li><b> TRANSFERENCIA DE DATOS:<\/b><\/li><\/ol><p><span style=\"font-weight: 400;\">EL RESPONSABLE garantiza que los Datos Personales que recabe u obtenga de el TITULAR ser\u00e1n utilizados \u00fanica y exclusivamente para los fines mencionados en el presente aviso de privacidad, que dicha informaci\u00f3n no estar\u00e1 al alcance ni se podr\u00e1 acceder a ella por personas ajenas a los procesos mencionados y que estar\u00e1n protegidos con las medidas de seguridad f\u00edsicas, administrativas, t\u00e9cnicas y tecnol\u00f3gicas suficientes para su protecci\u00f3n y confidencialidad.<\/span><\/p><p><span style=\"font-weight: 400;\">\u201cArt\u00edculo 34.- El responsable podr\u00e1 negar el acceso a los datos personales, o a realizar la rectificaci\u00f3n o cancelaci\u00f3n o conceder la oposici\u00f3n al tratamiento de los mismos, en los siguientes supuestos: I. Cuando el solicitante no sea el titular de los datos personales, o el representante legal no est\u00e9 debidamente acreditado para ello; II. Cuando en su base de datos, no se encuentren los datos personales del solicitante; III. Cuando se lesionen los derechos de un tercero; IV. Cuando exista un impedimento legal, o la resoluci\u00f3n de una autoridad competente, que restrinja el acceso a los datos personales, o no permita la rectificaci\u00f3n, cancelaci\u00f3n u oposici\u00f3n de los mismos, y V. Cuando la rectificaci\u00f3n, cancelaci\u00f3n u oposici\u00f3n haya sido previamente realizada\u2026 La negativa a que se refiere este art\u00edculo podr\u00e1 ser parcial en cuyo caso el responsable efectuar\u00e1 el acceso, rectificaci\u00f3n, cancelaci\u00f3n u oposici\u00f3n requerida por el titular\u2026En todos los casos anteriores, el responsable deber\u00e1 informar el motivo de su decisi\u00f3n y comunicarla a el titular, o en su caso, al representante legal, en los plazos establecidos para tal efecto, por el mismo medio por el que se llev\u00f3 a cabo la solicitud, acompa\u00f1ando, en su caso, las pruebas que resulten pertinentes\u201d.<\/span><\/p><p><span style=\"font-weight: 400;\">EL RESPONSABLE se compromete a NO transferir sus Datos Personales a ning\u00fan tercero sin el consentimiento de el TITULAR, salvo las excepciones previstas en el art\u00edculo 37 de la Ley Federal de Protecci\u00f3n de Datos Personales en Posesi\u00f3n de los Particulares(2), as\u00ed como a realizar esta transferencia con apego a los t\u00e9rminos que fija dicha Ley.<\/span><\/p><ol start=\"6\"><li><b> MODIFICACIONES AL AVISO DE PRIVACIDAD:<\/b><\/li><\/ol><p><span style=\"font-weight: 400;\">El presente Aviso de Privacidad puede sufrir modificaciones, cambios o actualizaciones derivadas de nuevos requerimientos legales; de las propias necesidades; o bien de las pr\u00e1cticas de privacidad, o por otras causas. EL RESPONSABLE se reserva el derecho de efectuar en cualquier momento dichas modificaciones.<\/span><\/p><p><span style=\"font-weight: 400;\">De efectuarse alguna(s) modificaci\u00f3n(es) al presente Aviso de Privacidad, la(s) dar\u00e1 a conocer a trav\u00e9s de la p\u00e1gina de internet a efecto de enterar a el TITULAR de las modificaciones realizadas.<\/span><\/p><ol start=\"7\"><li><b> INFORMACI\u00d3N DE DATOS SENSIBLES:<\/b><\/li><\/ol><p><span style=\"font-weight: 400;\">Se informa que NO se solicitar\u00e1n datos personales sensibles.<\/span><\/p><ol start=\"8\"><li><b> UTILIZACI\u00d3N DE \u201cWEB COOKIES\u201d:<\/b><\/li><\/ol><p><span style=\"font-weight: 400;\">Las cookies son archivos de texto que son descargados autom\u00e1ticamente y almacenados en el disco duro del equipo de c\u00f3mputo del usuario al navegar en una p\u00e1gina de Internet espec\u00edfica, que permiten recordar al servidor de Internet algunos datos sobre este usuario, entre ellos, sus preferencias para la visualizaci\u00f3n de las p\u00e1ginas en ese servidor, nombre y contrase\u00f1a.<\/span><\/p><p><span style=\"font-weight: 400;\">Le informamos que utilizamos cookies para obtener informaci\u00f3n personal de usted, como su tipo de navegador y sistema operativo; las p\u00e1ginas de Internet que visita; los v\u00ednculos que sigue; la direcci\u00f3n IP; el sitio que visit\u00f3 antes de entrar al nuestro, entre otros. Estas cookies y otras tecnolog\u00edas pueden ser deshabilitadas. Para conocer c\u00f3mo hacerlo, consulte su explorador de internet.<\/span><\/p><p><span style=\"font-weight: 400;\">Asimismo, obtenemos informaci\u00f3n de usted por otros medios permitidos por la ley. La informaci\u00f3n as\u00ed obtenida se rige bajo las presentes pol\u00edticas de privacidad.<\/span><\/p><ol start=\"9\"><li><b> AUTORIDAD COMPETENTE:<\/b><\/li><\/ol><p><span style=\"font-weight: 400;\">Si el usuario considera que han sido vulnerados sus derechos respecto de la protecci\u00f3n de datos personales, tiene el derecho de acudir a la autoridad correspondiente para defender su ejercicio. La autoridad es el Instituto Nacional de Transparencia, Acceso a la Informaci\u00f3n y Protecci\u00f3n de Datos Personales (INAI); su sitio web es: http:\/\/inicio.inai.org.mx\/SitePages\/ifai.aspx.<\/span><\/p><ol start=\"10\"><li><b> DATOS DE CONTACTO DE EL RESPONSABLE DEL TRATAMIENTO DE LOS DATOS PERSONALES:<\/b><\/li><\/ol><p><span style=\"font-weight: 400;\">EL RESPONSABLE se\u00f1ala que los datos de contacto para los efectos del presente aviso de privacidad son:<\/span><\/p><p><b>Responsable: <\/b><span style=\"font-weight: 400;\">Alejandro Mijangos Alcocer<\/span><\/p><p><b>Domicilio: <\/b><span style=\"font-weight: 400;\">CALLE 17 PONIENTE CON CALLE 7 SUR N\u00daMERO 519, SAN RAFAEL COMAC, PUEBLA\u00a0<\/span><\/p><p><b>Tel\u00e9fono: <\/b><span style=\"font-weight: 400;\">2211656367<\/span><\/p><p><b>Correo electr\u00f3nico:<\/b> <a href=\"mailto:amijangosa@icloud.com\"><span style=\"font-weight: 400;\">amijangosa@icloud.com<\/span><\/a><span style=\"font-weight: 400;\">\u00a0<\/span><\/p><p><span style=\"font-weight: 400;\">\u201cArt\u00edculo 37.- Las transferencias nacionales o internacionales de datos podr\u00e1n llevarse a cabo sin el consentimiento de el titular cuando se d\u00e9 alguno de los siguientes supuestos: I. Cuando la transferencia est\u00e9 prevista en una Ley o Tratado en los que M\u00e9xico sea parte; II. Cuando la transferencia sea necesaria para la prevenci\u00f3n o el diagn\u00f3stico m\u00e9dico, la prestaci\u00f3n de asistencia sanitaria, tratamiento m\u00e9dico o la gesti\u00f3n de servicios sanitarios; III. Cuando la transferencia sea efectuada a sociedades controladoras, subsidiarias o afiliadas bajo el control com\u00fan de el responsable, o a una sociedad matriz o a cualquier sociedad del mismo grupo del responsable que opere bajo los mismos procesos y pol\u00edticas internas; IV. Cuando la transferencia sea necesaria por virtud de un contrato celebrado o por celebrar en inter\u00e9s de el titular, por el responsable y un tercero; V. Cuando la transferencia sea necesaria o legalmente exigida para la salvaguarda de un inter\u00e9s p\u00fablico, o para la procuraci\u00f3n o administraci\u00f3n de justicia; VI. Cuando la transferencia sea precisa para el reconocimiento, ejercicio o defensa de un derecho en un proceso judicial, y VII. Cuando la transferencia sea precisa para el mantenimiento o cumplimiento de una relaci\u00f3n jur\u00eddica entre el responsable y el titular.\u201d<\/span><\/p><p><span style=\"font-weight: 400;\">P\u00e1gina Web: <\/span><span style=\"font-weight: 400;\">www<\/span><a href=\"http:\/\/www.xxxxxxxxxxxx\"><span style=\"font-weight: 400;\">.<\/span><\/a><span style=\"font-weight: 400;\">aymtel.net <\/span><span style=\"font-weight: 400;\">\u00a0\u00a0\u00a0<\/span><\/p><h1><br \/><br \/><\/h1>\t\t\t\t\t\t<\/div>\n\t\t\t\t<\/div>\n\t\t\t\t\t<\/div>\n\t\t\t\t<\/div>\n\t\t\t\t<\/div>\n\t\t","protected":false},"excerpt":{"rendered":"<p>Pol\u00edtica de Privacidad AVISO DE PRIVACIDAD ACTUALIZADO AL D\u00cdA: 10\/09\/24 1. DATOS DE EL RESPONSABLE: Alejandro Mijangos Alcocer (EN LO SUCESIVO \u201cEL RESPONSABLE\u201d), con domicilio ubicado en: SAN RAFAEL COMAC, PUEBLA, es el responsable del tratamiento de los datos personales que nos proporcione, los cuales ser\u00e1n protegidos conforme a lo dispuesto por la Ley Federal [&hellip;]<\/p>\n","protected":false},"author":2,"featured_media":897,"parent":0,"menu_order":0,"comment_status":"closed","ping_status":"closed","template":"elementor_header_footer","meta":{"footnotes":""},"class_list":["post-894","page","type-page","status-publish","has-post-thumbnail","hentry"],"_links":{"self":[{"href":"https:\/\/webs.elegot.com\/s\/aymtel\/wp-json\/wp\/v2\/pages\/894","targetHints":{"allow":["GET"]}}],"collection":[{"href":"https:\/\/webs.elegot.com\/s\/aymtel\/wp-json\/wp\/v2\/pages"}],"about":[{"href":"https:\/\/webs.elegot.com\/s\/aymtel\/wp-json\/wp\/v2\/types\/page"}],"author":[{"embeddable":true,"href":"https:\/\/webs.elegot.com\/s\/aymtel\/wp-json\/wp\/v2\/users\/2"}],"replies":[{"embeddable":true,"href":"https:\/\/webs.elegot.com\/s\/aymtel\/wp-json\/wp\/v2\/comments?post=894"}],"version-history":[{"count":10,"href":"https:\/\/webs.elegot.com\/s\/aymtel\/wp-json\/wp\/v2\/pages\/894\/revisions"}],"predecessor-version":[{"id":910,"href":"https:\/\/webs.elegot.com\/s\/aymtel\/wp-json\/wp\/v2\/pages\/894\/revisions\/910"}],"wp:featuredmedia":[{"embeddable":true,"href":"https:\/\/webs.elegot.com\/s\/aymtel\/wp-json\/wp\/v2\/media\/897"}],"wp:attachment":[{"href":"https:\/\/webs.elegot.com\/s\/aymtel\/wp-json\/wp\/v2\/media?parent=894"}],"curies":[{"name":"wp","href":"https:\/\/api.w.org\/{rel}","templated":true}]}}